{"id":15,"date":"2016-07-12T10:12:08","date_gmt":"2016-07-12T10:12:08","guid":{"rendered":"http:\/\/finance.bold-themes.com\/main-demo\/?page_id=15"},"modified":"2024-10-17T11:38:06","modified_gmt":"2024-10-17T11:38:06","slug":"about-us","status":"publish","type":"page","link":"https:\/\/www.burdurtb.org.tr\/tr\/about-us\/","title":{"rendered":"About us"},"content":{"rendered":"<section id=\"bt_section69e9dcbc47c30\"  class=\"boldSection btDarkSkin inherit\" style=\"background-color: transparent;\"><div class=\"port\"><div class=\"boldCell\"><div class=\"boldCellInner\"><div class=\"boldRow \" ><div class=\"boldRowInner\"><div class=\"rowItem col-md-12 col-ms-12  btTextLeft animate animate-fadein inherit\"  data-width=\"12\"><div class=\"rowItemContent\" ><div class=\" btCarouselSmallNav boldClientList btNoPadding btNextToSlidesArrow\"><div class=\"bclPort\" data-slides=\"6\" data-slick='{\"pauseOnHover\":true,\"pauseOnDotsHover\":true,\"autoplay\":true,\"autoplaySpeed\":2000}' data-rtl=\"no\"><div class=\"bclItem \"><div class=\"bclItemChild\"><div class=\"bclItemChildContent\"><div class=\"btSinglePostTemplate  smallTemplate  backgroundImagePosition image_size__medium_large__\">\r\n\t\r\n\t<div class=\"btPostImageHolder\">\r\n\t\t\t\t\t<div class=\"btSinglePostBackgroundImage\" style=\"background-image:url(); \"><a href=\"https:\/\/www.burdurtb.org.tr\/tr\/2026\/04\/22\/22-04-2026-gunluk-bulten\/\"><\/a><\/div>\r\n\t\t\t\t\t\t\t\r\n\t\t\t\t<div class=\"btSinglePostTopMetaData\">\r\n\t\t\t<div class=\"btSinglePostFormat\"><\/div>\r\n\t\t\t\t\t\t\t\t\t\t\t\t\r\n\t\t\t\t\t\t\t\t\t<\/div>\r\n\t<\/div>\r\n\t<div class=\"btSinglePostContent\">\r\n\t\t\t\r\n\t\t<div class=\"btSinglePostTopData\">\r\n\t\t\t\t\t\t\t\r\n\t\t\t\t\t\t\t\t\t\t\r\n\t\t\t\t\t<\/div>\r\n\t\t<h4>\r\n\t\t\t<a href=\"https:\/\/www.burdurtb.org.tr\/tr\/2026\/04\/22\/22-04-2026-gunluk-bulten\/\">\r\n\t\t\t\t22.04.2026 G\u00fcnl\u00fck B\u00fclten\r\n\t\t\t<\/a>\r\n\t\t<\/h4>\r\n\t\t\t\t\t\r\n\t\t\r\n\t\t\r\n\t<\/div>\r\n<\/div><\/div><\/div><\/div><div class=\"bclItem \"><div class=\"bclItemChild\"><div class=\"bclItemChildContent\"><div class=\"btSinglePostTemplate  smallTemplate  backgroundImagePosition image_size__medium_large__\">\r\n\t\r\n\t<div class=\"btPostImageHolder\">\r\n\t\t\t\t\t<div class=\"btSinglePostBackgroundImage\" style=\"background-image:url(); \"><a href=\"https:\/\/www.burdurtb.org.tr\/tr\/2026\/04\/21\/21-04-2026-gunluk-bulten\/\"><\/a><\/div>\r\n\t\t\t\t\t\t\t\r\n\t\t\t\t<div class=\"btSinglePostTopMetaData\">\r\n\t\t\t<div class=\"btSinglePostFormat\"><\/div>\r\n\t\t\t\t\t\t\t\t\t\t\t\t\r\n\t\t\t\t\t\t\t\t\t<\/div>\r\n\t<\/div>\r\n\t<div class=\"btSinglePostContent\">\r\n\t\t\t\r\n\t\t<div class=\"btSinglePostTopData\">\r\n\t\t\t\t\t\t\t\r\n\t\t\t\t\t\t\t\t\t\t\r\n\t\t\t\t\t<\/div>\r\n\t\t<h4>\r\n\t\t\t<a href=\"https:\/\/www.burdurtb.org.tr\/tr\/2026\/04\/21\/21-04-2026-gunluk-bulten\/\">\r\n\t\t\t\t21.04.2026 G\u00fcnl\u00fck B\u00fclten\r\n\t\t\t<\/a>\r\n\t\t<\/h4>\r\n\t\t\t\t\t\r\n\t\t\r\n\t\t\r\n\t<\/div>\r\n<\/div><\/div><\/div><\/div><div class=\"bclItem \"><div class=\"bclItemChild\"><div class=\"bclItemChildContent\"><div class=\"btSinglePostTemplate  smallTemplate  backgroundImagePosition image_size__medium_large__\">\r\n\t\r\n\t<div class=\"btPostImageHolder\">\r\n\t\t\t\t\t<div class=\"btSinglePostBackgroundImage\" style=\"background-image:url(); \"><a href=\"https:\/\/www.burdurtb.org.tr\/tr\/2026\/04\/20\/20-04-2026-gunluk-bulten\/\"><\/a><\/div>\r\n\t\t\t\t\t\t\t\r\n\t\t\t\t<div class=\"btSinglePostTopMetaData\">\r\n\t\t\t<div class=\"btSinglePostFormat\"><\/div>\r\n\t\t\t\t\t\t\t\t\t\t\t\t\r\n\t\t\t\t\t\t\t\t\t<\/div>\r\n\t<\/div>\r\n\t<div class=\"btSinglePostContent\">\r\n\t\t\t\r\n\t\t<div class=\"btSinglePostTopData\">\r\n\t\t\t\t\t\t\t\r\n\t\t\t\t\t\t\t\t\t\t\r\n\t\t\t\t\t<\/div>\r\n\t\t<h4>\r\n\t\t\t<a href=\"https:\/\/www.burdurtb.org.tr\/tr\/2026\/04\/20\/20-04-2026-gunluk-bulten\/\">\r\n\t\t\t\t20.04.2026 G\u00fcnl\u00fck B\u00fclten\r\n\t\t\t<\/a>\r\n\t\t<\/h4>\r\n\t\t\t\t\t\r\n\t\t\r\n\t\t\r\n\t<\/div>\r\n<\/div><\/div><\/div><\/div><div class=\"bclItem \"><div class=\"bclItemChild\"><div class=\"bclItemChildContent\"><div class=\"btSinglePostTemplate  smallTemplate  backgroundImagePosition image_size__medium_large__\">\r\n\t\r\n\t<div class=\"btPostImageHolder\">\r\n\t\t\t\t\t<div class=\"btSinglePostBackgroundImage\" style=\"background-image:url(); \"><a href=\"https:\/\/www.burdurtb.org.tr\/tr\/2026\/04\/17\/13-04-2026-17-04-2026-haftalik-bulten\/\"><\/a><\/div>\r\n\t\t\t\t\t\t\t\r\n\t\t\t\t<div class=\"btSinglePostTopMetaData\">\r\n\t\t\t<div class=\"btSinglePostFormat\"><\/div>\r\n\t\t\t\t\t\t\t\t\t\t\t\t\r\n\t\t\t\t\t\t\t\t\t<\/div>\r\n\t<\/div>\r\n\t<div class=\"btSinglePostContent\">\r\n\t\t\t\r\n\t\t<div class=\"btSinglePostTopData\">\r\n\t\t\t\t\t\t\t\r\n\t\t\t\t\t\t\t\t\t\t\r\n\t\t\t\t\t<\/div>\r\n\t\t<h4>\r\n\t\t\t<a href=\"https:\/\/www.burdurtb.org.tr\/tr\/2026\/04\/17\/13-04-2026-17-04-2026-haftalik-bulten\/\">\r\n\t\t\t\t13.04.2026-17.04.2026 Haftal\u0131k B\u00fclten\r\n\t\t\t<\/a>\r\n\t\t<\/h4>\r\n\t\t\t\t\t\r\n\t\t\r\n\t\t\r\n\t<\/div>\r\n<\/div><\/div><\/div><\/div><div class=\"bclItem \"><div class=\"bclItemChild\"><div class=\"bclItemChildContent\"><div class=\"btSinglePostTemplate  smallTemplate  backgroundImagePosition image_size__medium_large__\">\r\n\t\r\n\t<div class=\"btPostImageHolder\">\r\n\t\t\t\t\t<div class=\"btSinglePostBackgroundImage\" style=\"background-image:url(); \"><a href=\"https:\/\/www.burdurtb.org.tr\/tr\/2026\/04\/16\/16-04-2026-gunluk-bulten\/\"><\/a><\/div>\r\n\t\t\t\t\t\t\t\r\n\t\t\t\t<div class=\"btSinglePostTopMetaData\">\r\n\t\t\t<div class=\"btSinglePostFormat\"><\/div>\r\n\t\t\t\t\t\t\t\t\t\t\t\t\r\n\t\t\t\t\t\t\t\t\t<\/div>\r\n\t<\/div>\r\n\t<div class=\"btSinglePostContent\">\r\n\t\t\t\r\n\t\t<div class=\"btSinglePostTopData\">\r\n\t\t\t\t\t\t\t\r\n\t\t\t\t\t\t\t\t\t\t\r\n\t\t\t\t\t<\/div>\r\n\t\t<h4>\r\n\t\t\t<a href=\"https:\/\/www.burdurtb.org.tr\/tr\/2026\/04\/16\/16-04-2026-gunluk-bulten\/\">\r\n\t\t\t\t16.04.2026 G\u00fcnl\u00fck B\u00fclten\r\n\t\t\t<\/a>\r\n\t\t<\/h4>\r\n\t\t\t\t\t\r\n\t\t\r\n\t\t\r\n\t<\/div>\r\n<\/div><\/div><\/div><\/div><div class=\"bclItem \"><div class=\"bclItemChild\"><div class=\"bclItemChildContent\"><div class=\"btSinglePostTemplate  smallTemplate  backgroundImagePosition image_size__medium_large__\">\r\n\t\r\n\t<div class=\"btPostImageHolder\">\r\n\t\t\t\t\t<div class=\"btSinglePostBackgroundImage\" style=\"background-image:url(); \"><a href=\"https:\/\/www.burdurtb.org.tr\/tr\/2026\/04\/15\/15-04-2026-gunluk-bulten\/\"><\/a><\/div>\r\n\t\t\t\t\t\t\t\r\n\t\t\t\t<div class=\"btSinglePostTopMetaData\">\r\n\t\t\t<div class=\"btSinglePostFormat\"><\/div>\r\n\t\t\t\t\t\t\t\t\t\t\t\t\r\n\t\t\t\t\t\t\t\t\t<\/div>\r\n\t<\/div>\r\n\t<div class=\"btSinglePostContent\">\r\n\t\t\t\r\n\t\t<div class=\"btSinglePostTopData\">\r\n\t\t\t\t\t\t\t\r\n\t\t\t\t\t\t\t\t\t\t\r\n\t\t\t\t\t<\/div>\r\n\t\t<h4>\r\n\t\t\t<a href=\"https:\/\/www.burdurtb.org.tr\/tr\/2026\/04\/15\/15-04-2026-gunluk-bulten\/\">\r\n\t\t\t\t15.04.2026 G\u00fcnl\u00fck B\u00fclten\r\n\t\t\t<\/a>\r\n\t\t<\/h4>\r\n\t\t\t\t\t\r\n\t\t\r\n\t\t\r\n\t<\/div>\r\n<\/div><\/div><\/div><\/div><div class=\"bclItem \"><div class=\"bclItemChild\"><div class=\"bclItemChildContent\"><div class=\"btSinglePostTemplate  smallTemplate  backgroundImagePosition image_size__medium_large__\">\r\n\t\r\n\t<div class=\"btPostImageHolder\">\r\n\t\t\t\t\t<div class=\"btSinglePostBackgroundImage\" style=\"background-image:url(); \"><a href=\"https:\/\/www.burdurtb.org.tr\/tr\/2026\/04\/13\/13-04-2026-gunluk-bulten\/\"><\/a><\/div>\r\n\t\t\t\t\t\t\t\r\n\t\t\t\t<div class=\"btSinglePostTopMetaData\">\r\n\t\t\t<div class=\"btSinglePostFormat\"><\/div>\r\n\t\t\t\t\t\t\t\t\t\t\t\t\r\n\t\t\t\t\t\t\t\t\t<\/div>\r\n\t<\/div>\r\n\t<div class=\"btSinglePostContent\">\r\n\t\t\t\r\n\t\t<div class=\"btSinglePostTopData\">\r\n\t\t\t\t\t\t\t\r\n\t\t\t\t\t\t\t\t\t\t\r\n\t\t\t\t\t<\/div>\r\n\t\t<h4>\r\n\t\t\t<a href=\"https:\/\/www.burdurtb.org.tr\/tr\/2026\/04\/13\/13-04-2026-gunluk-bulten\/\">\r\n\t\t\t\t13.04.2026 G\u00fcnl\u00fck B\u00fclten\r\n\t\t\t<\/a>\r\n\t\t<\/h4>\r\n\t\t\t\t\t\r\n\t\t\r\n\t\t\r\n\t<\/div>\r\n<\/div><\/div><\/div><\/div><div class=\"bclItem \"><div class=\"bclItemChild\"><div class=\"bclItemChildContent\"><div class=\"btSinglePostTemplate  smallTemplate  backgroundImagePosition image_size__medium_large__\">\r\n\t\r\n\t<div class=\"btPostImageHolder\">\r\n\t\t\t\t\t<div class=\"btSinglePostBackgroundImage\" style=\"background-image:url(); \"><a href=\"https:\/\/www.burdurtb.org.tr\/tr\/2026\/04\/10\/06-04-2026-10-04-2026-haftalik-bulten\/\"><\/a><\/div>\r\n\t\t\t\t\t\t\t\r\n\t\t\t\t<div class=\"btSinglePostTopMetaData\">\r\n\t\t\t<div class=\"btSinglePostFormat\"><\/div>\r\n\t\t\t\t\t\t\t\t\t\t\t\t\r\n\t\t\t\t\t\t\t\t\t<\/div>\r\n\t<\/div>\r\n\t<div class=\"btSinglePostContent\">\r\n\t\t\t\r\n\t\t<div class=\"btSinglePostTopData\">\r\n\t\t\t\t\t\t\t\r\n\t\t\t\t\t\t\t\t\t\t\r\n\t\t\t\t\t<\/div>\r\n\t\t<h4>\r\n\t\t\t<a href=\"https:\/\/www.burdurtb.org.tr\/tr\/2026\/04\/10\/06-04-2026-10-04-2026-haftalik-bulten\/\">\r\n\t\t\t\t06.04.2026-10.04.2026 Haftal\u0131k B\u00fclten\r\n\t\t\t<\/a>\r\n\t\t<\/h4>\r\n\t\t\t\t\t\r\n\t\t\r\n\t\t\r\n\t<\/div>\r\n<\/div><\/div><\/div><\/div><div class=\"bclItem \"><div class=\"bclItemChild\"><div class=\"bclItemChildContent\"><div class=\"btSinglePostTemplate  smallTemplate  backgroundImagePosition image_size__medium_large__\">\r\n\t\r\n\t<div class=\"btPostImageHolder\">\r\n\t\t\t\t\t<div class=\"btSinglePostBackgroundImage\" style=\"background-image:url(); \"><a href=\"https:\/\/www.burdurtb.org.tr\/tr\/2026\/04\/10\/10-04-2026-gunluk-bulten\/\"><\/a><\/div>\r\n\t\t\t\t\t\t\t\r\n\t\t\t\t<div class=\"btSinglePostTopMetaData\">\r\n\t\t\t<div class=\"btSinglePostFormat\"><\/div>\r\n\t\t\t\t\t\t\t\t\t\t\t\t\r\n\t\t\t\t\t\t\t\t\t<\/div>\r\n\t<\/div>\r\n\t<div class=\"btSinglePostContent\">\r\n\t\t\t\r\n\t\t<div class=\"btSinglePostTopData\">\r\n\t\t\t\t\t\t\t\r\n\t\t\t\t\t\t\t\t\t\t\r\n\t\t\t\t\t<\/div>\r\n\t\t<h4>\r\n\t\t\t<a href=\"https:\/\/www.burdurtb.org.tr\/tr\/2026\/04\/10\/10-04-2026-gunluk-bulten\/\">\r\n\t\t\t\t10.04.2026 G\u00fcnl\u00fck B\u00fclten\r\n\t\t\t<\/a>\r\n\t\t<\/h4>\r\n\t\t\t\t\t\r\n\t\t\r\n\t\t\r\n\t<\/div>\r\n<\/div><\/div><\/div><\/div><div class=\"bclItem \"><div class=\"bclItemChild\"><div class=\"bclItemChildContent\"><div class=\"btSinglePostTemplate  smallTemplate  backgroundImagePosition image_size__medium_large__\">\r\n\t\r\n\t<div class=\"btPostImageHolder\">\r\n\t\t\t\t\t<div class=\"btSinglePostBackgroundImage\" style=\"background-image:url(); \"><a href=\"https:\/\/www.burdurtb.org.tr\/tr\/2026\/04\/09\/09-04-2026-gunluk-bulten\/\"><\/a><\/div>\r\n\t\t\t\t\t\t\t\r\n\t\t\t\t<div class=\"btSinglePostTopMetaData\">\r\n\t\t\t<div class=\"btSinglePostFormat\"><\/div>\r\n\t\t\t\t\t\t\t\t\t\t\t\t\r\n\t\t\t\t\t\t\t\t\t<\/div>\r\n\t<\/div>\r\n\t<div class=\"btSinglePostContent\">\r\n\t\t\t\r\n\t\t<div class=\"btSinglePostTopData\">\r\n\t\t\t\t\t\t\t\r\n\t\t\t\t\t\t\t\t\t\t\r\n\t\t\t\t\t<\/div>\r\n\t\t<h4>\r\n\t\t\t<a href=\"https:\/\/www.burdurtb.org.tr\/tr\/2026\/04\/09\/09-04-2026-gunluk-bulten\/\">\r\n\t\t\t\t09.04.2026 G\u00fcnl\u00fck B\u00fclten\r\n\t\t\t<\/a>\r\n\t\t<\/h4>\r\n\t\t\t\t\t\r\n\t\t\r\n\t\t\r\n\t<\/div>\r\n<\/div><\/div><\/div><\/div><div class=\"bclItem \"><div class=\"bclItemChild\"><div class=\"bclItemChildContent\"><div class=\"btSinglePostTemplate  smallTemplate  backgroundImagePosition image_size__medium_large__\">\r\n\t\r\n\t<div class=\"btPostImageHolder\">\r\n\t\t\t\t\t<div class=\"btSinglePostBackgroundImage\" style=\"background-image:url(); \"><a href=\"https:\/\/www.burdurtb.org.tr\/tr\/2026\/04\/08\/08-04-2026-gunluk-bulten\/\"><\/a><\/div>\r\n\t\t\t\t\t\t\t\r\n\t\t\t\t<div class=\"btSinglePostTopMetaData\">\r\n\t\t\t<div class=\"btSinglePostFormat\"><\/div>\r\n\t\t\t\t\t\t\t\t\t\t\t\t\r\n\t\t\t\t\t\t\t\t\t<\/div>\r\n\t<\/div>\r\n\t<div class=\"btSinglePostContent\">\r\n\t\t\t\r\n\t\t<div class=\"btSinglePostTopData\">\r\n\t\t\t\t\t\t\t\r\n\t\t\t\t\t\t\t\t\t\t\r\n\t\t\t\t\t<\/div>\r\n\t\t<h4>\r\n\t\t\t<a href=\"https:\/\/www.burdurtb.org.tr\/tr\/2026\/04\/08\/08-04-2026-gunluk-bulten\/\">\r\n\t\t\t\t08.04.2026 G\u00fcnl\u00fck B\u00fclten\r\n\t\t\t<\/a>\r\n\t\t<\/h4>\r\n\t\t\t\t\t\r\n\t\t\r\n\t\t\r\n\t<\/div>\r\n<\/div><\/div><\/div><\/div><div class=\"bclItem \"><div class=\"bclItemChild\"><div class=\"bclItemChildContent\"><div class=\"btSinglePostTemplate  smallTemplate  backgroundImagePosition image_size__medium_large__\">\r\n\t\r\n\t<div class=\"btPostImageHolder\">\r\n\t\t\t\t\t<div class=\"btSinglePostBackgroundImage\" style=\"background-image:url(); \"><a href=\"https:\/\/www.burdurtb.org.tr\/tr\/2026\/04\/07\/07-04-2026-gunluk-bulten\/\"><\/a><\/div>\r\n\t\t\t\t\t\t\t\r\n\t\t\t\t<div class=\"btSinglePostTopMetaData\">\r\n\t\t\t<div class=\"btSinglePostFormat\"><\/div>\r\n\t\t\t\t\t\t\t\t\t\t\t\t\r\n\t\t\t\t\t\t\t\t\t<\/div>\r\n\t<\/div>\r\n\t<div class=\"btSinglePostContent\">\r\n\t\t\t\r\n\t\t<div class=\"btSinglePostTopData\">\r\n\t\t\t\t\t\t\t\r\n\t\t\t\t\t\t\t\t\t\t\r\n\t\t\t\t\t<\/div>\r\n\t\t<h4>\r\n\t\t\t<a href=\"https:\/\/www.burdurtb.org.tr\/tr\/2026\/04\/07\/07-04-2026-gunluk-bulten\/\">\r\n\t\t\t\t07.04.2026 G\u00fcnl\u00fck B\u00fclten\r\n\t\t\t<\/a>\r\n\t\t<\/h4>\r\n\t\t\t\t\t\r\n\t\t\r\n\t\t\r\n\t<\/div>\r\n<\/div><\/div><\/div><\/div><\/div><\/div><\/div><\/div><\/div><\/div><\/div><\/div><\/div><\/section>\n","protected":false},"excerpt":{"rendered":"<p>Bring to the table win-win survival strategies to ensure proactive domination. At the end of the day, going forward, a new normal that has evolved from generation X is on the runway heading towards a streamlined cloud solution.<\/p>\n","protected":false},"author":2,"featured_media":4979,"parent":0,"menu_order":0,"comment_status":"closed","ping_status":"closed","template":"","meta":{"footnotes":""},"class_list":["post-15","page","type-page","status-publish","has-post-thumbnail","hentry"],"_links":{"self":[{"href":"https:\/\/www.burdurtb.org.tr\/tr\/wp-json\/wp\/v2\/pages\/15","targetHints":{"allow":["GET"]}}],"collection":[{"href":"https:\/\/www.burdurtb.org.tr\/tr\/wp-json\/wp\/v2\/pages"}],"about":[{"href":"https:\/\/www.burdurtb.org.tr\/tr\/wp-json\/wp\/v2\/types\/page"}],"author":[{"embeddable":true,"href":"https:\/\/www.burdurtb.org.tr\/tr\/wp-json\/wp\/v2\/users\/2"}],"replies":[{"embeddable":true,"href":"https:\/\/www.burdurtb.org.tr\/tr\/wp-json\/wp\/v2\/comments?post=15"}],"version-history":[{"count":7,"href":"https:\/\/www.burdurtb.org.tr\/tr\/wp-json\/wp\/v2\/pages\/15\/revisions"}],"predecessor-version":[{"id":5290,"href":"https:\/\/www.burdurtb.org.tr\/tr\/wp-json\/wp\/v2\/pages\/15\/revisions\/5290"}],"wp:featuredmedia":[{"embeddable":true,"href":"https:\/\/www.burdurtb.org.tr\/tr\/wp-json\/wp\/v2\/media\/4979"}],"wp:attachment":[{"href":"https:\/\/www.burdurtb.org.tr\/tr\/wp-json\/wp\/v2\/media?parent=15"}],"curies":[{"name":"wp","href":"https:\/\/api.w.org\/{rel}","templated":true}]}}