{"id":4676,"date":"2024-05-20T08:34:37","date_gmt":"2024-05-20T08:34:37","guid":{"rendered":"https:\/\/www.burdurtb.org.tr\/tr\/?page_id=4676"},"modified":"2024-12-11T08:03:00","modified_gmt":"2024-12-11T08:03:00","slug":"islevimiz","status":"publish","type":"page","link":"https:\/\/www.burdurtb.org.tr\/tr\/islevimiz\/","title":{"rendered":"\u0130\u015flevimiz"},"content":{"rendered":"<p><section id=\"bt_section69e1dfc8a8fa6\"  class=\"boldSection gutter \" ><div class=\"port\"><div class=\"boldCell\"><div class=\"boldCellInner\"><\/div><\/div><\/div><\/section><section id=\"bt_section69e1dfc8a8fe1\"  class=\"boldSection gutter \" ><div class=\"port\"><div class=\"boldCell\"><div class=\"boldCellInner\"><div class=\"boldRow \" ><div class=\"boldRowInner\"><div class=\"rowItem col-md-6 col-sm-12 btTextLeft animate animate-fadein inherit\"  data-width=\"6\"><div class=\"rowItemContent\" ><div class=\"bpgPhoto btDefaultHoverType\" ><div class = \"btImage\"><img decoding=\"async\" src=\"https:\/\/www.burdurtb.org.tr\/tr\/wp-content\/uploads\/2024\/12\/virus-covid-19-640x329.jpg\" alt=\"\" title=\"\"><\/div><\/div><div class=\"btClear btSeparator topSmallSpaced bottomSmallSpaced noBorder\" ><hr><\/div><\/div><\/div><div class=\"rowItem col-md-6 col-sm-12 btTextLeft animate animate-fadein inherit\"  data-width=\"6\"><div class=\"rowItemContent\" ><header class=\"header btClear large btDash bottomDash  regular\" ><div class=\"btSuperTitle\"><span>KURUMSAL<\/span><\/div><div class=\"dash\"><h2><span class=\"headline\">\u0130\u015flevimiz<\/span><\/h2><\/div><div class=\"btSubTitle\">BURDUR T\u0130CARET BORSASI\u2019NIN \u0130\u015eLEVLER\u0130<\/div><\/header><div class=\"btClear btSeparator topSmallSpaced noBorder\" ><hr><\/div><div class=\"btText\" ><\/p>\n<p>&nbsp;<\/p>\n<p>Borsa\u2019m\u0131z\u0131n g\u00f6revleri \u015funlard\u0131r:<\/p>\n<ul>\n<li>Borsaya dahil maddelerin, borsada al\u0131m sat\u0131m\u0131n\u0131 tanzim ve tescil etmek.<\/li>\n<li>Borsaya dahil maddelerin borsada olu\u015fan her g\u00fcnk\u00fc fiyatlar\u0131n\u0131 usul\u00fc dairesinde tespit ve il\u00e2n etmek.<\/li>\n<li>Al\u0131c\u0131 ve sat\u0131c\u0131n\u0131n, teslim ve teslim alma ile \u00f6deme bak\u0131m\u0131ndan y\u00fck\u00fcml\u00fcl\u00fcklerini,muamelelerin tasfiye \u015fartlar\u0131n\u0131, fiyatlar \u00fczerinde etkili \u015fartlar\u0131 ve ihtilaf do\u011fdu\u011funda ihtiyari tahkim usullerini g\u00f6steren ve Birli\u011fin onay\u0131yla y\u00fcr\u00fcrl\u00fc\u011fe girecek genel d\u00fczenlemeler yapmak.<\/li>\n<li>Yurt i\u00e7i ve yurt d\u0131\u015f\u0131 borsa ve piyasalar\u0131 takip ederek fiyat haberle\u015fmesi yapmak, elektronik ticaret ve internet a\u011flar\u0131 konusunda \u00fcyelerine yol g\u00f6stermek.<\/li>\n<li>51 inci maddedeki belgeleri d\u00fczenlemek ve onaylamak.<\/li>\n<li>Borsaya dahil maddelerin tiplerini ve vas\u0131flar\u0131n\u0131 tespit etmek \u00fczere l\u00e2boratuvar ve teknik b\u00fcrolar kurmak veya kurulmu\u015flara i\u015ftirak etmek.<\/li>\n<li>B\u00f6lgeleri i\u00e7indeki borsaya ili\u015fkin \u00f6rf, adet ve team\u00fclleri tespit etmek, Bakanl\u0131\u011f\u0131n onay\u0131na sunmak ve il\u00e2n etmek.<\/li>\n<li>Borsa faaliyetlerine ait konularda ilgili resm\u00ee makamlara teklif, dilek ve ba\u015fvurularda bulunmak; \u00fcyelerinin tamam\u0131 veya bir kesiminin menfaati oldu\u011fu takdirde bu \u00fcyeleri ad\u0131na veya kendi ad\u0131na dava a\u00e7mak.<\/li>\n<li>Rekabeti bozucu etkileri olabilecek anla\u015fma, karar ve uyumlu eylem niteli\u011findeki uygulamalar\u0131 izlemek ve tespiti halinde ilgili makamlara bildirmek.<\/li>\n<li>Mevzuatla bakanl\u0131klara veya di\u011fer kamu kurum ve kurulu\u015flar\u0131na verilen i\u015flerin, bu Kanunda belirtilen kurulu\u015f ama\u00e7lar\u0131 ve g\u00f6rev alan\u0131 \u00e7er\u00e7evesinde borsalara tevdii halinde bu i\u015fleri y\u00fcr\u00fctmek.<\/li>\n<li>\u00dcyelerinin ihtiyac\u0131 olan belgeleri vermek ve bunlara ili\u015fkin gerekli hizmetleri yapmak.<\/li>\n<li>Yurt i\u00e7i fuarlar konusunda yap\u0131lacak m\u00fcracaatlar\u0131 de\u011ferlendirip Birli\u011fe teklifte bulunmak.<\/li>\n<li>Sair mevzuat\u0131n verdi\u011fi g\u00f6revlerle, ilgili kanunlar \u00e7er\u00e7evesinde Birlik ve Bakanl\u0131k\u00e7a verilecek g\u00f6revleri yapmak.<\/li>\n<\/ul>\n<p>\n<\/div><div class=\"btClear btSeparator topSmallSpaced bottomSmallSpaced noBorder\" ><hr><\/div><\/div><\/div><\/div><\/div><\/div><\/div><\/div><\/section><\/p>\n","protected":false},"excerpt":{"rendered":"","protected":false},"author":8,"featured_media":0,"parent":0,"menu_order":0,"comment_status":"closed","ping_status":"closed","template":"","meta":{"footnotes":""},"class_list":["post-4676","page","type-page","status-publish","hentry"],"_links":{"self":[{"href":"https:\/\/www.burdurtb.org.tr\/tr\/wp-json\/wp\/v2\/pages\/4676","targetHints":{"allow":["GET"]}}],"collection":[{"href":"https:\/\/www.burdurtb.org.tr\/tr\/wp-json\/wp\/v2\/pages"}],"about":[{"href":"https:\/\/www.burdurtb.org.tr\/tr\/wp-json\/wp\/v2\/types\/page"}],"author":[{"embeddable":true,"href":"https:\/\/www.burdurtb.org.tr\/tr\/wp-json\/wp\/v2\/users\/8"}],"replies":[{"embeddable":true,"href":"https:\/\/www.burdurtb.org.tr\/tr\/wp-json\/wp\/v2\/comments?post=4676"}],"version-history":[{"count":3,"href":"https:\/\/www.burdurtb.org.tr\/tr\/wp-json\/wp\/v2\/pages\/4676\/revisions"}],"predecessor-version":[{"id":5505,"href":"https:\/\/www.burdurtb.org.tr\/tr\/wp-json\/wp\/v2\/pages\/4676\/revisions\/5505"}],"wp:attachment":[{"href":"https:\/\/www.burdurtb.org.tr\/tr\/wp-json\/wp\/v2\/media?parent=4676"}],"curies":[{"name":"wp","href":"https:\/\/api.w.org\/{rel}","templated":true}]}}