{"id":4680,"date":"2024-05-20T08:35:52","date_gmt":"2024-05-20T08:35:52","guid":{"rendered":"https:\/\/www.burdurtb.org.tr\/tr\/?page_id=4680"},"modified":"2025-04-16T13:43:00","modified_gmt":"2025-04-16T13:43:00","slug":"kalite-politikamiz","status":"publish","type":"page","link":"https:\/\/www.burdurtb.org.tr\/tr\/kalite-politikamiz\/","title":{"rendered":"Kalite Politikam\u0131z"},"content":{"rendered":"<p><section id=\"bt_section69e342dd5099e\"  class=\"boldSection gutter \" ><div class=\"port\"><div class=\"boldCell\"><div class=\"boldCellInner\"><\/div><\/div><\/div><\/section><section id=\"bt_section69e342dd509d0\"  class=\"boldSection gutter \" ><div class=\"port\"><div class=\"boldCell\"><div class=\"boldCellInner\"><div class=\"boldRow \" ><div class=\"boldRowInner\"><div class=\"rowItem col-md-6 col-sm-12 btTextLeft animate animate-fadein inherit\"  data-width=\"6\"><div class=\"rowItemContent\" ><div class=\"bpgPhoto btDefaultHoverType\" ><div class = \"btImage\"><img decoding=\"async\" src=\"https:\/\/www.burdurtb.org.tr\/tr\/wp-content\/uploads\/2024\/12\/kalite-politikasi-640x409.jpg\" alt=\"\" title=\"\"><\/div><\/div><div class=\"btClear btSeparator topSmallSpaced bottomSmallSpaced noBorder\" ><hr><\/div><\/div><\/div><div class=\"rowItem col-md-6 col-sm-12 btTextLeft animate animate-fadein inherit\"  data-width=\"6\"><div class=\"rowItemContent\" ><header class=\"header btClear large btDash bottomDash  regular\" ><div class=\"btSuperTitle\"><span>KURUMSAL<\/span><\/div><div class=\"dash\"><h2><span class=\"headline\">Kalite Politikam\u0131z<\/span><\/h2><\/div><\/header><div class=\"btClear btSeparator topSmallSpaced noBorder\" ><hr><\/div><div class=\"btText\" ><\/p>\n<ul class=\"ul1\">\n<li class=\"li1\"><span class=\"s2\">T\u00fcm birimlerde s\u00fcrekli iyile\u015ftirme ve geli\u015ftirme prensibini benimsemek<\/span><\/li>\n<li class=\"li1\"><span class=\"s2\">Faaliyetlerimizi ger\u00e7ekle\u015ftirirken, ilgili standartlar \u00e7er\u00e7evesinde uyulmas\u0131 gereken t\u00fcm yasa ve y\u00f6netmelikler ile payda\u015f beklentilerini sa\u011flamak<\/span><\/li>\n<li class=\"li1\"><span class=\"s2\">Risk temelli d\u00fc\u015f\u00fcnmeye dayal\u0131 y\u00f6netim anlay\u0131\u015f\u0131 ile risk ve f\u0131rsatlar\u0131 belirlemek ve bunlar i\u00e7in gerekli faaliyetleri y\u00fcr\u00fctmek<\/span><\/li>\n<li class=\"li2\">T\u00fcm faaliyetlerde \u00fcyelere ve Burdur Ticaret Borsas\u0131\u2019na katma de\u011fer sa\u011flamak, Burdur\u2019un tar\u0131msal ticaretinin geli\u015fmesine \u00f6nc\u00fcl\u00fck etmek, \u00fcretimi g\u00fc\u00e7lendirmek ve katma de\u011fer sa\u011fland\u0131\u011f\u0131n\u0131 g\u00f6zetmek,<\/li>\n<li class=\"li2\">Payda\u015flar\u0131n ihtiya\u00e7 ve beklentilerini en \u00fcst seviyede kar\u015f\u0131lamak,<\/li>\n<li class=\"li2\">Cinsiyet e\u015fitli\u011fini ve liyakat\u0131 \u00f6nemseyen bir anlay\u0131\u015fla, \u00e7al\u0131\u015fanlar\u0131n ba\u015far\u0131lar\u0131n\u0131 art\u0131rarak ve geli\u015fimini destekleyerek, \u00fcyelerin ba\u015fta olmak \u00fczere t\u00fcm taraflar\u0131n memnuniyetini sa\u011flayarak hizmet vermek,<\/li>\n<li class=\"li2\">Ara\u015ft\u0131rarak ve geli\u015ferek, gelecek nesillerin ihtiya\u00e7lar\u0131n\u0131 kar\u015f\u0131lamayan, teknolojiyi ve inovasyonu \u00f6nemseyen, tar\u0131m ve hayvanc\u0131l\u0131k sekt\u00f6r\u00fcnde ger\u00e7ekle\u015fen t\u00fcm yenilik\u00e7i \u00e7al\u0131\u015fmalar\u0131n s\u00fcrd\u00fcr\u00fclebilir hale gelmesini ama\u00e7layan, Burdur\u2019da ye\u015fil d\u00f6n\u00fc\u015f\u00fcm ve ye\u015fil ekonomiyi g\u00fc\u00e7lendirme hedefinde faaliyet y\u00fcr\u00fctmek.<\/li>\n<\/ul>\n<p>\n<\/div><div class=\"btClear btSeparator topSmallSpaced bottomSmallSpaced noBorder\" ><hr><\/div><\/div><\/div><\/div><\/div><\/div><\/div><\/div><\/section><\/p>\n","protected":false},"excerpt":{"rendered":"","protected":false},"author":8,"featured_media":0,"parent":0,"menu_order":0,"comment_status":"closed","ping_status":"closed","template":"","meta":{"footnotes":""},"class_list":["post-4680","page","type-page","status-publish","hentry"],"_links":{"self":[{"href":"https:\/\/www.burdurtb.org.tr\/tr\/wp-json\/wp\/v2\/pages\/4680","targetHints":{"allow":["GET"]}}],"collection":[{"href":"https:\/\/www.burdurtb.org.tr\/tr\/wp-json\/wp\/v2\/pages"}],"about":[{"href":"https:\/\/www.burdurtb.org.tr\/tr\/wp-json\/wp\/v2\/types\/page"}],"author":[{"embeddable":true,"href":"https:\/\/www.burdurtb.org.tr\/tr\/wp-json\/wp\/v2\/users\/8"}],"replies":[{"embeddable":true,"href":"https:\/\/www.burdurtb.org.tr\/tr\/wp-json\/wp\/v2\/comments?post=4680"}],"version-history":[{"count":5,"href":"https:\/\/www.burdurtb.org.tr\/tr\/wp-json\/wp\/v2\/pages\/4680\/revisions"}],"predecessor-version":[{"id":6399,"href":"https:\/\/www.burdurtb.org.tr\/tr\/wp-json\/wp\/v2\/pages\/4680\/revisions\/6399"}],"wp:attachment":[{"href":"https:\/\/www.burdurtb.org.tr\/tr\/wp-json\/wp\/v2\/media?parent=4680"}],"curies":[{"name":"wp","href":"https:\/\/api.w.org\/{rel}","templated":true}]}}