{"id":4694,"date":"2024-05-20T08:40:59","date_gmt":"2024-05-20T08:40:59","guid":{"rendered":"https:\/\/www.burdurtb.org.tr\/tr\/?page_id=4694"},"modified":"2024-12-12T08:11:22","modified_gmt":"2024-12-12T08:11:22","slug":"bilgi-islem-politikasi","status":"publish","type":"page","link":"https:\/\/www.burdurtb.org.tr\/tr\/bilgi-islem-politikasi\/","title":{"rendered":"Bilgi \u0130\u015flem Politikas\u0131"},"content":{"rendered":"<p><section id=\"bt_section69e342ecb3d96\"  class=\"boldSection gutter \" ><div class=\"port\"><div class=\"boldCell\"><div class=\"boldCellInner\"><\/div><\/div><\/div><\/section><section id=\"bt_section69e342ecb3dc3\"  class=\"boldSection gutter \" ><div class=\"port\"><div class=\"boldCell\"><div class=\"boldCellInner\"><div class=\"boldRow \" ><div class=\"boldRowInner\"><div class=\"rowItem col-md-6 col-sm-12 btTextLeft animate animate-fadein inherit\"  data-width=\"6\"><div class=\"rowItemContent\" ><div class=\"bpgPhoto btDefaultHoverType\" ><div class = \"btImage\"><img decoding=\"async\" src=\"https:\/\/www.burdurtb.org.tr\/tr\/wp-content\/uploads\/2024\/12\/Ekran-Resmi-2024-12-12-10.46.13-640x324.png\" alt=\"\" title=\"\"><\/div><\/div><div class=\"btClear btSeparator topSmallSpaced bottomSmallSpaced noBorder\" ><hr><\/div><\/div><\/div><div class=\"rowItem col-md-6 col-sm-12 btTextLeft animate animate-fadein inherit\"  data-width=\"6\"><div class=\"rowItemContent\" ><header class=\"header btClear large btDash bottomDash  regular\" ><div class=\"btSuperTitle\"><span>KURUMSAL<\/span><\/div><div class=\"dash\"><h2><span class=\"headline\">Bilgi \u0130\u015flem Politikas\u0131<\/span><\/h2><\/div><div class=\"btSubTitle\">BURDUR T\u0130CARET BORSASI B\u0130LG\u0130 \u0130\u015eLEM POL\u0130T\u0130KASI<br \/><br><\/div><\/header><div class=\"btClear btSeparator topSmallSpaced noBorder\" ><hr><\/div><div class=\"btText\" ><\/p>\n<ul>\n<li>\n<p class=\"p1\"><span class=\"s1\">Burdur Ticaret Borsas\u0131 g\u00fcncel ve g\u00fcvenilir kurumsal verileri karar alma, hizmet s\u00fcre\u00e7lerinde etkin kullanma ve i\u015f s\u00fcreklili\u011fini sa\u011flamak amac\u0131yla, verimlilik, gizlilik, eri\u015filebilirlik, g\u00fcvenlik ilkelerini dikkate almak, teknolojiyi yak\u0131ndan izlemek, g\u00fcn\u00fcm\u00fcz ihtiya\u00e7lar\u0131na mevcut s\u00fcre\u00e7lerin s\u00fcreklili\u011fini sa\u011flamak ve s\u00fcrekli iyile\u015ftirilmesine y\u00f6nelik faaliyetlerde bulunmak politikam\u0131zd\u0131r.<\/span><\/p>\n<p class=\"p1\"><span class=\"s1\">Burdur Ticaret Borsas\u0131 Y\u00f6netim Kurulu\u2019nun \u00a0<b>22 \/ 01 \/ 202<\/b>3 \u00a0tarih,\u00a0<b>230\/12\u00a0<\/b>say\u0131l\u0131 karar\u0131 ileg\u00fcncellenmi\u015ftir<b>.<\/b><\/span><\/p>\n<p class=\"p1\"><span class=\"s1\"><b>\u00d6mer Faruk G\u00dcND\u00dcZALP<\/b><\/span><\/p>\n<p class=\"p1\"><span class=\"s1\"><b>Y\u00f6n. Kur. B\u015fk.<\/b><\/span><\/p>\n<\/li>\n<\/ul>\n<p>\n<\/div><div class=\"btClear btSeparator topSmallSpaced bottomSmallSpaced noBorder\" ><hr><\/div><\/div><\/div><\/div><\/div><\/div><\/div><\/div><\/section><\/p>\n","protected":false},"excerpt":{"rendered":"","protected":false},"author":8,"featured_media":0,"parent":0,"menu_order":0,"comment_status":"closed","ping_status":"closed","template":"","meta":{"footnotes":""},"class_list":["post-4694","page","type-page","status-publish","hentry"],"_links":{"self":[{"href":"https:\/\/www.burdurtb.org.tr\/tr\/wp-json\/wp\/v2\/pages\/4694","targetHints":{"allow":["GET"]}}],"collection":[{"href":"https:\/\/www.burdurtb.org.tr\/tr\/wp-json\/wp\/v2\/pages"}],"about":[{"href":"https:\/\/www.burdurtb.org.tr\/tr\/wp-json\/wp\/v2\/types\/page"}],"author":[{"embeddable":true,"href":"https:\/\/www.burdurtb.org.tr\/tr\/wp-json\/wp\/v2\/users\/8"}],"replies":[{"embeddable":true,"href":"https:\/\/www.burdurtb.org.tr\/tr\/wp-json\/wp\/v2\/comments?post=4694"}],"version-history":[{"count":2,"href":"https:\/\/www.burdurtb.org.tr\/tr\/wp-json\/wp\/v2\/pages\/4694\/revisions"}],"predecessor-version":[{"id":5539,"href":"https:\/\/www.burdurtb.org.tr\/tr\/wp-json\/wp\/v2\/pages\/4694\/revisions\/5539"}],"wp:attachment":[{"href":"https:\/\/www.burdurtb.org.tr\/tr\/wp-json\/wp\/v2\/media?parent=4694"}],"curies":[{"name":"wp","href":"https:\/\/api.w.org\/{rel}","templated":true}]}}