{"id":4696,"date":"2024-05-20T08:41:26","date_gmt":"2024-05-20T08:41:26","guid":{"rendered":"https:\/\/www.burdurtb.org.tr\/tr\/?page_id=4696"},"modified":"2024-12-12T08:12:50","modified_gmt":"2024-12-12T08:12:50","slug":"e-posta-kullanim-politikasi","status":"publish","type":"page","link":"https:\/\/www.burdurtb.org.tr\/tr\/e-posta-kullanim-politikasi\/","title":{"rendered":"E-posta Kullan\u0131m Politikas\u0131"},"content":{"rendered":"<p><section id=\"bt_section69e229517a8bd\"  class=\"boldSection gutter \" ><div class=\"port\"><div class=\"boldCell\"><div class=\"boldCellInner\"><\/div><\/div><\/div><\/section><section id=\"bt_section69e229517a8fc\"  class=\"boldSection gutter \" ><div class=\"port\"><div class=\"boldCell\"><div class=\"boldCellInner\"><div class=\"boldRow \" ><div class=\"boldRowInner\"><div class=\"rowItem col-md-6 col-sm-12 btTextLeft animate animate-fadein inherit\"  data-width=\"6\"><div class=\"rowItemContent\" ><div class=\"bpgPhoto btDefaultHoverType\" ><div class = \"btImage\"><img decoding=\"async\" src=\"https:\/\/www.burdurtb.org.tr\/tr\/wp-content\/uploads\/2024\/12\/Ekran-Resmi-2024-12-12-10.46.13-640x324.png\" alt=\"\" title=\"\"><\/div><\/div><div class=\"btClear btSeparator topSmallSpaced bottomSmallSpaced noBorder\" ><hr><\/div><\/div><\/div><div class=\"rowItem col-md-6 col-sm-12 btTextLeft animate animate-fadein inherit\"  data-width=\"6\"><div class=\"rowItemContent\" ><header class=\"header btClear large btDash bottomDash  regular\" ><div class=\"btSuperTitle\"><span>KURUMSAL<\/span><\/div><div class=\"dash\"><h2><span class=\"headline\">E-Posta Kullan\u0131m Politikas\u0131<\/span><\/h2><\/div><div class=\"btSubTitle\">BURDUR T\u0130CARET BORSASI E-POSTA  KULLANIM  POL\u0130T\u0130KASI<br \/><br><\/div><\/header><div class=\"btClear btSeparator topSmallSpaced noBorder\" ><hr><\/div><div class=\"btText\" ><\/p>\n<ul>\n<li>\n<p class=\"p1\"><span class=\"s1\"><b>Yasaklanm\u0131\u015f Kullan\u0131m<\/b><\/span><\/p>\n<ol class=\"ol1\">\n<li class=\"li2\"><span class=\"s1\">Burdur \u00a0Ticaret Borsas\u0131\u2019n\u0131n e-posta sistemi, taciz, suistimal veya herhangi bir \u015fekilde al\u0131c\u0131n\u0131n haklar\u0131na zarar vermeye y\u00f6nelik \u00f6\u011feleri i\u00e7eren mesajlar\u0131n g\u00f6nderilmesi i\u00e7in kesinlikle kullan\u0131lamaz. Bu t\u00fcr \u00f6zelliklere sahip bir mesaj al\u0131nd\u0131\u011f\u0131nda hemen ilgili birim y\u00f6neticisine haber verilmesi ve daha sonra bu mesaj\u0131n tamamen silinmesi gerekmektedir.<\/span><\/li>\n<li class=\"li2\"><span class=\"s1\">Mesajlar\u0131n g\u00f6nderilen ki\u015fi d\u0131\u015f\u0131nda ba\u015fkalar\u0131na ula\u015fmamas\u0131 i\u00e7in g\u00f6nderilen adrese ve i\u00e7erdi\u011fi bilgilere azami bi\u00e7imde \u00f6zen g\u00f6sterilmesi gerekmektedir.<\/span><\/li>\n<li class=\"li2\"><span class=\"s1\">Burdur\u00a0 Ticaret Borsas\u0131 ile ilgili olan hi\u00e7bir gizli bilgi, g\u00f6nderilen mesajlarda yer alamaz. Bunun kapsam\u0131na i\u00e7erisine ili\u015ftirilen \u00f6\u011feler de dahildir.<\/span><\/li>\n<li class=\"li2\"><span class=\"s1\">Zincir mesajlar ve mesajlara ili\u015ftirilmi\u015f her t\u00fcrl\u00fc \u00e7al\u0131\u015ft\u0131r\u0131labilir dosya i\u00e7eren e-postalar al\u0131nd\u0131\u011f\u0131nda hemen silinmeli ve kesinlikle ba\u015fkalar\u0131na iletilmemelidir.<\/span><\/li>\n<li class=\"li2\"><span class=\"s1\">Ki\u015fisel kullan\u0131m i\u00e7in Internet\u2019teki listelere \u00fcye olunmas\u0131 durumunda Burdur\u00a0 Ticaret Borsas\u0131\u2019n\u0131n e-posta adresleri kullan\u0131lmamal\u0131d\u0131r.<\/span><\/li>\n<li class=\"li2\"><span class=\"s1\">Spam, zincir e-posta, sahte e-posta vb. zararl\u0131 e-postalara yan\u0131t yaz\u0131lmamal\u0131d\u0131r.<\/span><\/li>\n<li class=\"li2\"><span class=\"s1\">Kullan\u0131c\u0131lar\u0131n kullan\u0131c\u0131 kodu\/\u015fifresini girmesini isteyen e-postalar\u0131n sahte e-posta olabilece\u011fi dikkate al\u0131narak, herhangi bir i\u015flem yap\u0131lmaks\u0131z\u0131n derhal silinmelidir.<\/span><\/li>\n<li class=\"li2\"><span class=\"s1\">\u00c7al\u0131\u015fanlar e-posta ile uygun olmayan i\u00e7erikler (pornografi, \u0131rk\u00e7\u0131l\u0131k, siyasi propaganda, fikri m\u00fclkiyet i\u00e7eren malzeme, vb) g\u00f6nderemezler.<\/span><\/li>\n<\/ol>\n<p class=\"p1\">\n<\/li>\n<li>\n<p class=\"p1\"><span class=\"s1\"><b>Ki\u015fisel Kullan\u0131m<\/b><\/span><\/p>\n<ol class=\"ol1\">\n<li class=\"li2\"><span class=\"s1\">Burdur\u00a0 Ticaret Borsas\u0131 \u2019n\u0131n ki\u015fisel ama\u00e7lar i\u00e7in e-posta kullan\u0131m\u0131 m\u00fcmk\u00fcn oldu\u011funca makul seviyede olmal\u0131d\u0131r. Ayr\u0131ca i\u015f d\u0131\u015f\u0131ndaki e-postalar farkl\u0131 bir klas\u00f6r i\u00e7erisinde saklanmal\u0131d\u0131r.<\/span><\/li>\n<li class=\"li2\"><span class=\"s1\">\u00c7al\u0131\u015fanlar, mesajlar\u0131n\u0131n yetkisiz ki\u015filer taraf\u0131ndan okunmas\u0131n\u0131 engellemelidirler. Bu y\u00fczden \u015fifre kullan\u0131lmal\u0131 ve e-posta eri\u015fimi i\u00e7in kullan\u0131lan donan\u0131m\/yaz\u0131l\u0131m sistemleri yetkisiz eri\u015fimlere kar\u015f\u0131 korunmal\u0131d\u0131r.<\/span><\/li>\n<li class=\"li2\"><span class=\"s1\">Kullan\u0131c\u0131lar\u0131n kullan\u0131c\u0131 kodu\/\u015fifresini girmesini isteyen e-maillerin sahte e-mail olabilece\u011fi dikkate al\u0131narak, herhangi bir i\u015flem yap\u0131lmaks\u0131z\u0131n derhal silinmelidir.<\/span><\/li>\n<li class=\"li2\"><span class=\"s1\">Burdur\u00a0 Ticaret Borsas\u0131 \u00e7al\u0131\u015fanlar\u0131 mesajlar\u0131n\u0131 d\u00fczenli olarak kontrol etmeli ve Burdur\u00a0 Ticaret Borsas\u0131\u2019na gelen mesajlar\u0131 cevapland\u0131rmal\u0131d\u0131r.<\/span><\/li>\n<li class=\"li2\"><span class=\"s1\">Burdur\u00a0 Ticaret Borsas\u0131\u2019 n\u0131n \u00e7al\u0131\u015fanlar\u0131 e-postalar\u0131n Burdur\u00a0 Ticaret Borsas\u0131\u2019 n\u0131n d\u0131\u015f\u0131ndaki \u015fah\u0131slar ve yetkisiz \u015fah\u0131slar taraf\u0131ndan g\u00f6r\u00fclmesi ve okunmas\u0131n\u0131 engellemekten sorumludurlar.<\/span><\/li>\n<li class=\"li2\"><span class=\"s1\">Kayna\u011f\u0131 bilinmeyen e-posta ekinde gelen dosyalar kesinlikle a\u00e7\u0131lmamal\u0131 ve derhal silinmelidir.\u00a0\u00a0 Elektronik postalar\u0131n s\u0131k s\u0131k g\u00f6zden ge\u00e7irilmesi, gelen mesajlar\u0131n uzun s\u00fcreli olarak genel elektronik posta sunucusunda b\u0131rak\u0131lmamas\u0131 ve bilgisayardaki ki\u015fisel klas\u00f6r\u2019e (personel folder) \u00e7ekilmelidir.<\/span><\/li>\n<\/ol>\n<p class=\"p1\"><span class=\"s1\"><b>G\u00f6zlemleme<\/b><\/span><\/p>\n<ul class=\"ul1\">\n<li class=\"li2\"><span class=\"s1\">Burdur\u00a0 Ticaret Borsas\u0131 \u00e7al\u0131\u015fanlar\u0131 g\u00f6nderdikleri, ald\u0131klar\u0131 veya saklad\u0131klar\u0131 e-maillerde ki\u015fisellik aramamal\u0131d\u0131r. Bu y\u00fczden yetkili ki\u015filer \u00f6nceden haber vermeksizin e-mail mesajlar\u0131n\u0131 denetleyebilirler.<\/span><\/li>\n<\/ul>\n<p class=\"p1\"><span class=\"s1\"><b>E-Posta Virus Koruma<\/b><\/span><\/p>\n<p class=\"p1\"><span class=\"s1\">Virus, solucan, Truva At\u0131 veya di\u011fer zararl\u0131 kodlar bula\u015fm\u0131\u015f olan bir e-posta kullan\u0131c\u0131ya zarar verebilir. Bu t\u00fcr viruslerle bula\u015fm\u0131\u015f e-postalar Anti-virus sistemleri taraf\u0131ndan analiz edilip temizlenmelidir.<\/span><\/p>\n<p class=\"p1\"><span class=\"s1\">Burdur Ticaret Borsas\u0131 Y\u00f6netim Kurulu\u2019nun\u00a0<b>22\/01\/202<\/b>3<b>\u00a0 tarih, 230\/12\u00a0<\/b>say\u0131l\u0131 karar\u0131 ileg\u00fcncellenmi\u015ftir<b>.<\/b><\/span><\/p>\n<p class=\"p1\"><span class=\"s1\"><b>\u00d6mer Faruk G\u00dcND\u00dcZALP<\/b><\/span><\/p>\n<p class=\"p1\"><span class=\"s1\"><b>Y\u00f6n. Kur.\u00a0 B\u015fk.<\/b><\/span><\/p>\n<\/li>\n<\/ul>\n<p>\n<\/div><div class=\"btClear btSeparator topSmallSpaced bottomSmallSpaced noBorder\" ><hr><\/div><\/div><\/div><\/div><\/div><\/div><\/div><\/div><\/section><\/p>\n","protected":false},"excerpt":{"rendered":"","protected":false},"author":8,"featured_media":0,"parent":0,"menu_order":0,"comment_status":"closed","ping_status":"closed","template":"","meta":{"footnotes":""},"class_list":["post-4696","page","type-page","status-publish","hentry"],"_links":{"self":[{"href":"https:\/\/www.burdurtb.org.tr\/tr\/wp-json\/wp\/v2\/pages\/4696","targetHints":{"allow":["GET"]}}],"collection":[{"href":"https:\/\/www.burdurtb.org.tr\/tr\/wp-json\/wp\/v2\/pages"}],"about":[{"href":"https:\/\/www.burdurtb.org.tr\/tr\/wp-json\/wp\/v2\/types\/page"}],"author":[{"embeddable":true,"href":"https:\/\/www.burdurtb.org.tr\/tr\/wp-json\/wp\/v2\/users\/8"}],"replies":[{"embeddable":true,"href":"https:\/\/www.burdurtb.org.tr\/tr\/wp-json\/wp\/v2\/comments?post=4696"}],"version-history":[{"count":2,"href":"https:\/\/www.burdurtb.org.tr\/tr\/wp-json\/wp\/v2\/pages\/4696\/revisions"}],"predecessor-version":[{"id":5540,"href":"https:\/\/www.burdurtb.org.tr\/tr\/wp-json\/wp\/v2\/pages\/4696\/revisions\/5540"}],"wp:attachment":[{"href":"https:\/\/www.burdurtb.org.tr\/tr\/wp-json\/wp\/v2\/media?parent=4696"}],"curies":[{"name":"wp","href":"https:\/\/api.w.org\/{rel}","templated":true}]}}