{"id":4702,"date":"2024-05-20T08:43:04","date_gmt":"2024-05-20T08:43:04","guid":{"rendered":"https:\/\/www.burdurtb.org.tr\/tr\/?page_id=4702"},"modified":"2024-12-12T08:18:40","modified_gmt":"2024-12-12T08:18:40","slug":"mali-politika","status":"publish","type":"page","link":"https:\/\/www.burdurtb.org.tr\/tr\/mali-politika\/","title":{"rendered":"Mali Politika"},"content":{"rendered":"<p><section id=\"bt_section69e9da6c86476\"  class=\"boldSection gutter \" ><div class=\"port\"><div class=\"boldCell\"><div class=\"boldCellInner\"><\/div><\/div><\/div><\/section><section id=\"bt_section69e9da6c864a4\"  class=\"boldSection gutter \" ><div class=\"port\"><div class=\"boldCell\"><div class=\"boldCellInner\"><div class=\"boldRow \" ><div class=\"boldRowInner\"><div class=\"rowItem col-md-6 col-sm-12 btTextLeft animate animate-fadein inherit\"  data-width=\"6\"><div class=\"rowItemContent\" ><div class=\"bpgPhoto btDefaultHoverType\" ><div class = \"btImage\"><img decoding=\"async\" src=\"https:\/\/www.burdurtb.org.tr\/tr\/wp-content\/uploads\/2024\/12\/Ekran-Resmi-2024-12-12-10.46.13-640x324.png\" alt=\"\" title=\"\"><\/div><\/div><div class=\"btClear btSeparator topSmallSpaced bottomSmallSpaced noBorder\" ><hr><\/div><\/div><\/div><div class=\"rowItem col-md-6 col-sm-12 btTextLeft animate animate-fadein inherit\"  data-width=\"6\"><div class=\"rowItemContent\" ><header class=\"header btClear large btDash bottomDash  regular\" ><div class=\"btSuperTitle\"><span>KURUMSAL<\/span><\/div><div class=\"dash\"><h2><span class=\"headline\">Mali Politika<\/span><\/h2><\/div><div class=\"btSubTitle\">BURDUR T\u0130CARET BORSASI MAL\u0130 POL\u0130T\u0130KASI<br \/><br><\/div><\/header><div class=\"btClear btSeparator topSmallSpaced noBorder\" ><hr><\/div><div class=\"btText\" ><\/p>\n<ul>\n<li>\n<p class=\"p1\"><span class=\"s1\">Burdur Ticaret Borsas\u0131, 5174 say\u0131l\u0131 kanunda yaz\u0131l\u0131 esaslar \u00e7er\u00e7evesinde borsaya dahil maddelerin al\u0131m sat\u0131m\u0131 ve borsada olu\u015fan fiyatlar\u0131n tespit,tescil ve ilan\u0131 i\u015fleriyle me\u015fgul olmak \u00fczere\u00a0 1989 y\u0131l\u0131nda kurulmu\u015ftur.<\/span><\/p>\n<p class=\"p1\"><span class=\"s1\">Burdur Ticaret Borsas\u0131 5174 say\u0131l\u0131 kanunun vermi\u015f oldu\u011fu yetki ile \u00fcyelerinden alm\u0131\u015f oldu\u011fu kay\u0131t \u00fccreti, y\u0131ll\u0131k aidat, muamele tescil \u00fccreti, yap\u0131lan hizmetler kar\u015f\u0131l\u0131\u011f\u0131 al\u0131nan \u00fccretler, belge bedelleri, yay\u0131n gelirleri, ba\u011f\u0131\u015f-yard\u0131m, i\u015ftiraklerden ve sair gelirlerden olu\u015fan kaynaklar\u0131 ile yukar\u0131da belirtilen kurulu\u015f ama\u00e7lar\u0131n\u0131 yerine getirmek \u00fczere yapaca\u011f\u0131 harcamalar\u0131n mali politikas\u0131n\u0131 olu\u015fturmaktad\u0131r.<\/span><\/p>\n<p class=\"p1\"><span class=\"s1\"><b>MAL\u0130 Y\u00d6NET\u0130M<\/b><\/span><\/p>\n<p class=\"p1\"><span class=\"s1\">Burdur Ticaret Borsas\u0131nda\u00a0 Mali kaynaklar\u0131n\u00a0 y\u00f6netimi, izlenmesi ve kontrol\u00fc \u00a0genel kabul\u00a0 g\u00f6rm\u00fc\u015f muhasebe ilkeleri\u00a0 , tekd\u00fczen muhasebe sistemi uygulamalar\u0131 ve zaman\u0131nda ve do\u011fru mali bilgiler ile sa\u011flanmaktad\u0131r. Borsam\u0131z, meclisinin onaylad\u0131\u011f\u0131 bir b\u00fct\u00e7e ile\u00a0 faaliyet g\u00f6stermektedir.<\/span><\/p>\n<p class=\"p1\"><span class=\"s1\">Y\u00f6netim Kurulu taraf\u0131ndan her ay ola\u011fan bir \u015fekilde ayl\u0131k k\u00fcm\u00fcle mizan ve b\u00fct\u00e7e izleme raporu Borsa Meclisine sunulmaktad\u0131r. B\u00fct\u00e7e, Bilan\u00e7o, Gelir Gider tablolar\u0131n\u0131n haz\u0131rl\u0131k a\u015famalar\u0131nda ise Hesaplar\u0131 \u0130nceleme Komisyonu \u00a0taraf\u0131ndan\u00a0 Borsa Meclisine \u00a0rapor verilmektedir.<\/span><\/p>\n<p class=\"p1\"><span class=\"s1\">Borsam\u0131z hukuki temsilcisi Y\u00f6netim Kurulu Ba\u015fkan\u0131d\u0131r. Burdur Ticaret Borsas\u0131n\u0131 ilzam edecek her t\u00fcrl\u00fc i\u015f ve i\u015flem Borsa Resmi M\u00fchr\u00fcn\u00fcn ilavesi suretiyle ,Y\u00f6netim Kurulu Ba\u015fkan\u0131 veya Ba\u015fkan Yard\u0131mc\u0131lar\u0131ndan biri ile birlikte Genel Sekreter veya Sayman \u00dcye m\u00fc\u015ftereken yetkilidir.<\/span><\/p>\n<p class=\"p1\"><span class=\"s1\">Burdur Ticaret Borsas\u0131 Mali Y\u00f6netimini 3 ba\u015fl\u0131k alt\u0131nda s\u0131n\u0131fland\u0131rabiliriz.<\/span><\/p>\n<p class=\"p1\"><span class=\"s1\"><b>A) MUHASEBE\u00a0 Y\u00d6NET\u0130M\u0130<\/b><\/span><\/p>\n<p class=\"p1\"><span class=\"s1\">Burdur Ticaret Borsas\u0131 faaliyetleri sonucu ortaya \u00e7\u0131kan varl\u0131klar\u0131 ve y\u00fck\u00fcml\u00fcl\u00fckleri \u00fczerinde de\u011fi\u015fim\u00a0 yaratan mali nitelikli i\u015flemlere ili\u015fkin bilgileri kaydetme, s\u0131n\u0131fland\u0131rma,\u00a0 \u00f6zetleme,\u00a0 \u00e7\u00f6z\u00fcmleme ve yorumlama\u00a0 ilkeleri ve y\u00f6ntemleridir.<\/span><\/p>\n<p class=\"p1\"><span class=\"s1\"><b>AMA\u00c7 \u2013 KAPSAM :<\/b><\/span><\/p>\n<p class=\"p1\"><span class=\"s1\">Burdur Ticaret Borsas\u0131, 5174 say\u0131l\u0131 Kanun ile B\u00fct\u00e7e ve Muhasebe Y\u00f6netmeli\u011fi dahilinde Meclis Kurulunun onaylayaca\u011f\u0131 y\u0131ll\u0131k cari b\u00fct\u00e7esini haz\u0131rlamakta ve y\u0131l i\u00e7erisinde faaliyetlerini b\u00fct\u00e7eye g\u00f6re y\u00fcr\u00fctmektedir. Borsa b\u00fct\u00e7esi, Birlik\u00e7e haz\u0131rlanacak tipe ve tespit olunacak muhasebe usullerine uygun olarak, y\u00f6netim kurulunca haz\u0131rlan\u0131r ve meclis kurulu taraf\u0131ndan onaylan\u0131r. B\u00fct\u00e7e, takvim y\u0131l\u0131na g\u00f6re d\u00fczenlenir.<\/span><\/p>\n<p class=\"p1\"><span class=\"s1\"><b>UYGULAMA:<\/b><\/span><\/p>\n<p class=\"p1\"><span class=\"s1\">B\u00fct\u00e7eden harcama, Y\u00f6netim Kurulu Ba\u015fkan\u0131 veya Ba\u015fkan Yard\u0131mc\u0131lar\u0131ndan biri ile birlikte\u00a0 Genel Sekreter veya Sayman \u00fcyenin m\u00fc\u015fterek imzalar\u0131 ile yap\u0131l\u0131r.<\/span><\/p>\n<p class=\"p1\"><span class=\"s1\">Y\u00f6netim Kurulunun \u00f6nerisi \u00fczerine Meclis Kurulu taraf\u0131ndan tespit edilen \u00a0miktar kadar harcama, sonradan y\u00f6netim kurulunun onay\u0131na sunulmak \u015fart\u0131yla, Genel Sekreter taraf\u0131ndan re\u2019sen yap\u0131labilir.<\/span><\/p>\n<p class=\"p1\"><span class=\"s1\">Yine ayn\u0131 kanun \u00e7er\u00e7evesince B\u00fct\u00e7e ve Muhasebe Y\u00f6netmeli\u011fine g\u00f6re hareket eden Burdur Ticaret Borsas\u0131, genel kabul g\u00f6rm\u00fc\u015f muhasebe ilkelerine ve tek d\u00fczen hesap plan\u0131na uygun olarak muhasebe kay\u0131tlar\u0131n\u0131 d\u00fczenlemektedir.<\/span><\/p>\n<p class=\"p1\"><span class=\"s1\">Genel kabul g\u00f6rm\u00fc\u015f muhasebe ilkeleri do\u011frultusunda \u015feffafl\u0131k, do\u011fru bilgi, zaman\u0131nda bilgi sa\u011flamak ad\u0131na sistemini kurmu\u015f, mali kaynaklar\u0131n ve harcamalar\u0131n kontrol ve y\u00f6netimini kolayla\u015ft\u0131rmak i\u00e7in d\u00fczenli olarak mali raporlar\u0131n\u0131 kurul, komisyon ve ilgililere sunmaktad\u0131r.<\/span><\/p>\n<p class=\"p1\"><span class=\"s1\">Burdur Ticaret Borsas\u0131 y\u0131ll\u0131k gelirlerine g\u00f6re (kaynak), harcamalar\u0131n\u0131 planlamaktad\u0131r. Bu plan \u00e7er\u00e7evesince harcamalar\u0131n\u0131 d\u00fczenlemekte ve kaynak-harcama dengesini sa\u011flamaktad\u0131r.<\/span><\/p>\n<p class=\"p1\"><span class=\"s1\"><b>RAPORLAMA \u2013 DE\u011eERLEND\u0130RME<\/b><\/span><\/p>\n<p class=\"p1\"><span class=\"s1\">5174 say\u0131l\u0131 Kanun ve B\u00fct\u00e7e ve Muhasebe y\u00f6netmeli\u011fi madde 30\u2019a g\u00f6re: Kesin hesap; mizan, bilan\u00e7o, b\u00fct\u00e7e giderleri ve b\u00fct\u00e7e gelirleri kesin hesap cetvelleri ile ihtiya\u00e7 duyulan di\u011fer cetvellerden olu\u015fur.<\/span><\/p>\n<p class=\"p1\"><span class=\"s1\">Oda ve borsalarda kesin hesap, ilgili oldu\u011fu mali y\u0131l\u0131n sonundan ba\u015flayarak en ge\u00e7 iki ay i\u00e7inde y\u00f6netim kurulu taraf\u0131ndan meclise sunulur.<\/span><\/p>\n<p class=\"p1\"><span class=\"s1\">Meclise sunulan kesin hesap incelenmek \u00fczere hesaplar\u0131 inceleme komisyonuna havale edilir. Komisyon, kendisine havale edilen kesin hesab\u0131 meclis ba\u015fkan\u0131n\u0131n belirleyece\u011fi s\u00fcre i\u00e7inde inceleyerek g\u00f6r\u00fc\u015f\u00fcn\u00fc bir rapor halinde d\u00fczenler ve meclise sunar.<\/span><\/p>\n<p class=\"p1\"><span class=\"s1\">Meclis, komisyonun haz\u0131rlad\u0131\u011f\u0131 raporu da dikkate alarak kesin hesab\u0131 ilgili oldu\u011fu mali y\u0131l\u0131n sonundan ba\u015flayarak en ge\u00e7 \u00fc\u00e7 ay i\u00e7inde onaylar veya reddeder.<\/span><\/p>\n<p class=\"p1\"><span class=\"s1\">Kesin hesab\u0131n onaylanmas\u0131 halinde y\u00f6netim kurulu ibra edilmi\u015f say\u0131l\u0131r.<\/span><\/p>\n<p class=\"p1\"><span class=\"s1\"><b>B) F\u0130NANSAL Y\u00d6NET\u0130M :<\/b><\/span><\/p>\n<p class=\"p1\"><span class=\"s1\">Burdur Ticaret Borsas\u0131 sahip oldu\u011fu varl\u0131klar\u0131 vadeli mevduat olarak, i\u015ftirak olarak, repo yaparak de\u011ferlendirmektedir.<\/span><\/p>\n<p class=\"p1\"><span class=\"s1\">Y\u00f6netim Kurulu y\u00fcr\u00fctme organ\u0131 olmakla birlikte Hesaplar\u0131 \u0130nceleme komisyonu finansal y\u00f6netimle ilgili meclise g\u00f6r\u00fc\u015flerini rapor halinde sunabilir. Sayman \u00fcye kaynaklar\u0131n de\u011ferlendirilmesi, gelirin art\u0131r\u0131lmas\u0131 vb. konularda y\u00f6netim kuruluna bilgi verir.<\/span><\/p>\n<p class=\"p1\"><span class=\"s1\"><b>C) DENET\u0130M :<\/b><\/span><\/p>\n<p class=\"p1\"><span class=\"s1\">Borsam\u0131z mevcut kaynaklar\u0131 en etkin bi\u00e7imde kullanarak daha kaliteli hizmet sunma gayreti \u00a0i\u00e7indedir. Mali y\u00f6netim ve kontrol bu aray\u0131\u015flar\u0131n bir \u00fcr\u00fcn\u00fc olarak y\u00f6netime yeterli bilgi ve g\u00fcvence sa\u011flayan y\u00f6netim ara\u00e7lar\u0131d\u0131r.<\/span><\/p>\n<p class=\"p1\"><span class=\"s1\">Burdur Ticaret Borsas\u0131\u00a0 Y\u00f6netim Kurulu, gerekli g\u00f6rd\u00fc\u011f\u00fcnde mali yap\u0131s\u0131n\u0131 ba\u011f\u0131ms\u0131z denetim kurulu\u015flar\u0131na denetletebilir. Mali beyanlar\u0131n ve y\u00f6netim hesaplar\u0131n\u0131n uygunlu\u011fu ayl\u0131k raporlar halinde sunulmaktad\u0131r.<\/span><\/p>\n<p class=\"p1\"><span class=\"s1\">Y\u00f6netimde sa\u011fl\u0131kl\u0131 bir kontrol bilinci olu\u015fturulmas\u0131 ve etkin bir mali kontrol ortam\u0131 ve \u00f6rg\u00fctsel yap\u0131 kurulmas\u0131 ve i\u015fletilmesi y\u00f6netimin temel g\u00f6revleri aras\u0131ndad\u0131r.<\/span><\/p>\n<p class=\"p1\"><span class=\"s1\">Mekanizmalar\u0131n beklendi\u011fi gibi \u00e7al\u0131\u015f\u0131p \u00e7al\u0131\u015fmad\u0131\u011f\u0131n\u0131n ve elde edilen sonu\u00e7lar\u0131n yeterli olup olmad\u0131\u011f\u0131n\u0131n denetlenmesi kurumumuz a\u00e7\u0131s\u0131ndan son derece \u00f6nemlidir.<\/span><\/p>\n<p class=\"p1\"><span class=\"s1\">Ayr\u0131ca B\u00fct\u00e7e ve Muhasebe y\u00f6netmeli\u011finin 61. maddesine istinaden Hesaplar\u0131 \u0130nceleme Komisyonu kurulmu\u015ftur. Tahsilat ve harcamalar ile di\u011fer muhasebe i\u015f ve i\u015flemleri sayman \u00fcye taraf\u0131ndan her zaman, Hesaplar\u0131 \u0130nceleme Komisyonu taraf\u0131ndan ise toplant\u0131 d\u00f6nemlerinde kontrol edilebilir.<\/span><\/p>\n<p class=\"p1\"><span class=\"s1\">5174 say\u0131l\u0131 kanununun 40. maddesine g\u00f6re ise y\u00f6netim kurulu \u00fcyeleri aralar\u0131ndan bir sayman \u00fcye se\u00e7er. Y\u00f6netmelik 60. maddesine g\u00f6re Sayman \u00fcye her zaman harcama ve gelirlerle ilgili olarak denetleme yapabilir.<\/span><\/p>\n<p class=\"p1\"><span class=\"s1\">Mevzuata ayk\u0131r\u0131 i\u015flemler ile g\u00f6r\u00fclen aksakl\u0131k ve eksiklikler sayman \u00fcye taraf\u0131ndan y\u00f6netim kuruluna, Hesaplar\u0131 inceleme komisyonu taraf\u0131ndan ise Meclise\u00a0 bir rapor halinde bildirilir.<\/span><\/p>\n<p class=\"p1\"><span class=\"s1\">Burdur Ticaret Borsas\u0131 Mali Y\u00f6netim ve Kontrollerin Kapsam\u0131<\/span><\/p>\n<ul class=\"ul1\">\n<li class=\"li2\"><span class=\"s1\">\u0130yi mali y\u00f6netim ve kontrol prensiplerinin, karar alma s\u00fcre\u00e7lerine ve y\u00f6netime destek sa\u011flayan ili\u015fkili sistemlere, politikalara ve prosed\u00fcrlere dahil edilmesi,<\/span><\/li>\n<li class=\"li2\"><span class=\"s1\">Kurumsal stratejilerin , \u00f6nceliklerin, ama\u00e7lar\u0131n, hedeflerin ve planlanan\u00a0 performans\u0131n duyurulmas\u0131.<\/span><\/li>\n<li class=\"li2\"><span class=\"s1\">Kaynaklar\u0131n izin verilen ama\u00e7lar do\u011frultusunda elde edilmesi, tahsis edilmesi ve bunlar\u0131n kay\u0131plardan korunmas\u0131 amac\u0131yla sistemlerin\u00a0 olu\u015fturulmas\u0131 ve uygulamalar\u0131n y\u00fcr\u00fcrl\u00fc\u011fe konulmas\u0131.<\/span><\/li>\n<li class=\"li2\"><span class=\"s1\">Al\u0131nan kararlar\u0131n mali sonu\u00e7lar\u0131nda ve hedeflenen performansta meydana gelen sapmalar hakk\u0131nda y\u00f6netime gerekli g\u00fcvenilir bilgilerin sa\u011flanmas\u0131. Mali planda iyile\u015ftirici \u00f6nlemlerin al\u0131nabilmesi\u00a0 amac\u0131yla yap\u0131lacak de\u011fi\u015fikliklerin analiz edilmesi ve bu de\u011fi\u015fikliklerin belirlenmesi.<\/span><\/li>\n<li class=\"li2\"><span class=\"s1\">Devredilen yetkinin\u00a0 uygulanmas\u0131na\u00a0 kaynaklar\u0131n kullan\u0131lmas\u0131na ve sonu\u00e7lara ula\u015f\u0131lmas\u0131na ili\u015fkin hesap verme sorumlulu\u011funun sa\u011flanmas\u0131 ama\u00e7lar\u0131 ta\u015f\u0131maktad\u0131r.<\/span><\/li>\n<\/ul>\n<p class=\"p1\"><span class=\"s1\">Burdur Ticaret Borsas\u0131 Y\u00f6netim Kurulu\u2019nun\u00a0\u00a0<b>22 \/ 01 \/ 2023\u00a0 tarih, 230\/12\u00a0<\/b>say\u0131l\u0131 karar\u0131 ileg\u00fcncellenmi\u015ftir<b>.<\/b><\/span><\/p>\n<p class=\"p1\"><span class=\"s1\"><b>\u00d6mer Faruk G\u00dcND\u00dcZALP<\/b><\/span><\/p>\n<p class=\"p1\"><span class=\"s1\"><b>Y\u00f6n. Kur.\u00a0 B\u015fk.<\/b><\/span><\/p>\n<\/li>\n<\/ul>\n<p>\n<\/div><div class=\"btClear btSeparator topSmallSpaced bottomSmallSpaced noBorder\" ><hr><\/div><\/div><\/div><\/div><\/div><\/div><\/div><\/div><\/section><\/p>\n","protected":false},"excerpt":{"rendered":"","protected":false},"author":8,"featured_media":0,"parent":0,"menu_order":0,"comment_status":"closed","ping_status":"closed","template":"","meta":{"footnotes":""},"class_list":["post-4702","page","type-page","status-publish","hentry"],"_links":{"self":[{"href":"https:\/\/www.burdurtb.org.tr\/tr\/wp-json\/wp\/v2\/pages\/4702","targetHints":{"allow":["GET"]}}],"collection":[{"href":"https:\/\/www.burdurtb.org.tr\/tr\/wp-json\/wp\/v2\/pages"}],"about":[{"href":"https:\/\/www.burdurtb.org.tr\/tr\/wp-json\/wp\/v2\/types\/page"}],"author":[{"embeddable":true,"href":"https:\/\/www.burdurtb.org.tr\/tr\/wp-json\/wp\/v2\/users\/8"}],"replies":[{"embeddable":true,"href":"https:\/\/www.burdurtb.org.tr\/tr\/wp-json\/wp\/v2\/comments?post=4702"}],"version-history":[{"count":2,"href":"https:\/\/www.burdurtb.org.tr\/tr\/wp-json\/wp\/v2\/pages\/4702\/revisions"}],"predecessor-version":[{"id":5544,"href":"https:\/\/www.burdurtb.org.tr\/tr\/wp-json\/wp\/v2\/pages\/4702\/revisions\/5544"}],"wp:attachment":[{"href":"https:\/\/www.burdurtb.org.tr\/tr\/wp-json\/wp\/v2\/media?parent=4702"}],"curies":[{"name":"wp","href":"https:\/\/api.w.org\/{rel}","templated":true}]}}