{"id":4704,"date":"2024-05-20T08:43:28","date_gmt":"2024-05-20T08:43:28","guid":{"rendered":"https:\/\/www.burdurtb.org.tr\/tr\/?page_id=4704"},"modified":"2024-12-12T08:19:42","modified_gmt":"2024-12-12T08:19:42","slug":"sifre-politikasi","status":"publish","type":"page","link":"https:\/\/www.burdurtb.org.tr\/tr\/sifre-politikasi\/","title":{"rendered":"\u015eifre Politikas\u0131"},"content":{"rendered":"<section id=\"bt_section69e9dcba573e1\"  class=\"boldSection gutter \" ><div class=\"port\"><div class=\"boldCell\"><div class=\"boldCellInner\"><div class=\"boldRow \" ><div class=\"boldRowInner\"><div class=\"rowItem col-md-6 col-sm-12 btTextLeft animate animate-fadein inherit\"  data-width=\"6\"><div class=\"rowItemContent\" ><div class=\"bpgPhoto btDefaultHoverType\" ><div class = \"btImage\"><img decoding=\"async\" src=\"https:\/\/www.burdurtb.org.tr\/tr\/wp-content\/uploads\/2024\/12\/Ekran-Resmi-2024-12-12-10.46.13-640x324.png\" alt=\"\" title=\"\"><\/div><\/div><div class=\"btClear btSeparator topSmallSpaced bottomSmallSpaced noBorder\" ><hr><\/div><\/div><\/div><div class=\"rowItem col-md-6 col-sm-12 btTextLeft animate animate-fadein inherit\"  data-width=\"6\"><div class=\"rowItemContent\" ><header class=\"header btClear large btDash bottomDash  regular\" ><div class=\"btSuperTitle\"><span>KURUMSAL<\/span><\/div><div class=\"dash\"><h2><span class=\"headline\">\u015eifre Politikas\u0131<\/span><\/h2><\/div><div class=\"btSubTitle\">BURDUR T\u0130CARET BORSASI \u015e\u0130FRE POL\u0130T\u0130KASI<\/div><\/header><div class=\"btClear btSeparator topSmallSpaced noBorder\" ><hr><\/div><div class=\"btText\" ><\/p>\n<ul>\n<li>\n<ol class=\"ol1\">\n<li class=\"li1\"><b><\/b><span class=\"s2\"><b>Genel \u015eifre Olu\u015fturma Kurallar\u0131<\/b><\/span><\/li>\n<li class=\"li1\"><span class=\"s2\">\u015eifreler sekizden daha az karaktere sahip olmamal\u0131d\u0131r.<\/span><\/li>\n<li class=\"li1\"><span class=\"s2\">\u015eifreler a\u015fa\u011f\u0131daki gibi ortak de\u011ferler olmamal\u0131d\u0131r<\/span><\/li>\n<li class=\"li1\"><span class=\"s2\">Ailesinin,\u00a0 arkada\u015f\u0131n\u0131n,\u00a0 sahip oldu\u011fu bir hayvan\u0131n veya bir sanat\u00e7\u0131n\u0131n ismi.<\/span><\/li>\n<li class=\"li1\"><span class=\"s2\">\u00a0Bilgisayar terminolojisi ve isimleri, komutlar, siteler, \u015firketler, donan\u0131m veya yaz\u0131l\u0131m gibi.<\/span><\/li>\n<li class=\"li1\"><span class=\"s2\">\u201cborsa\u201d, \u201cBurdur\u201d gibi isimler.<\/span><\/li>\n<li class=\"li1\"><span class=\"s2\">Do\u011fum tarihi veya adres ve telefon numaralari gibi ki\u015fisel bilgiler.<\/span><\/li>\n<li class=\"li1\"><span class=\"s2\">Aaabbb, qwerty,zyxwuts, 123321 vs. gibi harf veya rakamlar.<\/span><\/li>\n<li class=\"li1\"><span class=\"s2\">Yukardaki herhangi bir kelimenin geri yaz\u0131l\u0131\u015f \u015fekli.<\/span><\/li>\n<li class=\"li1\"><span class=\"s2\">Yukandaki herhangi bir kelimenin rakamla takip edilmesi (\u00f6rnek ,gizli1, gizli2).<\/span><\/li>\n<\/ol>\n<p class=\"p2\"><span class=\"s2\"><b>\u015eifreler a\u015fa\u011f\u0131daki karakteristiklere sahip olmal\u0131d\u0131r.<\/b><\/span><\/p>\n<ul class=\"ul1\">\n<li class=\"li1\"><span class=\"s2\">K\u00fc\u00e7\u00fck ve b\u00fcy\u00fck karakterlere sahip olmal\u0131 (\u00f6rnek, a-z, A-Z)<\/span><\/li>\n<li class=\"li1\"><span class=\"s2\">Hem dijit hem de noktalama karakterleri ve ayr\u0131ca harflere sahiptir. (0-9, !@#$%<\/span><span class=\"s3\"><sup>A<\/sup><\/span><span class=\"s2\">&amp;*()_+|~-=V{}[]:\u201d;'&lt;&gt;?,\/)<\/span><\/li>\n<li class=\"li1\"><span class=\"s2\">Herhangi bir dildeki argo, leh\u00e7e veya teknik bir kelime olmamal\u0131d\u0131r.<\/span><\/li>\n<li class=\"li1\"><span class=\"s2\">\u015eifreler herhangi bir yere yaz\u0131lmamal\u0131d\u0131r veya elektronik ortamda tutulmamal\u0131d\u0131r. Kolayca hat\u0131rlanabilen \u015fifreler olu\u015fturulmal\u0131d\u0131r. \u00d6rnek olarak; \u201ctarih de\u011fil; hatalar tekerr\u00fcr eder\u201d c\u00fcmlesi \u201cTd,HtE!\u201d veya t\u00fcrevleri \u015feklinde olabilir.<\/span><\/li>\n<\/ul>\n<p class=\"p2\"><span class=\"s2\">Not: Yukandaki herhangi bir \u00f6rne\u011fi \u015fifre olarak kullanmay\u0131n\u0131z.<\/span><\/p>\n<p class=\"p2\"><span class=\"s2\"><b>B. \u015eifre Koruma Standartlar\u0131<\/b><\/span><\/p>\n<p class=\"p2\"><span class=\"s2\">Burdur Ticaret Borsas\u0131 b\u00fcnyesinde kullan\u0131lan \u015fifreleri kurum d\u0131\u015f\u0131nda herhangi bir \u015fekilde kullanmay\u0131n\u0131z. (\u00f6rnek, internet eri\u015fim \u015fifreleri, bankac\u0131l\u0131k i\u015flemlerinde veya di\u011fer yerlerde). De\u011fi\u015fik sistemler i\u00e7in farkl\u0131 \u015fifreleme kullan\u0131n.<\/span><\/p>\n<p class=\"p2\"><span class=\"s2\">Burdur Ticaret Borsas\u0131 b\u00fcnyesinde kullan\u0131lan \u015fifreleri herhangi bir kimseyle payla\u015fmay\u0131n\u0131z.\u00a0 B\u00fct\u00fcn \u015fifreler Burdur Ticaret Borsas\u0131 \u2018na ait gizli bilgiler olarak d\u00fc\u015f\u00fcn\u00fclmelidir.<\/span><\/p>\n<p class=\"p2\"><span class=\"s2\"><b>a)\u00a0 A\u015fa\u011f\u0131dakiler yap\u0131lmayacaklar\u0131n listesidir:<\/b><\/span><\/p>\n<ul class=\"ul1\">\n<li class=\"li1\"><span class=\"s2\">Herhangi bir ki\u015fiye telefonda \u015fifre vermek.<\/span><\/li>\n<li class=\"li1\"><span class=\"s2\">E-posta mesajlar\u0131nda \u015fifre belirtmek.<\/span><\/li>\n<li class=\"li1\"><span class=\"s2\">\u00dcst y\u00f6neticinize \u015fifreleri s\u00f6ylemek.<\/span><\/li>\n<li class=\"li1\"><span class=\"s2\">Ba\u015fkalar\u0131 \u00f6n\u00fcnde \u015fifreler hakk\u0131nda konu\u015fmak.<\/span><\/li>\n<li class=\"li1\"><span class=\"s2\">Aile isimlerini \u015fifre olarak kullanmak.<\/span><\/li>\n<li class=\"li1\"><span class=\"s2\">Herhangi form \u00fczerinde \u015fifre belirtmek.<\/span><\/li>\n<li class=\"li1\"><span class=\"s2\">\u015eifreleri aile bireyleri ile payla\u015fmak.<\/span><\/li>\n<li class=\"li1\"><span class=\"s2\">\u015eifreleri i\u015ften uzakta oldu\u011funuz zamanlarda i\u015f arkada\u015flar\u0131n\u0131za bildirmek.<\/span><\/li>\n<li class=\"li1\"><span class=\"s2\">Uygulamalardaki \u201c\u015fifre hat\u0131rlama\u201d \u00f6zelliklerini se\u00e7meyiniz. (\u00f6rnek, Outlook, Internet Explorer vs.)<\/span><\/li>\n<li class=\"li1\"><span class=\"s2\">Tekrar etmek gerekirse, \u015fifreleri herhangi bir yere yazmay\u0131n\u0131z ve herhangi bir ortamda elektronik olarak saklamay\u0131n\u0131z.<\/span><\/li>\n<li class=\"li1\"><span class=\"s2\">\u015eifreler an az alt\u0131 ayda bir de\u011fi\u015ftirilmelidir.<\/span><\/li>\n<\/ul>\n<p class=\"p2\"><span class=\"s2\">Burdur Ticaret Borsas\u0131 Y\u00f6netim Kurulu\u2019nun\u00a0\u00a0<b>22 \/ 01 \/ 2023\u00a0 tarih, 230\/12\u00a0<\/b>say\u0131l\u0131 karar\u0131 ileg\u00fcncellenmi\u015ftir<b>.<\/b><\/span><\/p>\n<p class=\"p2\"><span class=\"s2\"><b>\u00d6mer Faruk G\u00dcND\u00dcZALP<\/b><\/span><\/p>\n<p class=\"p2\"><span class=\"s2\"><b>Y\u00f6n. Kur.\u00a0 B\u015fk.<\/b><\/span><\/p>\n<\/li>\n<\/ul>\n<p>\n<\/div><div class=\"btClear btSeparator topSmallSpaced bottomSmallSpaced noBorder\" ><hr><\/div><\/div><\/div><\/div><\/div><\/div><\/div><\/div><\/section>\n","protected":false},"excerpt":{"rendered":"","protected":false},"author":8,"featured_media":0,"parent":0,"menu_order":0,"comment_status":"closed","ping_status":"closed","template":"","meta":{"footnotes":""},"class_list":["post-4704","page","type-page","status-publish","hentry"],"_links":{"self":[{"href":"https:\/\/www.burdurtb.org.tr\/tr\/wp-json\/wp\/v2\/pages\/4704","targetHints":{"allow":["GET"]}}],"collection":[{"href":"https:\/\/www.burdurtb.org.tr\/tr\/wp-json\/wp\/v2\/pages"}],"about":[{"href":"https:\/\/www.burdurtb.org.tr\/tr\/wp-json\/wp\/v2\/types\/page"}],"author":[{"embeddable":true,"href":"https:\/\/www.burdurtb.org.tr\/tr\/wp-json\/wp\/v2\/users\/8"}],"replies":[{"embeddable":true,"href":"https:\/\/www.burdurtb.org.tr\/tr\/wp-json\/wp\/v2\/comments?post=4704"}],"version-history":[{"count":2,"href":"https:\/\/www.burdurtb.org.tr\/tr\/wp-json\/wp\/v2\/pages\/4704\/revisions"}],"predecessor-version":[{"id":5545,"href":"https:\/\/www.burdurtb.org.tr\/tr\/wp-json\/wp\/v2\/pages\/4704\/revisions\/5545"}],"wp:attachment":[{"href":"https:\/\/www.burdurtb.org.tr\/tr\/wp-json\/wp\/v2\/media?parent=4704"}],"curies":[{"name":"wp","href":"https:\/\/api.w.org\/{rel}","templated":true}]}}