{"id":4706,"date":"2024-05-20T08:44:05","date_gmt":"2024-05-20T08:44:05","guid":{"rendered":"https:\/\/www.burdurtb.org.tr\/tr\/?page_id=4706"},"modified":"2024-12-12T08:20:57","modified_gmt":"2024-12-12T08:20:57","slug":"temiz-ekran-masa-politikasi","status":"publish","type":"page","link":"https:\/\/www.burdurtb.org.tr\/tr\/temiz-ekran-masa-politikasi\/","title":{"rendered":"Temiz Ekran Masa Politikas\u0131"},"content":{"rendered":"<p><section id=\"bt_section69e5e3bd58bab\"  class=\"boldSection gutter \" ><div class=\"port\"><div class=\"boldCell\"><div class=\"boldCellInner\"><\/div><\/div><\/div><\/section><section id=\"bt_section69e5e3bd58bff\"  class=\"boldSection gutter \" ><div class=\"port\"><div class=\"boldCell\"><div class=\"boldCellInner\"><div class=\"boldRow \" ><div class=\"boldRowInner\"><div class=\"rowItem col-md-6 col-sm-12 btTextLeft animate animate-fadein inherit\"  data-width=\"6\"><div class=\"rowItemContent\" ><div class=\"bpgPhoto btDefaultHoverType\" ><div class = \"btImage\"><img decoding=\"async\" src=\"https:\/\/www.burdurtb.org.tr\/tr\/wp-content\/uploads\/2024\/12\/Ekran-Resmi-2024-12-12-10.46.13-640x324.png\" alt=\"\" title=\"\"><\/div><\/div><div class=\"btClear btSeparator topSmallSpaced bottomSmallSpaced noBorder\" ><hr><\/div><\/div><\/div><div class=\"rowItem col-md-6 col-sm-12 btTextLeft animate animate-fadein inherit\"  data-width=\"6\"><div class=\"rowItemContent\" ><header class=\"header btClear large btDash bottomDash  regular\" ><div class=\"btSuperTitle\"><span>KURUMSAL<\/span><\/div><div class=\"dash\"><h2><span class=\"headline\">Temiz Ekran Politikas\u0131<\/span><\/h2><\/div><div class=\"btSubTitle\">BURDUR T\u0130CARET BORSASI TEM\u0130Z EKRAN POL\u0130T\u0130KASI<\/div><\/header><div class=\"btClear btSeparator topSmallSpaced noBorder\" ><hr><\/div><div class=\"btText\" ><\/p>\n<ul>\n<li>\n<ol class=\"ol1\">\n<li class=\"li1\"><b><\/b>\n<p class=\"p1\"><span class=\"s1\"><b>1.0 Kapsam<\/b><\/span><\/p>\n<p class=\"p1\"><span class=\"s1\">Bu politikan\u0131n amac\u0131 ekranlar\u0131 temiz tutarak g\u00fcvenli\u011fi sa\u011flamakt\u0131r. Ekran koruyucunun bulunmamas\u0131 yetkisiz ki\u015filerin bilgisayar ortam\u0131nda bulunan bilgilere eri\u015filmesini sa\u011flayabilir<\/span><\/p>\n<p class=\"p1\"><span class=\"s1\"><b>2.0 Kapsam<\/b><\/span><\/p>\n<p class=\"p1\"><span class=\"s1\">Bilgisayar kullanan t\u00fcm personeli kapsamaktad\u0131r.<\/span><\/p>\n<p class=\"p1\"><span class=\"s1\"><b>3.0 Politika<\/b><\/span><\/p>\n<ol class=\"ol1\">\n<li class=\"li2\"><span class=\"s1\">Hassas bilgileri i\u00e7eren ka\u011f\u0131t ve elektronik ortamlar kullan\u0131lmad\u0131\u011f\u0131 zaman kilit alt\u0131nda bulundurulacakt\u0131r.<\/span><\/li>\n<li class=\"li2\"><span class=\"s1\">Bilgisayar ba\u015f\u0131ndan kalkarken ekran koruyucu devreye sokulacakt\u0131r.<\/span><\/li>\n<li class=\"li2\"><span class=\"s1\">Ekran koruyucu otomatik olarak devreye girecek \u015fekilde ayarlanmal\u0131d\u0131r, devreye girme s\u00fcresi olarak minimum s\u00fcre se\u00e7ilmelidir.<\/span><\/li>\n<li class=\"li2\"><span class=\"s1\">Ekran koruyucu parola ile a\u00e7\u0131labilecek \u015fekilde ayarlanmal\u0131d\u0131r.<\/span><\/li>\n<li class=\"li2\"><span class=\"s1\">Masa \u00fcst\u00fcnde kullan\u0131lmayan bilgiler b\u0131rak\u0131lmayacakt\u0131r.<\/span><\/li>\n<li class=\"li2\"><span class=\"s1\">\u0130mha edilmesi gereken ka\u011f\u0131t ortam\u0131ndaki gizli bilgiler y\u0131rt\u0131larak imha edilecektir.<\/span><\/li>\n<li class=\"li2\"><span class=\"s1\">Fotokopi makinas\u0131nda ka\u011f\u0131t ortam\u0131ndaki gizli bilgiler b\u0131rak\u0131lmayacakt\u0131r.<\/span><\/li>\n<li class=\"li2\"><span class=\"s1\">Fotokopi makinas\u0131nda \u00e7ekimler sadece yetkili ki\u015filer taraf\u0131ndan yap\u0131lacakt\u0131r.<\/span><\/li>\n<li class=\"li2\"><span class=\"s1\">Hassas bilgiler ile ilgili al\u0131nan notlar masa \u00fcst\u00fcnde b\u0131rak\u0131lmayacakt\u0131r, bu notlar y\u0131rt\u0131larak imha edilecektir.<\/span><\/li>\n<li class=\"li2\"><span class=\"s1\">Hassas bilgi i\u00e7eren evraklar yaz\u0131c\u0131da b\u0131rak\u0131lmayacakt\u0131r.<\/span><\/li>\n<\/ol>\n<p class=\"p1\"><span class=\"s1\">Burdur Ticaret Borsas\u0131 Y\u00f6netim Kurulu\u2019nun\u00a0\u00a0<b>22\/01\/2023 tarih, 230\/12\u00a0<\/b>\u00a0say\u0131l\u0131 karar\u0131 ileg\u00fcncellenmi\u015ftir<b>.<\/b><\/span><\/p>\n<p class=\"p1\"><span class=\"s1\"><b>\u00d6mer Faruk G\u00dcND\u00dcZALP<\/b><\/span><\/p>\n<p class=\"p1\"><span class=\"s1\"><b>Y\u00f6n. Kur.\u00a0 B\u015fk.<\/b><\/span><\/p>\n<\/li>\n<\/ol>\n<\/li>\n<\/ul>\n<p>\n<\/div><div class=\"btClear btSeparator topSmallSpaced bottomSmallSpaced noBorder\" ><hr><\/div><\/div><\/div><\/div><\/div><\/div><\/div><\/div><\/section><\/p>\n","protected":false},"excerpt":{"rendered":"","protected":false},"author":8,"featured_media":0,"parent":0,"menu_order":0,"comment_status":"closed","ping_status":"closed","template":"","meta":{"footnotes":""},"class_list":["post-4706","page","type-page","status-publish","hentry"],"_links":{"self":[{"href":"https:\/\/www.burdurtb.org.tr\/tr\/wp-json\/wp\/v2\/pages\/4706","targetHints":{"allow":["GET"]}}],"collection":[{"href":"https:\/\/www.burdurtb.org.tr\/tr\/wp-json\/wp\/v2\/pages"}],"about":[{"href":"https:\/\/www.burdurtb.org.tr\/tr\/wp-json\/wp\/v2\/types\/page"}],"author":[{"embeddable":true,"href":"https:\/\/www.burdurtb.org.tr\/tr\/wp-json\/wp\/v2\/users\/8"}],"replies":[{"embeddable":true,"href":"https:\/\/www.burdurtb.org.tr\/tr\/wp-json\/wp\/v2\/comments?post=4706"}],"version-history":[{"count":2,"href":"https:\/\/www.burdurtb.org.tr\/tr\/wp-json\/wp\/v2\/pages\/4706\/revisions"}],"predecessor-version":[{"id":5546,"href":"https:\/\/www.burdurtb.org.tr\/tr\/wp-json\/wp\/v2\/pages\/4706\/revisions\/5546"}],"wp:attachment":[{"href":"https:\/\/www.burdurtb.org.tr\/tr\/wp-json\/wp\/v2\/media?parent=4706"}],"curies":[{"name":"wp","href":"https:\/\/api.w.org\/{rel}","templated":true}]}}