{"id":4713,"date":"2024-05-20T08:45:41","date_gmt":"2024-05-20T08:45:41","guid":{"rendered":"https:\/\/www.burdurtb.org.tr\/tr\/?page_id=4713"},"modified":"2024-12-12T08:23:31","modified_gmt":"2024-12-12T08:23:31","slug":"kvkk-aydinlatma-metni","status":"publish","type":"page","link":"https:\/\/www.burdurtb.org.tr\/tr\/kvkk-aydinlatma-metni\/","title":{"rendered":"KVKK Ayd\u0131nlatma Metni"},"content":{"rendered":"<p><section id=\"bt_section69e1e1956efcc\"  class=\"boldSection gutter \" ><div class=\"port\"><div class=\"boldCell\"><div class=\"boldCellInner\"><\/div><\/div><\/div><\/section><section id=\"bt_section69e1e1956effc\"  class=\"boldSection gutter \" ><div class=\"port\"><div class=\"boldCell\"><div class=\"boldCellInner\"><div class=\"boldRow \" ><div class=\"boldRowInner\"><div class=\"rowItem col-md-6 col-sm-12 btTextLeft animate animate-fadein inherit\"  data-width=\"6\"><div class=\"rowItemContent\" ><div class=\"bpgPhoto btDefaultHoverType\" ><div class = \"btImage\"><img decoding=\"async\" src=\"https:\/\/www.burdurtb.org.tr\/tr\/wp-content\/uploads\/2024\/12\/Ekran-Resmi-2024-12-12-10.46.13-640x324.png\" alt=\"\" title=\"\"><\/div><\/div><div class=\"btClear btSeparator topSmallSpaced bottomSmallSpaced noBorder\" ><hr><\/div><\/div><\/div><div class=\"rowItem col-md-6 col-sm-12 btTextLeft animate animate-fadein inherit\"  data-width=\"6\"><div class=\"rowItemContent\" ><header class=\"header btClear large btDash bottomDash  regular\" ><div class=\"btSuperTitle\"><span>KURUMSAL<\/span><\/div><div class=\"dash\"><h2><span class=\"headline\">KVKK Ayd\u0131nlatma Metni<\/span><\/h2><\/div><div class=\"btSubTitle\">K\u0130\u015e\u0130SEL VER\u0130LER\u0130N KORUNMASI KANUNU KAPSAMINDA YAYINLANAN AYDINLATMA METN\u0130<br \/><br><\/div><\/header><div class=\"btClear btSeparator topSmallSpaced noBorder\" ><hr><\/div><div class=\"btText\" ><\/p>\n<ul>\n<li>\n<ol class=\"ol1\">\n<li class=\"li1\"><b><\/b>\n<p class=\"p1\"><span class=\"s1\">Burdur Ticaret Borsas\u0131 olarak, taraf\u0131n\u0131za ait her t\u00fcrl\u00fc ki\u015fisel veri ve \u00f6zel nitelikli ki\u015fisel verilerin, i\u015flenmesinde, kaydedilmesinde, aktar\u0131lmas\u0131nda, payla\u015f\u0131lmas\u0131nda ve saklanmas\u0131nda, 6698 say\u0131l\u0131 Ki\u015fisel Verilerin Korunmas\u0131 Kanun\u2019una (\u201cKVKK\u201d) uygun olarak hareket etti\u011fimizi ve bu konuda gereken hassasiyeti g\u00f6sterdi\u011fimizi bildirmek isteriz. Bu hassasiyet ve Politikam\u0131z gere\u011fi belirtmek isteriz ki; kurumumuza ula\u015fan veriler, \u201changi verileri toplayaca\u011f\u0131m\u0131z amac\u0131na g\u00f6re belirlendi\u011fi i\u00e7in\u201d sadece gerekli oldu\u011fu kadar sisteme i\u015flenir. Siz de\u011ferli \u00fcyelerimiz\/\u00e7al\u0131\u015fanlar\u0131m\u0131z\/payda\u015flar\u0131m\u0131z\/ziyaret\u00e7ilerimiz\/i\u015fortaklar\u0131m\u0131z\/m\u00fcstahsiller taraf\u0131ndan beyan edilen ve\/veya otomatik ya da otomatik olmayan yolar ile toplanan veriler, sunmu\u015f oldu\u011fumuz hizmetlerin kalitesini art\u0131rabilmek ad\u0131na, al\u0131nan idari ve teknik tedbirler e\u015fli\u011finde \u00f6zenle i\u015flenmekte, payla\u015f\u0131lmakta, aktar\u0131lmakta ve depolanmakta, gerekli olmayan veriler ise silinmektedir. 6698 Say\u0131l\u0131 Ki\u015fisel Verilerin Korunmas\u0131 Kanunu\u2019nda (KVKK) yer alan \u201cVeri Sorumlusunun Ayd\u0131nlatma Y\u00fck\u00fcml\u00fcl\u00fc\u011f\u00fc\u201d ba\u015fl\u0131kl\u0131 10. ve \u201c\u0130lgili Ki\u015finin Haklar\u0131\u201d ba\u015fl\u0131kl\u0131 11. maddesi \u00e7er\u00e7evesinde; hangi ama\u00e7la ki\u015fisel verilerinizin i\u015flenece\u011fi, i\u015flenen ki\u015fisel verilerinizin kimlere ve hangi ama\u00e7la aktar\u0131labilece\u011fi, ki\u015fisel verilerinizin toplanmas\u0131n\u0131n y\u00f6ntemi ve hukuki sebebi ile sahip olunan haklar ile ilgili,\u00a0<b>veri sorumlusu s\u0131fat\u0131 ile Burdur Ticaret Borsas\u0131\u00a0<\/b>olarak,m\u00fc\u015fterilerine, i\u015f ortaklar\u0131na ve ileti\u015fimde bulundu\u011fuger\u00e7ek ya da t\u00fczel ki\u015filere ayd\u0131nlatma y\u00fck\u00fcml\u00fcl\u00fc\u011f\u00fcn\u00fc yerine getirmek \u00fczere, haz\u0131rlad\u0131\u011f\u0131m\u0131z i\u015f bu \u201c<b>Ayd\u0131nlatma Metni<\/b>\u201d ile sizlere bilgi vermek isteriz.<\/span><\/p>\n<p class=\"p1\"><span class=\"s1\"><b>1 \u2013 \u0130\u015flenen Ki\u015fisel Veri Kategorileri, Ki\u015fisel Verilerinizin Hangi Ama\u00e7la \u0130\u015flenece\u011fi, Kimlere ve Hangi Ama\u00e7 ile Aktar\u0131laca\u011f\u0131<\/b><\/span><\/p>\n<ol class=\"ol1\">\n<li class=\"li2\"><b><\/b><span class=\"s1\"><b>Veri Kategorileri<\/b><\/span><\/li>\n<li class=\"li2\"><b><\/b><span class=\"s1\"><b>Kimlik Bilgisi:<\/b>\u00a0Ad, soyad\u0131, T.C. Kimlik No,\u0130mza,Kimlik bilgileri<\/span><\/li>\n<li class=\"li2\"><b><\/b><span class=\"s1\"><b>\u0130leti\u015fim Bilgisi:<\/b>\u00a0Adres, Telefon Numaras\u0131, E-posta adresi, KEP adresi<\/span><\/li>\n<li class=\"li2\"><b><\/b><span class=\"s1\"><b>\u0130\u015flem Bilgisi:<\/b>\u00a0IP adresi, \u00c7erez kay\u0131tlar\u0131<\/span><\/li>\n<li class=\"li2\"><b><\/b><span class=\"s1\"><b>Hukuki \u0130\u015flem<\/b>: S\u00f6zle\u015fme Verileri, S\u00f6zle\u015fmelerde yer alan ki\u015fisel ve \u00f6zel nitelikli ki\u015fisel veriler, Verilen hizmetin ba\u015flama ve biti\u015f zaman\u0131, yararlan\u0131lan hizmetin t\u00fcr\u00fc, \u0130mza sirk\u00fcler, faaliyet belgesi, vekaletname,<\/span><\/li>\n<li class=\"li2\"><b><\/b><span class=\"s1\"><b>Finansal Bilgi<\/b>: Banka Bilgileri, IBAN ve Hesap No<\/span><\/li>\n<li class=\"li2\"><b><\/b><span class=\"s1\"><b>G\u00f6rsel Bilgi<\/b>: Kamera Kayd\u0131 ( Kamera vas\u0131tas\u0131 ile al\u0131nan g\u00f6r\u00fcnt\u00fc kay\u0131tlar\u0131 hakk\u0131nda yay\u0131nlam\u0131\u015f oldu\u011fumuz Kamera Ayd\u0131nlatma Metnine Buradan Ula\u015fabilirsiniz)<\/span><\/li>\n<li class=\"li2\"><b><\/b><span class=\"s1\"><b>Verilerin i\u015flenme ama\u00e7lar\u0131<\/b><\/span><\/li>\n<\/ol>\n<p class=\"p1\"><span class=\"s1\">Siz de\u011ferli \u00fcyelerimiz, ticaret siciline ve esnaf siciline kay\u0131tl\u0131 ger\u00e7ek veya t\u00fczel ki\u015fili\u011fe haiz i\u015fletmeler, \u00fcye, bursiyer, \u00fcretici, stajyer, tedarik\u00e7i, ziyaret\u00e7i, kurum \u00e7al\u0131\u015fan\u0131\/y\u00f6neticisi s\u0131fat\u0131yla payla\u015ft\u0131\u011f\u0131n\u0131z ki\u015fisel verileriniz; veri sorumlusu olarak belirlenen kamu t\u00fczel ki\u015fili\u011fe haiz Burdur Ticaret Borsas\u0131 taraf\u0131ndan a\u015fa\u011f\u0131da belirtilen kapsamda de\u011ferlendirilecektir. \u00dcyelerimiz, \u00fcreticilerimiz, tedarik\u00e7ilerimiz ve ziyaret\u00e7ilerimiz i\u00e7in sunmu\u015f oldu\u011fumuz \u00fcr\u00fcn ve hizmetlerden en y\u00fcksek hizmet kalitesinde faydalanabilmeniz i\u00e7in, resmi mevzuat taraf\u0131ndan belirlenen s\u0131n\u0131rlar \u00e7er\u00e7evesinde ki\u015fisel verilerinizi, toplamakta, 6698 say\u0131l\u0131 Kanun\u2019un 5. ve 6. maddelerinde belirtilen \u015fartlar dahilinde; idaremizin ticari ve i\u015f stratejilerinin belirlenmesi ve uygulanmas\u0131, ileti\u015fim, pazarlama, i\u015f geli\u015ftirme ve planlama faaliyetlerinin ger\u00e7ekle\u015ftirilmesi, raporlama ve analiz faaliyetlerinin y\u00fcr\u00fct\u00fclmesi, \u00fcr\u00fcn ve hizmetlerin \u00f6zelle\u015ftirerek \u00fcyelerimize sunulmas\u0131, duyurulmas\u0131 ve reklam faaliyetlerinin yap\u0131lmas\u0131, \u00e7al\u0131\u015fma alanlar\u0131 fiziksel g\u00fcvenli\u011finin ve denetiminin sa\u011flanmas\u0131,\u00fcyelerimizin, \u00fcreticilerimiz, tedarik\u00e7ilerimiz ve \u00fcye olmayan firmalarla ili\u015fkilerinin kurulmas\u0131, \u0130\u015f ortaklar\u0131m\u0131z, tedarik\u00e7ilerimiz veya sair \u00fc\u00e7\u00fcnc\u00fc ki\u015filerle birlikte sunulan \u00fcr\u00fcn ve hizmetlere ili\u015fkin s\u00f6zle\u015fme gereklerinin ve finansal mutabakat\u0131n sa\u011flanmas\u0131, e\u011fitim, seminer ve di\u011fer organizasyonlar\u0131n\u0131n d\u00fczenlenebilmesi gibi ama\u00e7lar ba\u015fta olmak \u00fczere i\u015flemekteyiz. Ayr\u0131ca belirtmek isteriz ki; a\u015fa\u011f\u0131da belirtilen durumlarda ise ki\u015fisel verileriniz kanunlar gere\u011fi a\u00e7\u0131k r\u0131za olmaks\u0131z\u0131n i\u015flenebilecektir.<\/span><\/p>\n<ol class=\"ol1\">\n<li class=\"li2\"><span class=\"s1\">Kanunlarda a\u00e7\u0131k\u00e7a \u00f6ng\u00f6r\u00fclmesi.<\/span><\/li>\n<li class=\"li2\"><span class=\"s1\">b)\u00a0\u00a0\u00a0\u00a0\u00a0\u00a0 Fiili imk\u00e2ns\u0131zl\u0131k nedeniyle r\u0131zas\u0131n\u0131 a\u00e7\u0131klayamayacak durumda bulunan veya r\u0131zas\u0131na hukuki ge\u00e7erlilik tan\u0131nmayan ki\u015finin kendisinin ya da bir ba\u015fkas\u0131n\u0131n hayat\u0131 veya beden b\u00fct\u00fcnl\u00fc\u011f\u00fcn\u00fcn korunmas\u0131 i\u00e7in zorunlu olmas\u0131.<\/span><\/li>\n<li class=\"li2\"><span class=\"s1\">Bir s\u00f6zle\u015fmenin kurulmas\u0131 veya ifas\u0131yla do\u011frudan do\u011fruya ilgili olmas\u0131 kayd\u0131yla, s\u00f6zle\u015fmenin taraflar\u0131na ait ki\u015fisel verilerin i\u015flenmesinin gerekli olmas\u0131.<\/span><\/li>\n<li class=\"li2\"><span class=\"s1\">Veri sorumlusunun hukuki y\u00fck\u00fcml\u00fcl\u00fc\u011f\u00fcn\u00fc yerine getirebilmesi i\u00e7in zorunlu olmas\u0131.<\/span><\/li>\n<li class=\"li2\"><span class=\"s1\">\u0130lgili ki\u015finin kendisi taraf\u0131ndan alenile\u015ftirilmi\u015f olmas\u0131.<\/span><\/li>\n<li class=\"li2\"><span class=\"s1\">Bir hakk\u0131n tesisi, kullan\u0131lmas\u0131 veya korunmas\u0131 i\u00e7in veri i\u015flemenin zorunlu olmas\u0131.<\/span><\/li>\n<li class=\"li2\"><span class=\"s1\">\u0130lgili ki\u015finin temel hak ve \u00f6zg\u00fcrl\u00fcklerine zarar vermemek kayd\u0131yla, veri sorumlusunun me\u015fru menfaatleri i\u00e7in veri i\u015flenmesinin zorunlu olmas\u0131.<\/span><\/li>\n<\/ol>\n<ul class=\"ul1\">\n<li class=\"li2\"><b><\/b><span class=\"s1\"><b>Verilerin Aktar\u0131lmas\u0131 ve Payla\u015f\u0131lmas\u0131<\/b><\/span><\/li>\n<\/ul>\n<p class=\"p1\"><span class=\"s1\">Kurum taraf\u0131ndan sunulan \u00fcr\u00fcn ve hizmetlerden \u00fcyeler,\u00e7al\u0131\u015fanlar ve ziyaret\u00e7ilere faydaland\u0131rabilmek i\u00e7in gerekli \u00e7al\u0131\u015fmalar\u0131n i\u015f birimlerimiz taraf\u0131ndan yap\u0131lmas\u0131, Kurum ile i\u015f ili\u015fkisi i\u00e7erisinde olan ki\u015filerin, \u00fcyelerin, tedarik\u00e7ilerin ve \u00e7al\u0131\u015fanlar\u0131n hukuki ve ticari g\u00fcvenli\u011finin temini ve s\u00f6zle\u015fme gerekliliklerinin yerine getirilebilmesi i\u00e7in, katma de\u011ferli hizmetler, f\u0131rsat ve olanaklar sunulmas\u0131, hizmet kalitesinin art\u0131r\u0131lmas\u0131 ama\u00e7lar\u0131 ile, yurt i\u00e7inde\u00a0 i\u015ftiraklerimizle, do\u011frudan veya dolayl\u0131 ba\u011fl\u0131 \u015firketlerimizle ve ortak giri\u015fimlerimizle veya yasal bir zorunluluk gere\u011fi bu verileri talep etmeye yetkili olan kamu kurum ve kurulu\u015flar\u0131 ile, faaliyetlerimiz gere\u011fi anla\u015fmal\u0131 oldu\u011fumuz di\u011fer kurumlar, tedarik\u00e7iler, yetkili sat\u0131c\u0131lar, ve i\u015f ortaklar\u0131m\u0131z ile, yasal takip s\u00fcre\u00e7leri ile ilgili zorunlu ki\u015filere, kurum ve kurulu\u015flara ve denetimciler de d\u00e2hil olmak \u00fczere dan\u0131\u015fmanl\u0131k ald\u0131\u011f\u0131m\u0131z \u00fc\u00e7\u00fcnc\u00fc ki\u015filere ve bunlarla s\u0131n\u0131rl\u0131 olmaks\u0131z\u0131n, yurt i\u00e7inde ve\/veya yurtd\u0131\u015f\u0131nda yukar\u0131da belirtilen ama\u00e7larla hizmet al\u0131nan \u00fc\u00e7\u00fcnc\u00fc ki\u015fi, yetkilendirilen ki\u015fi ve kurulu\u015flar ile payla\u015fmaktay\u0131z.<\/span><\/p>\n<p class=\"p1\"><span class=\"s1\"><b>2 \u2013 Ki\u015fisel Verilerin Toplanmas\u0131, Y\u00f6ntemi ve Hukuki Sebebi<\/b><\/span><\/p>\n<p class=\"p1\"><span class=\"s1\">KVKK\u2019n\u0131n 4\u2019\u00fcnc\u00fc, 5\u2019inci ve 6\u2019nc\u0131 maddeleri uyar\u0131nca ki\u015fisel verileriniz;<\/span><\/p>\n<p class=\"p1\"><span class=\"s1\">\u2022 Hukuka ve d\u00fcr\u00fcstl\u00fck kurallar\u0131na uygun,<\/span><\/p>\n<p class=\"p1\"><span class=\"s1\">\u2022 Do\u011fru ve gerekti\u011finde g\u00fcncel,<\/span><\/p>\n<p class=\"p1\"><span class=\"s1\">\u2022 Belirli a\u00e7\u0131k ve me\u015fru ama\u00e7lar i\u00e7in,<\/span><\/p>\n<p class=\"p1\"><span class=\"s1\">\u2022 \u0130\u015flendikleri ama\u00e7la ba\u011flant\u0131l\u0131, s\u0131n\u0131rl\u0131 ve \u00f6l\u00e7\u00fcl\u00fc,<\/span><\/p>\n<p class=\"p1\"><span class=\"s1\">\u2022 \u0130lgili mevzuatta \u00f6ng\u00f6r\u00fclen veya i\u015flendikleri ama\u00e7 i\u00e7in gerekli olan s\u00fcre kadar muhafaza edilme<\/span><\/p>\n<p class=\"p1\"><span class=\"s1\">kurallar\u0131na uygun bir \u015fekilde veri sorumlusu Burdur Ticaret Borsas\u0131 taraf\u0131ndan i\u015flenecektir.<\/span><\/p>\n<p class=\"p1\"><span class=\"s1\">Burdur Ticaret Borsas\u0131n\u0131n a\u015fa\u011f\u0131da yer alan faaliyetleri ile ba\u011flant\u0131l\u0131 olacak \u015fekilde i\u015flenecektir:<\/span><\/p>\n<p class=\"p1\"><span class=\"s1\">\u2022 5174 say\u0131l\u0131 T\u00fcrkiye Odalar ve Borsalar Birli\u011fi ile Odalar ve Borsalar Kanunu kapsam\u0131ndaki faaliyetlerin yerine getirilebilmesi,<\/span><\/p>\n<p class=\"p1\"><span class=\"s1\">\u2022 Borsam\u0131z taraf\u0131ndan verilmekte olan her t\u00fcrl\u00fc hizmetin ger\u00e7ekle\u015ftirilmesi ve bunlardan faydalan\u0131labilmesi,<\/span><\/p>\n<p class=\"p1\"><span class=\"s1\">\u2022 Borsam\u0131z \u00fcyeleri, \u00fcreticilerimiz, tedarik\u00e7ilerimiz ve \u00fcye olmayan firmalar\u0131n bilgilerini tespit i\u00e7in kimlik, adres ve di\u011fer gerekli bilgilerin kaydedilmesi,<\/span><\/p>\n<p class=\"p1\"><span class=\"s1\">\u2022 Talep etti\u011finiz veya edece\u011finiz tarife ve hizmetlere ili\u015fkin olarak taraf\u0131n\u0131zla ileti\u015fim kurulabilmesi,<\/span><\/p>\n<p class=\"p1\"><span class=\"s1\">\u2022 Borsam\u0131z taraf\u0131ndan yap\u0131lmakta olan yay\u0131nlar, raporlama, mali veri, sigorta, vergi hesaplamalar\u0131,<\/span><\/p>\n<p class=\"p1\"><span class=\"s1\">\u2022 Gelir \u0130daresi Ba\u015fkanl\u0131\u011f\u0131na ba\u011fl\u0131 E-Beyanname hesaplamalar\u0131,<\/span><\/p>\n<p class=\"p1\"><span class=\"s1\">\u2022 Burs \/ Staj \/ \u0130\u015f Ba\u015fvuru Formlar\u0131,<\/span><\/p>\n<p class=\"p1\"><span class=\"s1\">\u2022 Web sitesi ileti\u015fim ve bilgi g\u00fcncelleme formlar\u0131,<\/span><\/p>\n<p class=\"p1\"><span class=\"s1\">\u2022 E\u011fitim, seminer, panel kat\u0131l\u0131m formlar\u0131,<\/span><\/p>\n<p class=\"p1\"><span class=\"s1\">\u2022 SGK Ba\u015fkanl\u0131\u011f\u0131\u2019na ba\u011fl\u0131 E-Bildirge hesaplamalar\u0131 ve tespiti gibi ama\u00e7larla kullan\u0131lmas\u0131,<\/span><\/p>\n<p class=\"p1\"><span class=\"s1\">\u2022 Elektronik veya bas\u0131l\u0131 ortamda i\u015fleme dayanak olacak t\u00fcm kay\u0131t ve belgelerin d\u00fczenlenmesi,<\/span><\/p>\n<p class=\"p1\"><span class=\"s1\">\u2022 Yasal mevzuat kapsam\u0131nda sair kamu otoritelerince \u00f6ng\u00f6r\u00fclen veya talep olunan bilgi saklama, raporlama,<\/span><\/p>\n<p class=\"p1\"><span class=\"s1\">\u2022 Bilgilendirme y\u00fck\u00fcml\u00fcl\u00fcklerine uyulmas\u0131, taraf\u0131n\u0131zca talep edilen \u00fcr\u00fcn ve hizmetlerin sunulabilmesi,<\/span><\/p>\n<p class=\"p1\"><span class=\"s1\">\u2022 Taraf\u0131n\u0131zla imzalanm\u0131\u015f olan s\u00f6zle\u015fmelerin gereklerinin yerine getirilmesi<\/span><\/p>\n<p class=\"p1\"><span class=\"s1\">\u2022 Sair mevzuattan do\u011fan y\u00fck\u00fcml\u00fcl\u00fcklerin yerine getirilmesinin temini ve benzeri faaliyetler.<\/span><\/p>\n<p class=\"p1\"><span class=\"s1\"><b>3 \u2013 Ki\u015fisel Verilerin Saklanma S\u00fcresi<\/b><\/span><\/p>\n<p class=\"p1\"><span class=\"s1\">KVK Kanunu\u2019na uygun olarak, i\u015f bu \u201cKi\u015fisel Verilerin \u0130\u015flenmesine \u0130li\u015fkin Ayd\u0131nlatma Metni\u201d nde belirtilen ama\u00e7larla i\u015flenmi\u015f olan ki\u015fisel verileriniz, KVK Kanunu madde 7\/f.1.\u2019e g\u00f6re i\u015flenmesi gerektiren ama\u00e7 ortadan kalkt\u0131\u011f\u0131nda ve\/veya mevzuat uyar\u0131nca verilerinizi i\u015flememiz i\u00e7in zorunlu k\u0131l\u0131nd\u0131\u011f\u0131m\u0131z zaman a\u015f\u0131m\u0131 s\u00fcreleri doldu\u011funda, Kurumtaraf\u0131ndan Ki\u015fisel Verilerin Silinmesi, Yok edilmesi Ve Anonimle\u015ftirilmesi ile ilgili yay\u0131nlam\u0131\u015f oldu\u011fu Politikaya uygun olarak ki\u015fisel verileriniz silinecek, yok edilecek veya anonimle\u015ftirilerek kullan\u0131lmaya devam edilecektir.<\/span><\/p>\n<p class=\"p1\"><span class=\"s1\"><b>4 \u2013 Ki\u015fisel Veri Sahibinin Haklar\u0131,<\/b><\/span><\/p>\n<p class=\"p1\"><span class=\"s1\">KVKK 11.Madde ve t\u00fcm\u00fc kapsam\u0131nda, ki\u015fisel verilerinize ili\u015fkin olarak a\u015fa\u011f\u0131daki haklara sahip oldu\u011funuzu taraf\u0131n\u0131za bildiririz;<\/span><\/p>\n<ol class=\"ol1\">\n<li class=\"li2\"><span class=\"s1\">Ki\u015fisel veri i\u015flenip i\u015flenmedi\u011fini \u00f6\u011frenme,<\/span><\/li>\n<li class=\"li2\"><span class=\"s1\">Ki\u015fisel verileri i\u015flenmi\u015fse buna ili\u015fkin bilgi talep etme,<\/span><\/li>\n<li class=\"li2\"><span class=\"s1\">Ki\u015fisel verilerin i\u015flenme amac\u0131n\u0131 ve bunlar\u0131n amac\u0131na uygun kullan\u0131l\u0131p kullan\u0131lmad\u0131\u011f\u0131n\u0131 \u00f6\u011frenme,<\/span><\/li>\n<li class=\"li2\"><span class=\"s1\">Yurt i\u00e7inde veya yurt d\u0131\u015f\u0131nda ki\u015fisel verilerin aktar\u0131ld\u0131\u011f\u0131 \u00fc\u00e7\u00fcnc\u00fc ki\u015fileri bilme,<\/span><\/li>\n<li class=\"li2\"><span class=\"s1\">Ki\u015fisel verilerin eksik veya yanl\u0131\u015f i\u015flenmi\u015f olmas\u0131 h\u00e2linde bunlar\u0131n d\u00fczeltilmesini isteme,<\/span><\/li>\n<li class=\"li2\"><span class=\"s1\">7. maddede \u00f6ng\u00f6r\u00fclen \u015fartlar \u00e7er\u00e7evesinde ki\u015fisel verilerin silinmesini veya yok edilmesini isteme,<\/span><\/li>\n<li class=\"li2\"><span class=\"s1\">(e) ve (f) bentleri uyar\u0131nca yap\u0131lan i\u015flemlerin, ki\u015fisel verilerin aktar\u0131ld\u0131\u011f\u0131 \u00fc\u00e7\u00fcnc\u00fc ki\u015filere bildirilmesini isteme,<\/span><\/li>\n<li class=\"li2\"><span class=\"s1\">\u0130\u015flenen verilerin m\u00fcnhas\u0131ran otomatik sistemler vas\u0131tas\u0131yla analiz edilmesi suretiyle ki\u015finin kendisi aleyhine bir sonucun ortaya \u00e7\u0131kmas\u0131na itiraz etme,<\/span><\/li>\n<li class=\"li2\"><span class=\"s1\">Ki\u015fisel verilerin kanuna ayk\u0131r\u0131 olarak i\u015flenmesi sebebiyle zarara u\u011framas\u0131 h\u00e2linde zarar\u0131n giderilmesini talep etme,<\/span><\/li>\n<\/ol>\n<p class=\"p1\"><span class=\"s1\">Ki\u015fisel Verilerin Korunmas\u0131 Kanunu\u2019nun 11. Maddesi\u2019nde belirtilen haklar\u0131n\u0131z\u0131 kullanmak istedi\u011finizde, taleplerinizi web sayfam\u0131zda bulunan\u00a0<a href=\"https:\/\/stonegroup.com.tr\/STONE-GROUP-KISISEL-VERILERIN-KORUNMASI-KANUNU-BASVURU-FORMU.docx\"><span class=\"s2\">KVKK Bilgi Edinme Formu\u2019nu<\/span><\/a>\u00a0doldurarak \u00a0\u00d6ZG\u00dcR MAHALLES\u0130 OTOTAM\u0130RC\u0130LER 5. SOKAK NO: 1\/7\/3 MERKEZ BURDUR adresine \u015fahsen veya kay\u0131tl\u0131 elektronik posta (KEP) adresimiz olan burdurtb@hs01.kep.tr ye yapman\u0131z gerekmektedir. Ba\u015fvurunuzda yer alan talepleriniz, talebin niteli\u011fine g\u00f6re en ge\u00e7 otuz g\u00fcn i\u00e7inde \u00fccretsiz olarak sonu\u00e7land\u0131r\u0131lacakt\u0131r. Ancak, i\u015flemin Kurumi\u00e7in ayr\u0131ca bir maliyeti gerektirmesi h\u00e2linde, Ki\u015fisel Verileri Koruma Kurulu taraf\u0131ndan Veri Sorumlusuna Ba\u015fvuru Usul ve Esaslar\u0131 Hakk\u0131nda Tebli\u011f\u2019de belirlenen tarifedeki \u00fccret al\u0131nabilir.<\/span><\/p>\n<\/li>\n<\/ol>\n<\/li>\n<\/ul>\n<p>\n<\/div><div class=\"btClear btSeparator topSmallSpaced bottomSmallSpaced noBorder\" ><hr><\/div><\/div><\/div><\/div><\/div><\/div><\/div><\/div><\/section><\/p>\n","protected":false},"excerpt":{"rendered":"","protected":false},"author":8,"featured_media":0,"parent":0,"menu_order":0,"comment_status":"closed","ping_status":"closed","template":"","meta":{"footnotes":""},"class_list":["post-4713","page","type-page","status-publish","hentry"],"_links":{"self":[{"href":"https:\/\/www.burdurtb.org.tr\/tr\/wp-json\/wp\/v2\/pages\/4713","targetHints":{"allow":["GET"]}}],"collection":[{"href":"https:\/\/www.burdurtb.org.tr\/tr\/wp-json\/wp\/v2\/pages"}],"about":[{"href":"https:\/\/www.burdurtb.org.tr\/tr\/wp-json\/wp\/v2\/types\/page"}],"author":[{"embeddable":true,"href":"https:\/\/www.burdurtb.org.tr\/tr\/wp-json\/wp\/v2\/users\/8"}],"replies":[{"embeddable":true,"href":"https:\/\/www.burdurtb.org.tr\/tr\/wp-json\/wp\/v2\/comments?post=4713"}],"version-history":[{"count":2,"href":"https:\/\/www.burdurtb.org.tr\/tr\/wp-json\/wp\/v2\/pages\/4713\/revisions"}],"predecessor-version":[{"id":5548,"href":"https:\/\/www.burdurtb.org.tr\/tr\/wp-json\/wp\/v2\/pages\/4713\/revisions\/5548"}],"wp:attachment":[{"href":"https:\/\/www.burdurtb.org.tr\/tr\/wp-json\/wp\/v2\/media?parent=4713"}],"curies":[{"name":"wp","href":"https:\/\/api.w.org\/{rel}","templated":true}]}}