{"id":4715,"date":"2024-05-20T08:46:29","date_gmt":"2024-05-20T08:46:29","guid":{"rendered":"https:\/\/www.burdurtb.org.tr\/tr\/?page_id=4715"},"modified":"2024-12-11T07:59:00","modified_gmt":"2024-12-11T07:59:00","slug":"temel-degerlerimiz","status":"publish","type":"page","link":"https:\/\/www.burdurtb.org.tr\/tr\/temel-degerlerimiz\/","title":{"rendered":"Temel De\u011ferlerimiz"},"content":{"rendered":"<p><section id=\"bt_section69e3568651365\"  class=\"boldSection gutter \" ><div class=\"port\"><div class=\"boldCell\"><div class=\"boldCellInner\"><\/div><\/div><\/div><\/section><section id=\"bt_section69e35686513aa\"  class=\"boldSection gutter \" ><div class=\"port\"><div class=\"boldCell\"><div class=\"boldCellInner\"><div class=\"boldRow \" ><div class=\"boldRowInner\"><div class=\"rowItem col-md-6 col-sm-12 btTextLeft animate animate-fadein inherit\"  data-width=\"6\"><div class=\"rowItemContent\" ><div class=\"bpgPhoto btDefaultHoverType\" ><div class = \"btImage\"><img decoding=\"async\" src=\"https:\/\/www.burdurtb.org.tr\/tr\/wp-content\/uploads\/2024\/12\/Ekran-Resmi-2024-12-11-10.58.34-640x360.png\" alt=\"\" title=\"\"><\/div><\/div><div class=\"btClear btSeparator topSmallSpaced bottomSmallSpaced noBorder\" ><hr><\/div><\/div><\/div><div class=\"rowItem col-md-6 col-sm-12 btTextLeft animate animate-fadein inherit\"  data-width=\"6\"><div class=\"rowItemContent\" ><header class=\"header btClear large btDash bottomDash  regular\" ><div class=\"btSuperTitle\"><span>KURUMSAL<\/span><\/div><div class=\"dash\"><h2><span class=\"headline\">Temel De\u011ferlerimiz<\/span><\/h2><\/div><div class=\"btSubTitle\">BURDUR T\u0130CARET BORSASI TEMEL DE\u011eERLER\u0130<\/div><\/header><div class=\"btClear btSeparator topSmallSpaced noBorder\" ><hr><\/div><div class=\"btText\" ><\/p>\n<p>Burdur Ticaret Borsas\u0131 a\u015fa\u011f\u0131da belirtilen temel de\u011ferleri ilke edinmi\u015ftir.<\/p>\n<ul>\n<li>G\u00fcvenilirlik<\/li>\n<li>\u015eeffafl\u0131k ve tarafs\u0131zl\u0131k<\/li>\n<li>Kalite<\/li>\n<li>G\u00f6rev bilinci ile hareket etmek<\/li>\n<li>\u00c7\u00f6z\u00fcm odakl\u0131 olmak<\/li>\n<li>Gizlilik<\/li>\n<li>G\u00fcncellik<\/li>\n<li>D\u00fcr\u00fcstl\u00fck ve i\u015f ahlak\u0131na inanmak<\/li>\n<li>Yenili\u011fe a\u00e7\u0131k olmak<\/li>\n<li>Farkl\u0131l\u0131k olu\u015fturmak<\/li>\n<li>Topluma ve \u00e7evreye duyarl\u0131 olmak<\/li>\n<li>Sosyal sorumluluk bilincinde olmak<\/li>\n<\/ul>\n<p>\n<\/div><div class=\"btClear btSeparator topSmallSpaced bottomSmallSpaced noBorder\" ><hr><\/div><\/div><\/div><\/div><\/div><\/div><\/div><\/div><\/section><\/p>\n","protected":false},"excerpt":{"rendered":"","protected":false},"author":8,"featured_media":0,"parent":0,"menu_order":0,"comment_status":"closed","ping_status":"closed","template":"","meta":{"footnotes":""},"class_list":["post-4715","page","type-page","status-publish","hentry"],"_links":{"self":[{"href":"https:\/\/www.burdurtb.org.tr\/tr\/wp-json\/wp\/v2\/pages\/4715","targetHints":{"allow":["GET"]}}],"collection":[{"href":"https:\/\/www.burdurtb.org.tr\/tr\/wp-json\/wp\/v2\/pages"}],"about":[{"href":"https:\/\/www.burdurtb.org.tr\/tr\/wp-json\/wp\/v2\/types\/page"}],"author":[{"embeddable":true,"href":"https:\/\/www.burdurtb.org.tr\/tr\/wp-json\/wp\/v2\/users\/8"}],"replies":[{"embeddable":true,"href":"https:\/\/www.burdurtb.org.tr\/tr\/wp-json\/wp\/v2\/comments?post=4715"}],"version-history":[{"count":3,"href":"https:\/\/www.burdurtb.org.tr\/tr\/wp-json\/wp\/v2\/pages\/4715\/revisions"}],"predecessor-version":[{"id":5502,"href":"https:\/\/www.burdurtb.org.tr\/tr\/wp-json\/wp\/v2\/pages\/4715\/revisions\/5502"}],"wp:attachment":[{"href":"https:\/\/www.burdurtb.org.tr\/tr\/wp-json\/wp\/v2\/media?parent=4715"}],"curies":[{"name":"wp","href":"https:\/\/api.w.org\/{rel}","templated":true}]}}