{"id":4726,"date":"2024-05-20T08:52:57","date_gmt":"2024-05-20T08:52:57","guid":{"rendered":"https:\/\/www.burdurtb.org.tr\/tr\/?page_id=4726"},"modified":"2024-12-12T08:29:07","modified_gmt":"2024-12-12T08:29:07","slug":"uyelik-icin-gerekli-evraklar","status":"publish","type":"page","link":"https:\/\/www.burdurtb.org.tr\/tr\/uyelik-icin-gerekli-evraklar\/","title":{"rendered":"\u00dcyelik i\u00e7in gerekli evraklar"},"content":{"rendered":"<p><section id=\"bt_section69e1e0ff12e18\"  class=\"boldSection gutter \" ><div class=\"port\"><div class=\"boldCell\"><div class=\"boldCellInner\"><\/div><\/div><\/div><\/section><section id=\"bt_section69e1e0ff12e71\"  class=\"boldSection gutter \" ><div class=\"port\"><div class=\"boldCell\"><div class=\"boldCellInner\"><div class=\"boldRow \" ><div class=\"boldRowInner\"><div class=\"rowItem col-md-6 col-sm-12 btTextLeft animate animate-fadein inherit\"  data-width=\"6\"><div class=\"rowItemContent\" ><div class=\"bpgPhoto btDefaultHoverType\" ><div class = \"btImage\"><img decoding=\"async\" src=\"https:\/\/www.burdurtb.org.tr\/tr\/wp-content\/uploads\/2024\/12\/Ekran-Resmi-2024-12-12-10.46.13-640x324.png\" alt=\"\" title=\"\"><\/div><\/div><div class=\"btClear btSeparator topSmallSpaced bottomSmallSpaced noBorder\" ><hr><\/div><\/div><\/div><div class=\"rowItem col-md-6 col-sm-12 btTextLeft animate animate-fadein inherit\"  data-width=\"6\"><div class=\"rowItemContent\" ><header class=\"header btClear large btDash bottomDash  regular\" ><div class=\"btSuperTitle\"><span>\u00dcYE \u0130\u015eLEMLER\u0130<\/span><\/div><div class=\"dash\"><h2><span class=\"headline\">\u00dcyelik i\u00e7in gerekli evraklar<\/span><\/h2><\/div><\/header><div class=\"btClear btSeparator topSmallSpaced noBorder\" ><hr><\/div><div class=\"btText\" ><\/p>\n<p><a href=\"https:\/\/www.burdurtb.org.tr\/tr\/wp-content\/uploads\/2024\/05\/BTB-LS-006-UYE-KAYIT-ICIN-GEREKEN-EVRAKLAR-LISTESI-REV-1-2.xlsx\">BTB-LS-006-UYE-KAYIT-ICIN-GEREKEN-EVRAKLAR-LISTESI-REV-1 (2)<\/a><\/p>\n<p>\n<\/div><div class=\"btClear btSeparator topSmallSpaced bottomSmallSpaced noBorder\" ><hr><\/div><\/div><\/div><\/div><\/div><\/div><\/div><\/div><\/section><\/p>\n","protected":false},"excerpt":{"rendered":"","protected":false},"author":8,"featured_media":0,"parent":0,"menu_order":0,"comment_status":"closed","ping_status":"closed","template":"","meta":{"footnotes":""},"class_list":["post-4726","page","type-page","status-publish","hentry"],"_links":{"self":[{"href":"https:\/\/www.burdurtb.org.tr\/tr\/wp-json\/wp\/v2\/pages\/4726","targetHints":{"allow":["GET"]}}],"collection":[{"href":"https:\/\/www.burdurtb.org.tr\/tr\/wp-json\/wp\/v2\/pages"}],"about":[{"href":"https:\/\/www.burdurtb.org.tr\/tr\/wp-json\/wp\/v2\/types\/page"}],"author":[{"embeddable":true,"href":"https:\/\/www.burdurtb.org.tr\/tr\/wp-json\/wp\/v2\/users\/8"}],"replies":[{"embeddable":true,"href":"https:\/\/www.burdurtb.org.tr\/tr\/wp-json\/wp\/v2\/comments?post=4726"}],"version-history":[{"count":3,"href":"https:\/\/www.burdurtb.org.tr\/tr\/wp-json\/wp\/v2\/pages\/4726\/revisions"}],"predecessor-version":[{"id":5551,"href":"https:\/\/www.burdurtb.org.tr\/tr\/wp-json\/wp\/v2\/pages\/4726\/revisions\/5551"}],"wp:attachment":[{"href":"https:\/\/www.burdurtb.org.tr\/tr\/wp-json\/wp\/v2\/media?parent=4726"}],"curies":[{"name":"wp","href":"https:\/\/api.w.org\/{rel}","templated":true}]}}