{"id":4744,"date":"2024-05-20T08:57:27","date_gmt":"2024-05-20T08:57:27","guid":{"rendered":"https:\/\/www.burdurtb.org.tr\/tr\/?page_id=4744"},"modified":"2024-12-27T12:54:53","modified_gmt":"2024-12-27T12:54:53","slug":"kotasyon-listesi","status":"publish","type":"page","link":"https:\/\/www.burdurtb.org.tr\/tr\/kotasyon-listesi\/","title":{"rendered":"Kotasyon Listesi"},"content":{"rendered":"<p><section id=\"bt_section69e1c48980b0d\"  class=\"boldSection gutter \" ><div class=\"port\"><div class=\"boldCell\"><div class=\"boldCellInner\"><div class=\"boldRow \" ><div class=\"boldRowInner\"><div class=\"rowItem col-md-3 col-sm-6 col-ms-12 btTextLeft\"  data-width=\"3\"><div class=\"rowItemContent\" ><\/div><\/div><div class=\"rowItem col-md-6 col-sm-12 btTextLeft\"  data-width=\"6\"><div class=\"rowItemContent\" ><div class=\"btText\" ><\/p>\n<div class=\"spnc-col-7 spnc-sticky-content\">\n<div class=\"theiaStickySidebar\">\n<div class=\"spnc-contact-wrapper\">\n<article class=\"wow-callback zoomIn spnc-post post-171 page type-page status-publish hentry wow-sticky\" data-wow-delay=\".8s\">\n<div class=\"spnc-post-content\">\n<div class=\"spnc-entry-content\">\n<div class=\"spnc-col-7 spnc-sticky-content\">\n<div class=\"theiaStickySidebar\">\n<div class=\"spnc-contact-wrapper\">\n<article class=\"wow-callback zoomIn spnc-post post-171 page type-page status-publish hentry wow-sticky\" data-wow-delay=\".8s\">\n<div class=\"spnc-post-content\">\n<div class=\"spnc-entry-content\">\n<p><strong>BURDUR T\u0130CARET BORSASI KOTASYON L\u0130STES\u0130<\/strong><\/p>\n<p><strong>I &#8211;\u00a0\u00a0\u00a0\u00a0\u00a0\u00a0\u00a0\u00a0<\/strong><strong>HUBUBAT<\/strong><\/p>\n<figure class=\"wp-block-table\">\n<table>\n<tbody>\n<tr>\n<td>\u00a01<\/td>\n<td>Arpa<\/td>\n<td>100 Kg<\/td>\n<\/tr>\n<tr>\n<td>2<\/td>\n<td>Bu\u011fday<\/td>\n<td>100 Kg<\/td>\n<\/tr>\n<tr>\n<td>3<\/td>\n<td>\u00c7avdar<\/td>\n<td>100 Kg<\/td>\n<\/tr>\n<tr>\n<td>4<\/td>\n<td>M\u0131s\u0131r<\/td>\n<td>100 Kg<\/td>\n<\/tr>\n<tr>\n<td>5<\/td>\n<td>Yulaf<\/td>\n<td>100 Kg<\/td>\n<\/tr>\n<\/tbody>\n<\/table>\n<\/figure>\n<p><strong>II &#8211;\u00a0\u00a0\u00a0\u00a0\u00a0\u00a0\u00a0\u00a0<\/strong><strong>HUBUBAT MAHSULLER\u0130<\/strong><\/p>\n<figure class=\"wp-block-table\">\n<table>\n<tbody>\n<tr>\n<td>6<\/td>\n<td>Bu\u011fday Kepe\u011fi<\/td>\n<td>100 Kg<\/td>\n<\/tr>\n<tr>\n<td>7<\/td>\n<td>Bu\u011fday Unu<\/td>\n<td>100 Kg<\/td>\n<\/tr>\n<tr>\n<td>8<\/td>\n<td>Bulgur<\/td>\n<td>100 Kg<\/td>\n<\/tr>\n<tr>\n<td>9<\/td>\n<td>\u0130rmik<\/td>\n<td>100 Kg<\/td>\n<\/tr>\n<tr>\n<td>10<\/td>\n<td>Razmol<\/td>\n<td>100 Kg<\/td>\n<\/tr>\n<tr>\n<td>11<\/td>\n<td>Makarna<\/td>\n<td>100 Kg<\/td>\n<\/tr>\n<\/tbody>\n<\/table>\n<\/figure>\n<p><strong>III &#8211;\u00a0\u00a0\u00a0\u00a0\u00a0\u00a0\u00a0\u00a0<\/strong><strong>BAKL\u0130YAT VE MAM\u00dcLLER\u0130<\/strong><\/p>\n<figure class=\"wp-block-table\">\n<table>\n<tbody>\n<tr>\n<td>12<\/td>\n<td>Kuru Fasulye<\/td>\n<td>100 Kg<\/td>\n<\/tr>\n<tr>\n<td>13<\/td>\n<td>Mercimek<\/td>\n<td>100 Kg<\/td>\n<\/tr>\n<tr>\n<td>14<\/td>\n<td>Nohut<\/td>\n<td>100 Kg<\/td>\n<\/tr>\n<\/tbody>\n<\/table>\n<\/figure>\n<p><strong>VI &#8211;\u00a0\u00a0\u00a0\u00a0\u00a0\u00a0\u00a0\u00a0<\/strong><strong>YA\u011eLI TOHUMLAR<\/strong><\/p>\n<figure class=\"wp-block-table\">\n<table>\n<tbody>\n<tr>\n<td>15<\/td>\n<td>Anason<\/td>\n<td>50 Kg<\/td>\n<\/tr>\n<tr>\n<td>16<\/td>\n<td>Ay\u00e7i\u00e7e\u011fi<\/td>\n<td>50 Kg<\/td>\n<\/tr>\n<tr>\n<td>17<\/td>\n<td>Ha\u015fha\u015f Tohumu<\/td>\n<td>50 Kg<\/td>\n<\/tr>\n<\/tbody>\n<\/table>\n<\/figure>\n<p><strong>V &#8211;\u00a0\u00a0\u00a0\u00a0\u00a0\u00a0\u00a0\u00a0K\u00dcSPE VE PR\u0130NA<\/strong><\/p>\n<figure class=\"wp-block-table\">\n<table>\n<tbody>\n<tr>\n<td>18<\/td>\n<td>K\u00fcspe<\/td>\n<td>500 Kg<\/td>\n<\/tr>\n<\/tbody>\n<\/table>\n<\/figure>\n<p><strong>VI &#8211;\u00a0\u00a0\u00a0\u00a0\u00a0\u00a0\u00a0\u00a0KURU VE YA\u015e MEYVELER<\/strong><\/p>\n<figure class=\"wp-block-table\">\n<table>\n<tbody>\n<tr>\n<td>18<\/td>\n<td>Leblebi<\/td>\n<td>100 Kg<\/td>\n<\/tr>\n<\/tbody>\n<\/table>\n<\/figure>\n<p><strong>VII &#8211;\u00a0\u00a0\u00a0\u00a0\u00a0\u00a0\u00a0\u00a0<\/strong><strong>ORMAN MAHS\u00dcLLER\u0130<\/strong><\/p>\n<figure class=\"wp-block-table\">\n<table>\n<tbody>\n<tr>\n<td>20<\/td>\n<td>Kereste<\/td>\n<td>5 m3<\/td>\n<\/tr>\n<tr>\n<td>21<\/td>\n<td>Tomruk<\/td>\n<td>15 m3<\/td>\n<\/tr>\n<\/tbody>\n<\/table>\n<\/figure>\n<p><strong>VIII &#8211;\u00a0\u00a0\u00a0\u00a0\u00a0\u00a0\u00a0\u00a0<\/strong><strong>HAYVAN\u0130 YA\u011eLAR\u00a0 (S\u00dcT YA\u011eLARI)<\/strong><\/p>\n<figure class=\"wp-block-table\">\n<table>\n<tbody>\n<tr>\n<td>22<\/td>\n<td>Sade Ya\u011f<\/td>\n<td>10 Kg<\/td>\n<\/tr>\n<tr>\n<td>23<\/td>\n<td>Tere Ya\u011f\u0131<\/td>\n<td>10 Kg<\/td>\n<\/tr>\n<\/tbody>\n<\/table>\n<\/figure>\n<p><strong>IX &#8211;\u00a0\u00a0\u00a0\u00a0\u00a0\u00a0\u00a0\u00a0<\/strong><strong>\u00c7E\u015e\u0130TL\u0130 GIDA MADDELER\u0130<\/strong><\/p>\n<figure class=\"wp-block-table\">\n<table>\n<tbody>\n<tr>\n<td>24<\/td>\n<td>Et<\/td>\n<td><\/td>\n<\/tr>\n<tr>\n<td>\u00a0a)<\/td>\n<td>B\u00fcy\u00fckba\u015f<\/td>\n<td>30 Kg<\/td>\n<\/tr>\n<tr>\n<td>\u00a0b)<\/td>\n<td>K\u00fc\u00e7\u00fckba\u015f<\/td>\n<td>16 Kg<\/td>\n<\/tr>\n<tr>\n<td>25<\/td>\n<td>Peynir<\/td>\n<td><\/td>\n<\/tr>\n<tr>\n<td>\u00a0a)<\/td>\n<td>Ya\u011fl\u0131-Ya\u011fs\u0131z<\/td>\n<td>17 Kg<\/td>\n<\/tr>\n<tr>\n<td>\u00a0b)<\/td>\n<td>Ka\u015far<\/td>\n<td>10 Kg<\/td>\n<\/tr>\n<tr>\n<td>\u00a0c)<\/td>\n<td>Lor<\/td>\n<td>17 Kg<\/td>\n<\/tr>\n<tr>\n<td>26<\/td>\n<td>Sucuk<\/td>\n<td>10 Kg<\/td>\n<\/tr>\n<\/tbody>\n<\/table>\n<\/figure>\n<p><strong>X &#8211;\u00a0\u00a0\u00a0\u00a0\u00a0\u00a0\u00a0\u00a0<\/strong><strong>TEKST\u0130L HAMMADDES\u0130<\/strong><\/p>\n<figure class=\"wp-block-table\">\n<table>\n<tbody>\n<tr>\n<td>27<\/td>\n<td>Ke\u00e7i K\u0131l\u0131<\/td>\n<td>25 Kg<\/td>\n<\/tr>\n<tr>\n<td>28<\/td>\n<td>Tiftik<\/td>\n<td>25 Kg<\/td>\n<\/tr>\n<tr>\n<td>29<\/td>\n<td>Yapak<\/td>\n<td>25 Kg<\/td>\n<\/tr>\n<\/tbody>\n<\/table>\n<\/figure>\n<p><strong>XI &#8211;\u00a0\u00a0\u00a0\u00a0\u00a0\u00a0\u00a0\u00a0<\/strong><strong>CANLI HAYVANLAR\u00a0 (Kasapl\u0131k Canl\u0131 Hayvanlar)<\/strong><\/p>\n<figure class=\"wp-block-table\">\n<table>\n<tbody>\n<tr>\n<td><em><strong>A<\/strong><\/em><\/td>\n<td><strong><em>B\u00fcy\u00fckba\u015f Kasapl\u0131k Canl\u0131 Hayvan<\/em><\/strong><\/td>\n<td><\/td>\n<\/tr>\n<tr>\n<td>30<\/td>\n<td>Bo\u011fa<\/td>\n<td>50 Kg<\/td>\n<\/tr>\n<tr>\n<td>31<\/td>\n<td>Buza\u011f\u0131<\/td>\n<td>50 Kg<\/td>\n<\/tr>\n<tr>\n<td>32<\/td>\n<td>Dana<\/td>\n<td>50 Kg<\/td>\n<\/tr>\n<tr>\n<td>33<\/td>\n<td>D\u00fcve<\/td>\n<td>50 Kg<\/td>\n<\/tr>\n<tr>\n<td>34<\/td>\n<td>\u0130nek<\/td>\n<td>50 Kg<\/td>\n<\/tr>\n<tr>\n<td>35<\/td>\n<td>Malak<\/td>\n<td>50 Kg<\/td>\n<\/tr>\n<tr>\n<td>36<\/td>\n<td>Manda<\/td>\n<td>50 Kg<\/td>\n<\/tr>\n<tr>\n<td>37<\/td>\n<td>\u00d6k\u00fcz<\/td>\n<td>50 Kg<\/td>\n<\/tr>\n<tr>\n<td>38<\/td>\n<td>Tosun<\/td>\n<td>50 Kg<\/td>\n<\/tr>\n<tr>\n<td><em><strong>B<\/strong><\/em><\/td>\n<td><em><strong>K\u00fc\u00e7\u00fckba\u015f Kasapl\u0131k Canl\u0131 Hayvan<\/strong><\/em><\/td>\n<td><\/td>\n<\/tr>\n<tr>\n<td>39<\/td>\n<td>Ke\u00e7i<\/td>\n<td>13 Kg<\/td>\n<\/tr>\n<tr>\n<td>40<\/td>\n<td>Koyun<\/td>\n<td>13 Kg<\/td>\n<\/tr>\n<tr>\n<td>41<\/td>\n<td>Kuzu<\/td>\n<td>13 Kg<\/td>\n<\/tr>\n<tr>\n<td>42<\/td>\n<td>O\u011flak<\/td>\n<td>13 Kg<\/td>\n<\/tr>\n<\/tbody>\n<\/table>\n<\/figure>\n<p><strong>XII &#8211;\u00a0\u00a0\u00a0\u00a0\u00a0\u00a0\u00a0\u00a0<\/strong><strong>HAM DER\u0130LER<\/strong><\/p>\n<figure class=\"wp-block-table\">\n<table>\n<tbody>\n<tr>\n<td><em><strong>A<\/strong><\/em><\/td>\n<td><em><strong>B\u00fcy\u00fckba\u015f Hayvan Derileri<\/strong><\/em><\/td>\n<td><\/td>\n<\/tr>\n<tr>\n<td>43<\/td>\n<td>Malak Derisi<\/td>\n<td>50 Kg<\/td>\n<\/tr>\n<tr>\n<td>44<\/td>\n<td>Manda Derisi<\/td>\n<td>50 Kg<\/td>\n<\/tr>\n<tr>\n<td>45<\/td>\n<td>S\u0131\u011f\u0131r Derisi<\/td>\n<td>50 Kg<\/td>\n<\/tr>\n<tr>\n<td><em><strong>B<\/strong><\/em><\/td>\n<td><em><strong>K\u00fc\u00e7\u00fckba\u015f Hayvan Derisi<\/strong><\/em><\/td>\n<td><\/td>\n<\/tr>\n<tr>\n<td>46<\/td>\n<td>Ke\u00e7i derisi<\/td>\n<td>5 Adet<\/td>\n<\/tr>\n<tr>\n<td>47<\/td>\n<td>Koyun Derisi<\/td>\n<td>5 Adet<\/td>\n<\/tr>\n<tr>\n<td>48<\/td>\n<td>Kuzu Derisi<\/td>\n<td>5 Adet<\/td>\n<\/tr>\n<\/tbody>\n<\/table>\n<\/figure>\n<p><strong>XIII &#8211;<\/strong><strong>\u00a0\u00a0\u00a0\u00a0\u00a0\u00a0\u00a0\u00a0<\/strong><strong>\u00c7E\u015e\u0130TL\u0130 GIDA MADDELER\u0130<\/strong><\/p>\n<figure class=\"wp-block-table\">\n<table>\n<tbody>\n<tr>\n<td>49<\/td>\n<td>Ba\u011f\u0131rsaklar<\/td>\n<td>10 Adet<\/td>\n<\/tr>\n<\/tbody>\n<\/table>\n<\/figure>\n<p>Borsam\u0131zca kote edilen maddelerin en az miktarlar\u0131 yukar\u0131da belirlenmi\u015f olup Y\u00f6netim Kurulumuzca tescil ve Borsa meclisimizin 5.7.1989 tarih 3 say\u0131l\u0131 kararla kabul edilmi\u015ftir.<\/p>\n<\/div>\n<\/div>\n<\/article>\n<\/div>\n<\/div>\n<\/div>\n<\/div>\n<\/div>\n<\/article>\n<\/div>\n<\/div>\n<\/div>\n<p>\n<\/div><\/div><\/div><div class=\"rowItem col-md-3 col-sm-6 col-ms-12 btTextLeft\"  data-width=\"3\"><div class=\"rowItemContent\" ><\/div><\/div><\/div><\/div><\/div><\/div><\/div><\/section><section id=\"bt_section69e1c48981d2f\"  class=\"boldSection gutter \" ><div class=\"port\"><div class=\"boldCell\"><div class=\"boldCellInner\"><\/div><\/div><\/div><\/section><\/p>\n","protected":false},"excerpt":{"rendered":"","protected":false},"author":8,"featured_media":0,"parent":0,"menu_order":0,"comment_status":"closed","ping_status":"closed","template":"","meta":{"footnotes":""},"class_list":["post-4744","page","type-page","status-publish","hentry"],"_links":{"self":[{"href":"https:\/\/www.burdurtb.org.tr\/tr\/wp-json\/wp\/v2\/pages\/4744","targetHints":{"allow":["GET"]}}],"collection":[{"href":"https:\/\/www.burdurtb.org.tr\/tr\/wp-json\/wp\/v2\/pages"}],"about":[{"href":"https:\/\/www.burdurtb.org.tr\/tr\/wp-json\/wp\/v2\/types\/page"}],"author":[{"embeddable":true,"href":"https:\/\/www.burdurtb.org.tr\/tr\/wp-json\/wp\/v2\/users\/8"}],"replies":[{"embeddable":true,"href":"https:\/\/www.burdurtb.org.tr\/tr\/wp-json\/wp\/v2\/comments?post=4744"}],"version-history":[{"count":15,"href":"https:\/\/www.burdurtb.org.tr\/tr\/wp-json\/wp\/v2\/pages\/4744\/revisions"}],"predecessor-version":[{"id":5593,"href":"https:\/\/www.burdurtb.org.tr\/tr\/wp-json\/wp\/v2\/pages\/4744\/revisions\/5593"}],"wp:attachment":[{"href":"https:\/\/www.burdurtb.org.tr\/tr\/wp-json\/wp\/v2\/media?parent=4744"}],"curies":[{"name":"wp","href":"https:\/\/api.w.org\/{rel}","templated":true}]}}