{"id":5625,"date":"2024-12-30T12:54:25","date_gmt":"2024-12-30T12:54:25","guid":{"rendered":"https:\/\/www.burdurtb.org.tr\/tr\/?page_id=5625"},"modified":"2026-02-06T14:07:26","modified_gmt":"2026-02-06T14:07:26","slug":"btb-e-dergi","status":"publish","type":"page","link":"https:\/\/www.burdurtb.org.tr\/tr\/btb-e-dergi\/","title":{"rendered":"BTB E-Dergi"},"content":{"rendered":"<p><section id=\"bt_section69e3430805e81\"  class=\"boldSection gutter \" ><div class=\"port\"><div class=\"boldCell\"><div class=\"boldCellInner\"><\/div><\/div><\/div><\/section><section id=\"bt_section69e3430805ee1\"  class=\"boldSection topSemiSpaced gutter boxed inherit\" ><div class=\"port\"><div class=\"boldCell\"><div class=\"boldCellInner\"><div class=\"boldRow \" ><div class=\"boldRowInner\"><div class=\"rowItem col-md-4 col-ms-12 btTextLeft animate animate-fadein inherit\"  data-width=\"4\"><div class=\"rowItemContent\" ><div class=\"bpgPhoto btDefaultHoverType btHasTitles\" > \r\n\t\t\t\t\t<a href=\"https:\/\/www.burdurtb.org.tr\/tr\/wp-content\/uploads\/2026\/02\/btb-ekim-aralik-2025.pdf\" target=\"_self\" title=\"Ekim-Aral\u0131k 2025 E-B\u00fclten\"><\/a>\r\n\t\t\t\t\t<div class=\"boldPhotoBox\"><div class=\"bpbItem\"><div class = \"btImage\"><img decoding=\"async\" src=\"https:\/\/www.burdurtb.org.tr\/tr\/wp-content\/uploads\/2026\/02\/kapak-640x637.png\" alt=\"\" title=\"Ekim-Aral\u0131k 2025 E-B\u00fclten\"><\/div><\/div><\/div>\r\n\t\t\t\t\t<div class=\"captionPane btDarkSkin btTextCenter\">\r\n\t\t\t\t\t\t<div class=\"captionTable\">\r\n\t\t\t\t\t\t\t<div class=\"captionCell\">\r\n\t\t\t\t\t\t\t\t<div class=\"captionTxt\"><header class=\"header btClear extrasmall\" ><div class=\"dash\"><h4><span class=\"headline\">Ekim-Aral\u0131k 2025 E-B\u00fclten<\/span><\/h4><\/div><\/header><\/div>\r\n\t\t\t\t\t\t\t<\/div>\r\n\t\t\t\t\t\t<\/div>\r\n\t\t\t\t\t<\/div>\r\n\t\t\t\t\t\t<div class=\"btShowTitle\">\r\n\t\t\t\t\t\t\t<div class=\"btShowTitleCaptionTxt\"><header class=\"header btClear small\" ><div class=\"dash\"><h4><span class=\"headline\">Ekim-Aral\u0131k 2025 E-B\u00fclten<\/span><\/h4><\/div><\/header><\/div>\r\n\t\t\t\t\t\t<\/div><\/div><div class=\"btClear btSeparator topSmallSpaced bottomSmallSpaced noBorder\" ><hr><\/div><\/div><\/div><div class=\"rowItem col-md-4 col-ms-12 btTextLeft animate animate-fadein inherit\"  data-width=\"4\"><div class=\"rowItemContent\" ><div class=\"bpgPhoto btDefaultHoverType btHasTitles\" > \r\n\t\t\t\t\t<a href=\"https:\/\/www.burdurtb.org.tr\/tr\/wp-content\/uploads\/2025\/10\/btb-temmuz-eylul-2025-WEB.pdf\" target=\"_self\" title=\"Temmuz-Eyl\u00fcl 2025 E-B\u00fclten\"><\/a>\r\n\t\t\t\t\t<div class=\"boldPhotoBox\"><div class=\"bpbItem\"><div class = \"btImage\"><img decoding=\"async\" src=\"https:\/\/www.burdurtb.org.tr\/tr\/wp-content\/uploads\/2025\/10\/web-640x637.jpg\" alt=\"\" title=\"Temmuz-Eyl\u00fcl 2025 E-B\u00fclten\"><\/div><\/div><\/div>\r\n\t\t\t\t\t<div class=\"captionPane btDarkSkin btTextCenter\">\r\n\t\t\t\t\t\t<div class=\"captionTable\">\r\n\t\t\t\t\t\t\t<div class=\"captionCell\">\r\n\t\t\t\t\t\t\t\t<div class=\"captionTxt\"><header class=\"header btClear extrasmall\" ><div class=\"dash\"><h4><span class=\"headline\">Temmuz-Eyl\u00fcl 2025 E-B\u00fclten<\/span><\/h4><\/div><\/header><\/div>\r\n\t\t\t\t\t\t\t<\/div>\r\n\t\t\t\t\t\t<\/div>\r\n\t\t\t\t\t<\/div>\r\n\t\t\t\t\t\t<div class=\"btShowTitle\">\r\n\t\t\t\t\t\t\t<div class=\"btShowTitleCaptionTxt\"><header class=\"header btClear small\" ><div class=\"dash\"><h4><span class=\"headline\">Temmuz-Eyl\u00fcl 2025 E-B\u00fclten<\/span><\/h4><\/div><\/header><\/div>\r\n\t\t\t\t\t\t<\/div><\/div><div class=\"btClear btSeparator topSmallSpaced bottomSmallSpaced noBorder\" ><hr><\/div><\/div><\/div><div class=\"rowItem col-md-4 col-ms-12 btTextLeft animate animate-fadein inherit\"  data-width=\"4\"><div class=\"rowItemContent\" ><div class=\"bpgPhoto btDefaultHoverType btHasTitles\" > \r\n\t\t\t\t\t<a href=\"https:\/\/www.burdurtb.org.tr\/tr\/wp-content\/uploads\/2025\/07\/btb-nisan-haziran-2025.pdf\" target=\"_self\" title=\"Nisan-Haziran 2025 E-B\u00fclten\"><\/a>\r\n\t\t\t\t\t<div class=\"boldPhotoBox\"><div class=\"bpbItem\"><div class = \"btImage\"><img decoding=\"async\" src=\"https:\/\/www.burdurtb.org.tr\/tr\/wp-content\/uploads\/2025\/07\/btb-Ocak-mart2025-kapak-1-640x637.jpg\" alt=\"\" title=\"Nisan-Haziran 2025 E-B\u00fclten\"><\/div><\/div><\/div>\r\n\t\t\t\t\t<div class=\"captionPane btDarkSkin btTextCenter\">\r\n\t\t\t\t\t\t<div class=\"captionTable\">\r\n\t\t\t\t\t\t\t<div class=\"captionCell\">\r\n\t\t\t\t\t\t\t\t<div class=\"captionTxt\"><header class=\"header btClear extrasmall\" ><div class=\"dash\"><h4><span class=\"headline\">Nisan-Haziran 2025 E-B\u00fclten<\/span><\/h4><\/div><\/header><\/div>\r\n\t\t\t\t\t\t\t<\/div>\r\n\t\t\t\t\t\t<\/div>\r\n\t\t\t\t\t<\/div>\r\n\t\t\t\t\t\t<div class=\"btShowTitle\">\r\n\t\t\t\t\t\t\t<div class=\"btShowTitleCaptionTxt\"><header class=\"header btClear small\" ><div class=\"dash\"><h4><span class=\"headline\">Nisan-Haziran 2025 E-B\u00fclten<\/span><\/h4><\/div><\/header><\/div>\r\n\t\t\t\t\t\t<\/div><\/div><div class=\"btClear btSeparator topSmallSpaced bottomSmallSpaced noBorder\" ><hr><\/div><\/div><\/div><\/div><\/div><div class=\"boldRow \" ><div class=\"boldRowInner\"><div class=\"rowItem col-md-4 col-ms-12 btTextLeft animate animate-fadein inherit\"  data-width=\"4\"><div class=\"rowItemContent\" ><div class=\"bpgPhoto btDefaultHoverType btHasTitles\" > \r\n\t\t\t\t\t<a href=\"https:\/\/www.burdurtb.org.tr\/tr\/wp-content\/uploads\/2025\/01\/btb-Ekim-aralik-2024.pdf\" target=\"_self\" title=\"Ekim-Aral\u0131k 2024 E-B\u00fclten\"><\/a>\r\n\t\t\t\t\t<div class=\"boldPhotoBox\"><div class=\"bpbItem\"><div class = \"btImage\"><img decoding=\"async\" src=\"https:\/\/www.burdurtb.org.tr\/tr\/wp-content\/uploads\/2025\/01\/Free_Square_Brochure_Mockup_02-640x640.jpg\" alt=\"\" title=\"Ekim-Aral\u0131k 2024 E-B\u00fclten\"><\/div><\/div><\/div>\r\n\t\t\t\t\t<div class=\"captionPane btDarkSkin btTextCenter\">\r\n\t\t\t\t\t\t<div class=\"captionTable\">\r\n\t\t\t\t\t\t\t<div class=\"captionCell\">\r\n\t\t\t\t\t\t\t\t<div class=\"captionTxt\"><header class=\"header btClear extrasmall\" ><div class=\"dash\"><h4><span class=\"headline\">Ekim-Aral\u0131k 2024 E-B\u00fclten<\/span><\/h4><\/div><\/header><\/div>\r\n\t\t\t\t\t\t\t<\/div>\r\n\t\t\t\t\t\t<\/div>\r\n\t\t\t\t\t<\/div>\r\n\t\t\t\t\t\t<div class=\"btShowTitle\">\r\n\t\t\t\t\t\t\t<div class=\"btShowTitleCaptionTxt\"><header class=\"header btClear small\" ><div class=\"dash\"><h4><span class=\"headline\">Ekim-Aral\u0131k 2024 E-B\u00fclten<\/span><\/h4><\/div><\/header><\/div>\r\n\t\t\t\t\t\t<\/div><\/div><div class=\"btClear btSeparator topSmallSpaced bottomSmallSpaced noBorder\" ><hr><\/div><\/div><\/div><div class=\"rowItem col-md-4 col-ms-12 btTextLeft animate animate-fadein inherit\"  data-width=\"4\"><div class=\"rowItemContent\" ><div class=\"bpgPhoto btDefaultHoverType btHasTitles\" > \r\n\t\t\t\t\t<a href=\"https:\/\/www.burdurtb.org.tr\/tr\/wp-content\/uploads\/2024\/10\/btb-temmuz-eylul-1.pdf\" target=\"_self\" title=\"Temmuz-Eyl\u00fcl E-Dergi 2024\"><\/a>\r\n\t\t\t\t\t<div class=\"boldPhotoBox\"><div class=\"bpbItem\"><div class = \"btImage\"><img decoding=\"async\" src=\"https:\/\/www.burdurtb.org.tr\/tr\/wp-content\/uploads\/2024\/10\/Free_Square_Brochure_Mockup_02-640x640.jpg\" alt=\"\" title=\"Temmuz-Eyl\u00fcl E-Dergi 2024\"><\/div><\/div><\/div>\r\n\t\t\t\t\t<div class=\"captionPane btDarkSkin btTextCenter\">\r\n\t\t\t\t\t\t<div class=\"captionTable\">\r\n\t\t\t\t\t\t\t<div class=\"captionCell\">\r\n\t\t\t\t\t\t\t\t<div class=\"captionTxt\"><header class=\"header btClear extrasmall\" ><div class=\"dash\"><h4><span class=\"headline\">Temmuz-Eyl\u00fcl E-Dergi 2024<\/span><\/h4><\/div><\/header><\/div>\r\n\t\t\t\t\t\t\t<\/div>\r\n\t\t\t\t\t\t<\/div>\r\n\t\t\t\t\t<\/div>\r\n\t\t\t\t\t\t<div class=\"btShowTitle\">\r\n\t\t\t\t\t\t\t<div class=\"btShowTitleCaptionTxt\"><header class=\"header btClear small\" ><div class=\"dash\"><h4><span class=\"headline\">Temmuz-Eyl\u00fcl E-Dergi 2024<\/span><\/h4><\/div><\/header><\/div>\r\n\t\t\t\t\t\t<\/div><\/div><div class=\"btClear btSeparator topSmallSpaced bottomSmallSpaced noBorder\" ><hr><\/div><\/div><\/div><div class=\"rowItem col-md-4 col-ms-12 btTextLeft animate animate-fadein inherit\"  data-width=\"4\"><div class=\"rowItemContent\" ><div class=\"bpgPhoto btDefaultHoverType btHasTitles\" > \r\n\t\t\t\t\t<a href=\"https:\/\/www.burdurtb.org.tr\/tr\/wp-content\/uploads\/2025\/04\/btb-ocak-mart-2025.pdf\" target=\"_self\" title=\"Ocak-Mart 2025 E-B\u00fclten\"><\/a>\r\n\t\t\t\t\t<div class=\"boldPhotoBox\"><div class=\"bpbItem\"><div class = \"btImage\"><img decoding=\"async\" src=\"https:\/\/www.burdurtb.org.tr\/tr\/wp-content\/uploads\/2025\/04\/Free_Square_Brochure_Mockup_0ds2-640x640.jpg\" alt=\"\" title=\"Ocak-Mart 2025 E-B\u00fclten\"><\/div><\/div><\/div>\r\n\t\t\t\t\t<div class=\"captionPane btDarkSkin btTextCenter\">\r\n\t\t\t\t\t\t<div class=\"captionTable\">\r\n\t\t\t\t\t\t\t<div class=\"captionCell\">\r\n\t\t\t\t\t\t\t\t<div class=\"captionTxt\"><header class=\"header btClear extrasmall\" ><div class=\"dash\"><h4><span class=\"headline\">Ocak-Mart 2025 E-B\u00fclten<\/span><\/h4><\/div><\/header><\/div>\r\n\t\t\t\t\t\t\t<\/div>\r\n\t\t\t\t\t\t<\/div>\r\n\t\t\t\t\t<\/div>\r\n\t\t\t\t\t\t<div class=\"btShowTitle\">\r\n\t\t\t\t\t\t\t<div class=\"btShowTitleCaptionTxt\"><header class=\"header btClear small\" ><div class=\"dash\"><h4><span class=\"headline\">Ocak-Mart 2025 E-B\u00fclten<\/span><\/h4><\/div><\/header><\/div>\r\n\t\t\t\t\t\t<\/div><\/div><div class=\"btClear btSeparator topSmallSpaced bottomSmallSpaced noBorder\" ><hr><\/div><\/div><\/div><\/div><\/div><div class=\"boldRow \" ><div class=\"boldRowInner\"><div class=\"rowItem col-md-4 col-ms-12 btTextLeft animate animate-fadein inherit\"  data-width=\"4\"><div class=\"rowItemContent\" ><div class=\"bpgPhoto btDefaultHoverType btHasTitles\" > \r\n\t\t\t\t\t<a href=\"https:\/\/www.burdurtb.org.tr\/tr\/wp-content\/uploads\/2024\/07\/btb-nisan-haziran.pdf#\" target=\"_self\" title=\"Nisan-Haziran 2024 E-Dergi\"><\/a>\r\n\t\t\t\t\t<div class=\"boldPhotoBox\"><div class=\"bpbItem\"><div class = \"btImage\"><img decoding=\"async\" src=\"https:\/\/www.burdurtb.org.tr\/tr\/wp-content\/uploads\/2024\/07\/Mockup_02-640x640.jpg\" alt=\"\" title=\"Nisan-Haziran 2024 E-Dergi\"><\/div><\/div><\/div>\r\n\t\t\t\t\t<div class=\"captionPane btDarkSkin btTextCenter\">\r\n\t\t\t\t\t\t<div class=\"captionTable\">\r\n\t\t\t\t\t\t\t<div class=\"captionCell\">\r\n\t\t\t\t\t\t\t\t<div class=\"captionTxt\"><header class=\"header btClear extrasmall\" ><div class=\"dash\"><h4><span class=\"headline\">Nisan-Haziran 2024 E-Dergi<\/span><\/h4><\/div><\/header><\/div>\r\n\t\t\t\t\t\t\t<\/div>\r\n\t\t\t\t\t\t<\/div>\r\n\t\t\t\t\t<\/div>\r\n\t\t\t\t\t\t<div class=\"btShowTitle\">\r\n\t\t\t\t\t\t\t<div class=\"btShowTitleCaptionTxt\"><header class=\"header btClear small\" ><div class=\"dash\"><h4><span class=\"headline\">Nisan-Haziran 2024 E-Dergi<\/span><\/h4><\/div><\/header><\/div>\r\n\t\t\t\t\t\t<\/div><\/div><div class=\"btClear btSeparator topSmallSpaced bottomSmallSpaced noBorder\" ><hr><\/div><\/div><\/div><div class=\"rowItem col-md-4 col-ms-12 btTextLeft animate animate-fadein inherit\"  data-width=\"4\"><div class=\"rowItemContent\" ><div class=\"bpgPhoto btDefaultHoverType btHasTitles\" > \r\n\t\t\t\t\t<a href=\"https:\/\/www.burdurtb.org.tr\/tr\/wp-content\/uploads\/2024\/05\/btb-ocak-mart-2024.pdf\" target=\"_self\" title=\"Ocak-Mart 2024 E-Dergi\"><\/a>\r\n\t\t\t\t\t<div class=\"boldPhotoBox\"><div class=\"bpbItem\"><div class = \"btImage\"><img decoding=\"async\" src=\"https:\/\/www.burdurtb.org.tr\/tr\/wp-content\/uploads\/2024\/12\/1-640x640.jpg\" alt=\"\" title=\"Ocak-Mart 2024 E-Dergi\"><\/div><\/div><\/div>\r\n\t\t\t\t\t<div class=\"captionPane btDarkSkin btTextCenter\">\r\n\t\t\t\t\t\t<div class=\"captionTable\">\r\n\t\t\t\t\t\t\t<div class=\"captionCell\">\r\n\t\t\t\t\t\t\t\t<div class=\"captionTxt\"><header class=\"header btClear extrasmall\" ><div class=\"dash\"><h4><span class=\"headline\">Ocak-Mart 2024 E-Dergi<\/span><\/h4><\/div><\/header><\/div>\r\n\t\t\t\t\t\t\t<\/div>\r\n\t\t\t\t\t\t<\/div>\r\n\t\t\t\t\t<\/div>\r\n\t\t\t\t\t\t<div class=\"btShowTitle\">\r\n\t\t\t\t\t\t\t<div class=\"btShowTitleCaptionTxt\"><header class=\"header btClear small\" ><div class=\"dash\"><h4><span class=\"headline\">Ocak-Mart 2024 E-Dergi<\/span><\/h4><\/div><\/header><\/div>\r\n\t\t\t\t\t\t<\/div><\/div><div class=\"btClear btSeparator topSmallSpaced bottomSmallSpaced noBorder\" ><hr><\/div><\/div><\/div><div class=\"rowItem col-md-4 col-ms-12 btTextLeft animate animate-fadein inherit\"  data-width=\"4\"><div class=\"rowItemContent\" ><div class=\"bpgPhoto btDefaultHoverType btHasTitles\" > \r\n\t\t\t\t\t<a href=\"https:\/\/www.burdurtb.org.tr\/tr\/wp-content\/uploads\/2024\/05\/btb-ekim-aralik-bulten.pdf\" target=\"_self\" title=\"Ekim-Aral\u0131k 2023 E-Dergi\"><\/a>\r\n\t\t\t\t\t<div class=\"boldPhotoBox\"><div class=\"bpbItem\"><div class = \"btImage\"><img decoding=\"async\" src=\"https:\/\/www.burdurtb.org.tr\/tr\/wp-content\/uploads\/2024\/12\/Free_Square_Brochure_Mockup_02-640x640.jpg\" alt=\"\" title=\"Ekim-Aral\u0131k 2023 E-Dergi\"><\/div><\/div><\/div>\r\n\t\t\t\t\t<div class=\"captionPane btDarkSkin btTextCenter\">\r\n\t\t\t\t\t\t<div class=\"captionTable\">\r\n\t\t\t\t\t\t\t<div class=\"captionCell\">\r\n\t\t\t\t\t\t\t\t<div class=\"captionTxt\"><header class=\"header btClear extrasmall\" ><div class=\"dash\"><h4><span class=\"headline\">Ekim-Aral\u0131k 2023 E-Dergi<\/span><\/h4><\/div><\/header><\/div>\r\n\t\t\t\t\t\t\t<\/div>\r\n\t\t\t\t\t\t<\/div>\r\n\t\t\t\t\t<\/div>\r\n\t\t\t\t\t\t<div class=\"btShowTitle\">\r\n\t\t\t\t\t\t\t<div class=\"btShowTitleCaptionTxt\"><header class=\"header btClear small\" ><div class=\"dash\"><h4><span class=\"headline\">Ekim-Aral\u0131k 2023 E-Dergi<\/span><\/h4><\/div><\/header><\/div>\r\n\t\t\t\t\t\t<\/div><\/div><div class=\"btClear btSeparator topSmallSpaced bottomSmallSpaced noBorder\" ><hr><\/div><\/div><\/div><\/div><\/div><div class=\"boldRow \" ><div class=\"boldRowInner\"><div class=\"rowItem col-md-4 col-ms-12 btTextLeft animate animate-fadein inherit\"  data-width=\"4\"><div class=\"rowItemContent\" ><div class=\"bpgPhoto btDefaultHoverType btHasTitles\" > \r\n\t\t\t\t\t<a href=\"https:\/\/www.burdurtb.org.tr\/tr\/wp-content\/uploads\/2024\/05\/btb-temmuz-eylul.pdf\" target=\"_self\" title=\"Temmuz-Eyl\u00fcl 2023 E-Dergi\"><\/a>\r\n\t\t\t\t\t<div class=\"boldPhotoBox\"><div class=\"bpbItem\"><div class = \"btImage\"><img decoding=\"async\" src=\"https:\/\/www.burdurtb.org.tr\/tr\/wp-content\/uploads\/2024\/12\/Ekran-Resmi-2025-12-30-16.02.43-640x641.png\" alt=\"\" title=\"Temmuz-Eyl\u00fcl 2023 E-Dergi\"><\/div><\/div><\/div>\r\n\t\t\t\t\t<div class=\"captionPane btDarkSkin btTextCenter\">\r\n\t\t\t\t\t\t<div class=\"captionTable\">\r\n\t\t\t\t\t\t\t<div class=\"captionCell\">\r\n\t\t\t\t\t\t\t\t<div class=\"captionTxt\"><header class=\"header btClear extrasmall\" ><div class=\"dash\"><h4><span class=\"headline\">Temmuz-Eyl\u00fcl 2023 E-Dergi<\/span><\/h4><\/div><\/header><\/div>\r\n\t\t\t\t\t\t\t<\/div>\r\n\t\t\t\t\t\t<\/div>\r\n\t\t\t\t\t<\/div>\r\n\t\t\t\t\t\t<div class=\"btShowTitle\">\r\n\t\t\t\t\t\t\t<div class=\"btShowTitleCaptionTxt\"><header class=\"header btClear small\" ><div class=\"dash\"><h4><span class=\"headline\">Temmuz-Eyl\u00fcl 2023 E-Dergi<\/span><\/h4><\/div><\/header><\/div>\r\n\t\t\t\t\t\t<\/div><\/div><div class=\"btClear btSeparator topSmallSpaced bottomSmallSpaced noBorder\" ><hr><\/div><\/div><\/div><div class=\"rowItem col-md-4 col-ms-12 btTextLeft animate animate-fadein inherit\"  data-width=\"4\"><div class=\"rowItemContent\" ><div class=\"bpgPhoto btDefaultHoverType btHasTitles\" ><div class = \"btImage\"><img decoding=\"async\" src=\"https:\/\/www.burdurtb.org.tr\/tr\/wp-content\/uploads\/2024\/12\/BTB-Dijital-Logo-640x640.png\" alt=\"\" title=\"\"><\/div><\/div><div class=\"btClear btSeparator topSmallSpaced bottomSmallSpaced noBorder\" ><hr><\/div><\/div><\/div><div class=\"rowItem col-md-4 col-ms-12 btTextLeft animate animate-fadein inherit\"  data-width=\"4\"><div class=\"rowItemContent\" ><div class=\"bpgPhoto btDefaultHoverType btHasTitles\" ><div class = \"btImage\"><img decoding=\"async\" src=\"https:\/\/www.burdurtb.org.tr\/tr\/wp-content\/uploads\/2024\/12\/BTB-Dijital-Logo-640x640.png\" alt=\"\" title=\"\"><\/div><\/div><div class=\"btClear btSeparator topSmallSpaced bottomSmallSpaced noBorder\" ><hr><\/div><\/div><\/div><\/div><\/div><div class=\"boldRow \" ><div class=\"boldRowInner\"><div class=\"rowItem col-md-12 col-ms-12  btTextLeft inherit\"  data-width=\"12\"><div class=\"rowItemContent\" ><div class=\"btClear btSeparator topSmallSpaced bottomSmallSpaced border\" ><hr><\/div><div class=\"btClear btSeparator topSmallSpaced bottomSmallSpaced noBorder\" ><hr><\/div><\/div><\/div><\/div><\/div><div class=\"boldRow \" ><div class=\"boldRowInner\"><div class=\"rowItem col-md-6 col-sm-12 btTextLeft animate animate-fadein inherit\"  data-width=\"6\"><div class=\"rowItemContent\" ><header class=\"header btClear large  regular\" ><div class=\"btSuperTitle\"><span>BURDUR T\u0130CARET BORSASI<\/span><\/div><div class=\"dash\"><h2><span class=\"headline\">Burdur Ticaret Borsas\u0131 E-Dergi<\/span><\/h2><\/div><div class=\"btSubTitle\">Burdur Ticaret Borsas\u0131n\u0131n faaliyetlerinin 3&#8217;er ay arayla yay\u0131nland\u0131\u011f\u0131 E-Dergi&#8217;yi inceleyebilir, g\u00f6r\u00fc\u015f ve \u00f6nerilerinizi bizlerle payla\u015fabilirsiniz.<\/div><\/header><div class=\"btClear btSeparator topSemiSpaced noBorder\" ><hr><\/div><\/div><\/div><div class=\"rowItem col-md-6 col-sm-12 btTextLeft\"  data-width=\"6\"><div class=\"rowItemContent\" ><\/div><\/div><\/div><\/div><\/div><\/div><\/div><\/section><section id=\"bt_section69e343081ccf1\"  class=\"boldSection gutter \" ><div class=\"port\"><div class=\"boldCell\"><div class=\"boldCellInner\"><\/div><\/div><\/div><\/section><section id=\"bt_section69e343081cd12\"  class=\"boldSection gutter \" ><div class=\"port\"><div class=\"boldCell\"><div class=\"boldCellInner\"><\/div><\/div><\/div><\/section><\/p>\n","protected":false},"excerpt":{"rendered":"","protected":false},"author":10,"featured_media":0,"parent":0,"menu_order":0,"comment_status":"closed","ping_status":"closed","template":"","meta":{"footnotes":""},"class_list":["post-5625","page","type-page","status-publish","hentry"],"_links":{"self":[{"href":"https:\/\/www.burdurtb.org.tr\/tr\/wp-json\/wp\/v2\/pages\/5625","targetHints":{"allow":["GET"]}}],"collection":[{"href":"https:\/\/www.burdurtb.org.tr\/tr\/wp-json\/wp\/v2\/pages"}],"about":[{"href":"https:\/\/www.burdurtb.org.tr\/tr\/wp-json\/wp\/v2\/types\/page"}],"author":[{"embeddable":true,"href":"https:\/\/www.burdurtb.org.tr\/tr\/wp-json\/wp\/v2\/users\/10"}],"replies":[{"embeddable":true,"href":"https:\/\/www.burdurtb.org.tr\/tr\/wp-json\/wp\/v2\/comments?post=5625"}],"version-history":[{"count":16,"href":"https:\/\/www.burdurtb.org.tr\/tr\/wp-json\/wp\/v2\/pages\/5625\/revisions"}],"predecessor-version":[{"id":8324,"href":"https:\/\/www.burdurtb.org.tr\/tr\/wp-json\/wp\/v2\/pages\/5625\/revisions\/8324"}],"wp:attachment":[{"href":"https:\/\/www.burdurtb.org.tr\/tr\/wp-json\/wp\/v2\/media?parent=5625"}],"curies":[{"name":"wp","href":"https:\/\/api.w.org\/{rel}","templated":true}]}}