{"id":7604,"date":"2025-10-21T12:34:42","date_gmt":"2025-10-21T12:34:42","guid":{"rendered":"https:\/\/www.burdurtb.org.tr\/tr\/?page_id=7604"},"modified":"2025-10-21T12:34:42","modified_gmt":"2025-10-21T12:34:42","slug":"burdur-ekonomisi","status":"publish","type":"page","link":"https:\/\/www.burdurtb.org.tr\/tr\/burdur-ekonomisi\/","title":{"rendered":"Burdur Ekonomisi"},"content":{"rendered":"<p><section id=\"bt_section69e342b2a9b11\"  class=\"boldSection gutter \" ><div class=\"port\"><div class=\"boldCell\"><div class=\"boldCellInner\"><\/div><\/div><\/div><\/section><section id=\"bt_section69e342b2a9b66\"  class=\"boldSection topSpaced bottomSpaced gutter boxed inherit\" style=\"background-color:#f2f1ed  !important;\"><div class=\"port\"><div class=\"boldCell\"><div class=\"boldCellInner\"><div class=\"boldRow \" ><div class=\"boldRowInner\"><div class=\"rowItem col-md-8 col-ms-12 btTextLeft animate animate-fadein inherit\"  data-width=\"8\"><div class=\"rowItemContent\" ><header class=\"header btClear large  regular\" ><div class=\"btSuperTitle\"><span>Burdur Economy<\/span><\/div><div class=\"dash\"><h2><span class=\"headline\">Burdur Ekonomisi<\/span><\/h2><\/div><div class=\"btSubTitle\">Y\u00fckselen \u015eehir, Burdur<br \/><br>Ta\u015f\u0131n a\u015f oldu\u011fu, Eme\u011fin umutla bulu\u015ftu\u011fu, y\u00fckselen \u015fehir Burdur.<\/p><br><p>Organize Sanayi B\u00f6lgeleri, T\u00fcrkiye\u2019de sanayi tesislerinin planl\u0131 \u015fekilde kurulmalar\u0131, geli\u015fmeleri ve pahal\u0131 olan altyap\u0131lar\u0131 ortak kullanmalar\u0131 amac\u0131yla uygulamaya konulmu\u015ftur.<\/p><br><p>Ama\u00e7; \u00fcretimde verimlili\u011fi artt\u0131rma, sanayicilere daha uygun maliyetle arsa, yol, su, elektrik, do\u011falgaz ve \u00e7evre temizlik gibi hizmetlerin sunulmas\u0131 ve bu hizmetlerin devaml\u0131l\u0131\u011f\u0131n\u0131n sa\u011flanmas\u0131d\u0131r.<\/p><br><p>Akdeniz\u2019de y\u00fckselen bir de\u011fer olarak \u00f6n plana \u00e7\u0131kan Burdur, 11 \u0130l\u00e7e, 4 Belde, 193 k\u00f6y ve 7,175 m\u00b2&#8217;lik y\u00fcz \u00f6l\u00e7\u00fcm\u00fc ile eme\u011fin al\u0131n terine d\u00f6n\u00fc\u015ft\u00fc\u011f\u00fc bir \u015fehir olarak b\u00f6lgesinde kendini ispatlam\u0131\u015ft\u0131r.<\/p><br><p>Toplam n\u00fcfusu 273.716 olan ve Akdeniz b\u00f6lgesinin \u0131l\u0131man ge\u00e7i\u015f iklimi \u00f6zelli\u011fine sahip Burdur, ula\u015f\u0131mda b\u00f6l\u00fcnm\u00fc\u015f yollar\u0131, demiryolu avantaj\u0131, havaliman\u0131 ve limana olan yak\u0131nl\u0131\u011f\u0131 ve organize sanayi b\u00f6lgeleriyle ekonominin nabz\u0131 olma yolunda ilerlemektedir.<br \/><br>Burdur&#8217;da ikisi merkezde ve biri Bucak il\u00e7esinde olmak \u00fczere toplam \u00fc\u00e7 adet organize sanayi b\u00f6lgesi bulunmaktad\u0131r.<\/p><br><p>Burdur 1. Organize Sanayi B\u00f6lgesi<br \/><br>94 Hektar alan \u00fczerine kurulu olup 59,73 Hektar\u0131 Sanayi Parselidir. Bu alan 58 parsele ayr\u0131lm\u0131\u015f ve 58 firmaya tahsis edilmi\u015ftir. Burdur\u2019un ilk Organize Sanayi B\u00f6lgesi olma \u00f6zelli\u011fini ta\u015f\u0131yan Burdur 1.Osb b\u00f6lge sanayisinin bug\u00fcnlere gelmesi ve geli\u015fmesinde \u00f6nemli bir g\u00f6rev \u00fcstlenmi\u015ftir.<\/p><br><p>Burdur 2. Organize Sanayi B\u00f6lgesi<br \/><br>96 hektar alan \u00fczerine kurulu olup, 21 sanayi parseli firmalara tahsis edilmi\u015ftir.<br \/><br>Doluluk oran\u0131 %100 olan Burdur 2. OSB\u2019de geni\u015fleme \u00e7al\u0131\u015fmalar\u0131 devam etmektedir.<br \/><br>Elektrik, do\u011falgaz, kullanma suyu, at\u0131k su, ya\u011fmur suyu, Fiber optik Telekom altyap\u0131s\u0131 ve di\u011fer \u00fcstyap\u0131 yat\u0131r\u0131mlar\u0131n\u0131 tamamlayarak sanayicilerin hizmetine sunulmu\u015ftur.<\/p><br><p>Bucak Organize Sanayi B\u00f6lgesi<br \/><br>182 Hektar alan \u00fczerine kurulan b\u00f6lgede 123 hektar\u0131 sanayi parseli 87 firmaya tahsis edilmi\u015ftir. %100 doluluk oran\u0131na ula\u015fan Bucak OSB\u2019de geni\u015fleme \u00e7al\u0131\u015fmalar\u0131 devam etmektedir.<br \/><br>B\u00f6lgede, sanayicilere ara eleman yeti\u015ftirmek amac\u0131yla Bucak Organize Sanayi Mesleki ve Teknik Anadolu Lisesi Kamp\u00fcs\u00fc kurulmu\u015ftur. 35 d\u00f6n\u00fcml\u00fck alana kurulan kamp\u00fcs 850 ki\u015fi kapasiteli derslikler, 7 at\u00f6lye, 200 ki\u015filik yat\u0131l\u0131 pansiyon ve spor sahalar\u0131 ile E\u011fitim vermektedir. Bucak OSB sadece mermer de\u011fil D\u00fcnya\u2019n\u0131n pek \u00e7ok \u00fclkesine mermer makinalar\u0131 \u00fcrerimi ve ihracat\u0131 da yapmaktad\u0131r.<\/p><br><p>Emek, al\u0131n teri ve ba\u015far\u0131 gayesiyle \u00e7al\u0131\u015fmalar\u0131n\u0131 aral\u0131ks\u0131z s\u00fcrd\u00fcren Burdur\u2019da \u00f6ne \u00e7\u0131kan sekt\u00f6rler; Maden ve Mermer Sanayi, G\u0131da, Metal-Makine, Orman \u00dcr\u00fcnleri, Yap\u0131 ve \u0130n\u015faat Malzemeleri, Silah Sanayi, Tar\u0131m Alet ve Makinalar\u0131d\u0131r. \u0130hracat\u0131n Sekt\u00f6rel olarak da\u011f\u0131l\u0131m\u0131nda ise ba\u015fta Madencilik \u00dcr\u00fcnleri olmak \u00fczere, Savunma ve Havac\u0131l\u0131k Sanayi, Demir, Demir D\u0131\u015f\u0131 Metaller, Makine ve Aksamlar\u0131, \u00c7imento, Cam, Seramik ve Toprak \u00dcr\u00fcnleri, Mobilya, K\u00e2\u011f\u0131t ve Orman \u00dcr\u00fcnleri\u2019dir.<\/p><br><p>\u00c7evreye duyarl\u0131 rekabet\u00e7i yap\u0131s\u0131yla \u00fclke ekonomisine \u00f6nemli katk\u0131lar sa\u011flayan Burdur\u2019un en \u00f6nemli ihracat kayna\u011f\u0131 Mermer Sanayisidir. Mermer \u00fcretiminde geli\u015fmi\u015f teknolojisi ve \u00e7evreye duyarl\u0131 do\u011fayla bar\u0131\u015f\u0131k yeni \u00fcretim y\u00f6ntemleriyle \u00fclkemizde ve b\u00f6lgesinde ilgi oda\u011f\u0131 olmaya devam etmektedir. B\u00f6lge ekonomisine istihdam alan\u0131nda da sa\u011flad\u0131\u011f\u0131 i\u015f imk\u00e2nlar\u0131n\u0131n yan\u0131nda \u00fclke ekonomisine de ihracat alan\u0131nda \u00f6nemli katk\u0131lar sa\u011flamay\u0131 s\u00fcrd\u00fcrmektedir.<\/p><br><p>Topraktan \u00e7\u0131kar\u0131l\u0131p i\u015flenmesine kadar her an\u0131 ayr\u0131 emek isteyen Mermer \u00fcretimi, suyuyla, \u00e7amuruyla, tozuyla adeta \u201cta\u015f ye\u015ferir mi?\u201d sorusuna bir cevap niteli\u011fi ta\u015f\u0131maktad\u0131ir.<\/p><br><p>Eme\u011fini ta\u015ftan ve topraktan \u00e7\u0131karan Burdur\u2019un d\u00fcnya \u00e7ap\u0131nda \u00fcn yapan \u201cBurdur Beji, Burdur Kahvesi\u201d olarak bilinen mermer t\u00fcr\u00fcyle de Avrupa ve d\u00fcnya mermer piyasas\u0131nda lider marka olma yolunda h\u0131zla ilerlemektedir.<\/p><br><p>Ge\u00e7mi\u015ften gelen birikimini yepyeni boyutlara ta\u015f\u0131may\u0131 hedefleyen Burdur\u2019da mermer ihracat\u0131 en \u00e7ok \u00c7in\u2019e yap\u0131lmaktad\u0131r. \u0130\u015flenmi\u015f mamul olarak ise ABD, Kanada, Hollanda, Fransa, \u0130talya, Bel\u00e7ika, Rusya ve T\u00fcrki Cumhuriyetlere, Suudi, Arabistan, Birle\u015fik Arap Emirlikleri gibi Ortado\u011fu \u00dclkelerine ve Kore\u2019ye ihracat yap\u0131lmaktad\u0131r.<\/p><br><p>Yat\u0131r\u0131mc\u0131lar i\u00e7in cazip bir sanayi b\u00f6lgesi haline gelen Burdur\u2019da 2017 y\u0131l\u0131nda 188 Milyon Dolar, 2018 y\u0131l\u0131nda 194 Milyon Dolar, 2019 y\u0131l\u0131nda 196 Milyon Dolar, 2020 y\u0131l\u0131nda 205 milyon dolar, 2021 y\u0131l\u0131nda 291 milyon dolar, 2022 y\u0131l\u0131 ilk 11 ay\u0131nda 251 milyon dolar ihracat ger\u00e7ekle\u015ftirilmi\u015ftir.<\/p><br><p>\u0130hracat\u0131m\u0131z\u0131n b\u00fcy\u00fck b\u00f6l\u00fcm\u00fcn\u00fc mermer ihracat\u0131 olu\u015fturmaktad\u0131r. 2017 y\u0131l\u0131nda 155 Milyon Dolar, 2018 y\u0131l\u0131nda 159 Milyon Dolar, 2019 y\u0131l\u0131nda 164 Milyon Dolar ve 2020 y\u0131l\u0131nda 129 Milyon Dolar,2021 y\u0131l\u0131nda 177 milyon dolar ve 2022 y\u0131l\u0131n\u0131n ilk 11 ay\u0131nda 123 milyon dolar mermer ihracat\u0131 yap\u0131lm\u0131\u015ft\u0131r. \u0130limizden son 10 y\u0131lda toplam 1 milyar 994 milyon dolar ihracat yap\u0131lm\u0131\u015f olup, bunun 1 milyar 501 milyon dolar\u0131n\u0131 mermer ihracat\u0131 olu\u015fturmaktad\u0131r.<\/p><br><p>Kalk\u0131nma yolunda dev ad\u0131mlar atmaya devam eden Burdur\u2019da 206 Ruhsatl\u0131 Mermer Oca\u011f\u0131, 70 Aktif Ocak, 116 Mermer Fabrikas\u0131 ve At\u00f6lyesi bulunmaktad\u0131r. Sanayi sekt\u00f6r\u00fcnde \u00e7al\u0131\u015fan toplam 11.448 ki\u015fiden 6.050 si mermer sanayisinde istihdam edilmi\u015ftir. Bu say\u0131 toplam istihdam\u0131n % 53&#8217;\u00fcne denk gelmektedir.<\/p><br><p>Burdur organize sanayi b\u00f6lgelerinde toplamda 3.767 ki\u015fi istihdam edilmektedir.<\/p><br><p>Sanayinin geli\u015fmesi ve kar\u015f\u0131la\u015f\u0131lan sorunlar\u0131n \u00e7\u00f6z\u00fcm\u00fcne y\u00f6nelik ortak \u00f6neriler geli\u015ftirilmesi amac\u0131yla 2020 y\u0131l\u0131nda Burdur Mehmet Akif Ersoy \u00dcniversitesiyle i\u015fbirli\u011fi protokol\u00fc imzalanm\u0131\u015ft\u0131r. Bu protokol ile OSB ve \u00dcniversite aras\u0131nda k\u00f6pr\u00fc kurularak, sanayicilerin yapaca\u011f\u0131 \u00fcr\u00fcn geli\u015ftirme \u00e7al\u0131\u015fmalar\u0131nda ve yenilik\u00e7i \u00fcr\u00fcn ortaya konulmas\u0131nda \u00fcniversitenin bilgi ve birikiminden faydalan\u0131lmas\u0131 ama\u00e7lanmaktad\u0131r.<\/p><br><p>\u00dcretimde verimlili\u011fin artt\u0131r\u0131larak geli\u015fimin planl\u0131 \u015fekilde yap\u0131lmas\u0131 ve disiplinli \u00fcretim i\u015fleyi\u015fiyle sanayinin ekonomiye katk\u0131s\u0131n\u0131n artt\u0131r\u0131lmas\u0131 en \u00f6nemli hedeflerimiz aras\u0131nda yer almaktad\u0131r.<\/p><br><p>\u00dclkemizin kalk\u0131nmas\u0131na \u00f6nemli katk\u0131lar sa\u011flayan ve stratejik yat\u0131r\u0131mlar\u0131yla b\u00f6lgesinde yar\u0131\u015f\u0131r hale gelen Burdur, daha verimli \u00fcretim imk\u00e2nlar\u0131yla sanayisini gelece\u011fe ta\u015f\u0131yarak hizmet odakl\u0131 sanayicileri ile birlikte gelece\u011fe emin ad\u0131mlarla y\u00fcr\u00fcmektedir.<\/p><br><p>Ekonomisinin %40\u2019\u0131 s\u00fct \u00fcretimine dayal\u0131 olan Burdur, g\u00fcnl\u00fck bin tonun \u00fczerinde s\u00fct \u00fcretimi ve ayn\u0131<br \/><br>zamanda et ve s\u00fct \u00fcr\u00fcnleri ile tar\u0131m ve hayvanc\u0131l\u0131k alan\u0131nda da kendini geli\u015ftiren bir \u015fehirdir.<\/p><br><p>Yakla\u015f\u0131k 80 bin ton \u015feker \u00fcretimi ile Burdur \u015eeker Fabrikas\u0131; k\u00fcspe, melas gibi yan \u00fcr\u00fcnleriyle geli\u015fen<br \/><br>ve geni\u015f istihdam sa\u011flayan \u00f6nemli tesislerden biri olarak \u00f6n plana \u00e7\u0131kmaktad\u0131r.<\/div><\/header><div class=\"btClear btSeparator topSemiSpaced noBorder\" ><hr><\/div><\/div><\/div><div class=\"rowItem col-md-4 col-ms-12 btTextLeft\"  data-width=\"4\"><div class=\"rowItemContent\" ><\/div><\/div><\/div><\/div><\/div><\/div><\/div><\/section><section id=\"bt_section69e342b2aa17d\"  class=\"boldSection gutter \" ><div class=\"port\"><div class=\"boldCell\"><div class=\"boldCellInner\"><\/div><\/div><\/div><\/section><section id=\"bt_section69e342b2aa19d\"  class=\"boldSection gutter \" ><div class=\"port\"><div class=\"boldCell\"><div class=\"boldCellInner\"><div class=\"boldRow \" ><div class=\"boldRowInner\"><div class=\"rowItem col-md-12 col-ms-12  btTextLeft\"  data-width=\"12\"><div class=\"rowItemContent\" ><div class=\"tilesWall btGridGallery tiled  btGridGap-0 lightbox\" data-col=\"3\"><div class=\"gridSizer\"><\/div><div class=\"gridItem btGhostSliderThumb bt11\" data-order-num=\"-1\"><div class=\"btTileBox\"><div class=\"bpgPhoto \" > \r\n\t\t\t\t\t<a href=\"https:\/\/www.burdurtb.org.tr\/tr\/wp-content\/uploads\/2025\/10\/2495972397-scaled.jpg\" class=\"lightbox\" data-title=\"\"><\/a>\r\n\t\t\t\t\t<div class=\"boldPhotoBox\"><div class=\"bpbItem\"><div class = \"btImage\"><img decoding=\"async\" src=\"https:\/\/www.burdurtb.org.tr\/tr\/wp-content\/uploads\/2025\/10\/2495972397-640x640.jpg\" alt=\"\" title=\"\"><\/div><\/div><\/div>\r\n\t\t\t\t\t<div class=\"captionPane btDarkSkin btTextCenter\">\r\n\t\t\t\t\t\t<div class=\"captionTable\">\r\n\t\t\t\t\t\t\t<div class=\"captionCell\">\r\n\t\t\t\t\t\t\t\t<div class=\"captionTxt\"><\/div>\r\n\t\t\t\t\t\t\t<\/div>\r\n\t\t\t\t\t\t<\/div>\r\n\t\t\t\t\t<\/div><\/div><\/div><\/div><div class=\"gridItem btGhostSliderThumb bt11\" data-order-num=\"0\"><div class=\"btTileBox\"><div class=\"bpgPhoto \" > \r\n\t\t\t\t\t<a href=\"https:\/\/www.burdurtb.org.tr\/tr\/wp-content\/uploads\/2025\/10\/2483159649-scaled.jpg\" class=\"lightbox\" data-title=\"Dairy products. Bottles of milk, cottage cheese, yogurt, various cheese, mozzarella, butter on wooden table on meadow with grazing cows background\"><\/a>\r\n\t\t\t\t\t<div class=\"boldPhotoBox\"><div class=\"bpbItem\"><div class = \"btImage\"><img decoding=\"async\" src=\"https:\/\/www.burdurtb.org.tr\/tr\/wp-content\/uploads\/2025\/10\/2483159649-640x640.jpg\" alt=\"\" title=\"Dairy products. Bottles of milk, cottage cheese, yogurt, various cheese, mozzarella, butter on wooden table on meadow with grazing cows background\"><\/div><\/div><\/div>\r\n\t\t\t\t\t<div class=\"captionPane btDarkSkin btTextCenter\">\r\n\t\t\t\t\t\t<div class=\"captionTable\">\r\n\t\t\t\t\t\t\t<div class=\"captionCell\">\r\n\t\t\t\t\t\t\t\t<div class=\"captionTxt\"><header class=\"header btClear extrasmall\" ><div class=\"dash\"><h4><span class=\"headline\">Dairy products. Bottles of milk, cottage cheese, yogurt, various cheese, mozzarella, butter on wooden table on meadow with grazing cows background<\/span><\/h4><\/div><\/header><\/div>\r\n\t\t\t\t\t\t\t<\/div>\r\n\t\t\t\t\t\t<\/div>\r\n\t\t\t\t\t<\/div><\/div><\/div><\/div><\/div><\/div><\/div><\/div><\/div><\/div><\/div><\/div><\/section><\/p>\n","protected":false},"excerpt":{"rendered":"","protected":false},"author":10,"featured_media":0,"parent":0,"menu_order":0,"comment_status":"closed","ping_status":"closed","template":"","meta":{"footnotes":""},"class_list":["post-7604","page","type-page","status-publish","hentry"],"_links":{"self":[{"href":"https:\/\/www.burdurtb.org.tr\/tr\/wp-json\/wp\/v2\/pages\/7604","targetHints":{"allow":["GET"]}}],"collection":[{"href":"https:\/\/www.burdurtb.org.tr\/tr\/wp-json\/wp\/v2\/pages"}],"about":[{"href":"https:\/\/www.burdurtb.org.tr\/tr\/wp-json\/wp\/v2\/types\/page"}],"author":[{"embeddable":true,"href":"https:\/\/www.burdurtb.org.tr\/tr\/wp-json\/wp\/v2\/users\/10"}],"replies":[{"embeddable":true,"href":"https:\/\/www.burdurtb.org.tr\/tr\/wp-json\/wp\/v2\/comments?post=7604"}],"version-history":[{"count":1,"href":"https:\/\/www.burdurtb.org.tr\/tr\/wp-json\/wp\/v2\/pages\/7604\/revisions"}],"predecessor-version":[{"id":7615,"href":"https:\/\/www.burdurtb.org.tr\/tr\/wp-json\/wp\/v2\/pages\/7604\/revisions\/7615"}],"wp:attachment":[{"href":"https:\/\/www.burdurtb.org.tr\/tr\/wp-json\/wp\/v2\/media?parent=7604"}],"curies":[{"name":"wp","href":"https:\/\/api.w.org\/{rel}","templated":true}]}}