{"id":7639,"date":"2025-10-21T12:52:35","date_gmt":"2025-10-21T12:52:35","guid":{"rendered":"https:\/\/www.burdurtb.org.tr\/tr\/?page_id=7639"},"modified":"2025-10-21T12:52:35","modified_gmt":"2025-10-21T12:52:35","slug":"burdur-golu","status":"publish","type":"page","link":"https:\/\/www.burdurtb.org.tr\/tr\/burdur-golu\/","title":{"rendered":"Burdur G\u00f6l\u00fc"},"content":{"rendered":"<p><section id=\"bt_section69e342f448109\"  class=\"boldSection gutter \" ><div class=\"port\"><div class=\"boldCell\"><div class=\"boldCellInner\"><\/div><\/div><\/div><\/section><section id=\"bt_section69e342f448151\"  class=\"boldSection topSpaced bottomSpaced gutter boxed inherit\" style=\"background-color:#f2f1ed  !important;\"><div class=\"port\"><div class=\"boldCell\"><div class=\"boldCellInner\"><div class=\"boldRow \" ><div class=\"boldRowInner\"><div class=\"rowItem col-md-8 col-ms-12 btTextLeft animate animate-fadein inherit\"  data-width=\"8\"><div class=\"rowItemContent\" ><header class=\"header btClear large  regular\" ><div class=\"btSuperTitle\"><span>Burdur Lake<\/span><\/div><div class=\"dash\"><h2><span class=\"headline\">Burdur G\u00f6l\u00fc<\/span><\/h2><\/div><div class=\"btSubTitle\">Burdur&#8217;un kuzeydo\u011fu-g\u00fcneybat\u0131 do\u011frultusunda uzanan oluk \u015feklindeki tektonik \u00e7\u00f6k\u00fcnt\u00fcn\u00fcn sularla dolmas\u0131 ile olu\u015fmu\u015ftur. Y\u00fczey alan\u0131 160 km\u2019dir. G\u00f6l suyu olduk\u00e7a ac\u0131 ve tuzlu olup 100 metre derinli\u011fiyle T\u00fcrkiye&#8217;nin en derin g\u00f6llerinden biri olan Burdur g\u00f6l\u00fc y\u00fcze yak\u0131n ku\u015f t\u00fcr\u00fcne ve yakla\u015f\u0131k 100 bin su ku\u015funa ev sahipli\u011fi yapmaktad\u0131r. D\u00fcnyada nadir g\u00f6r\u00fclen dikkuyruk ku\u015funun k\u0131\u015flad\u0131\u011f\u0131 g\u00f6zlemlenmi\u015ftir.<\/p><br><p>G\u00f6lde macar \u00f6rde\u011fi, elmaba\u015f patka, tepeli patka, k\u0131lkuyruk ve ka\u015f\u0131kgaga \u00f6rdek t\u00fcrleri bulunmakta olup sakarca, akkuyruklu kartal ve kara iskete g\u00f6lde k\u0131\u015flayan \u00f6nemli ku\u015f t\u00fcrleridir. Bir\u00e7ok ku\u015f t\u00fcr\u00fcne g\u00f6\u00e7 yolunda ev sahipli\u011fi yapmaktad\u0131r. Bu nedenle Burdur-Fethiye istikametinde g\u00f6l\u00fcn k\u0131y\u0131s\u0131nda \u201cKu\u015f G\u00f6zlem Evi&#8221; yap\u0131larak turistlerin ve ku\u015f merakl\u0131lar\u0131n\u0131n hizmetine sunulmu\u015ftur. G\u00f6lde endemik bir t\u00fcr olan Aphanius Anatoliae bal\u0131\u011f\u0131 ya\u015famaktad\u0131r. Kapal\u0131 bir havza g\u00f6l\u00fc olan Burdur G\u00f6l\u00fc\u2019nde uygun sezonda g\u00f6l \u00fczerinde kano, k\u00fcrek, yelken, r\u00fczg\u00e2r s\u00f6rf\u00fc gibi su sporlar\u0131 ve tekne turlar\u0131 da yapma potansiyeline sahiptir.<\/p><br><p><\/div><\/header><div class=\"btClear btSeparator topSemiSpaced noBorder\" ><hr><\/div><\/div><\/div><div class=\"rowItem col-md-4 col-ms-12 btTextLeft\"  data-width=\"4\"><div class=\"rowItemContent\" ><\/div><\/div><\/div><\/div><\/div><\/div><\/div><\/section><section id=\"bt_section69e342f448551\"  class=\"boldSection gutter \" ><div class=\"port\"><div class=\"boldCell\"><div class=\"boldCellInner\"><div class=\"boldRow \" ><div class=\"boldRowInner\"><div class=\"rowItem col-md-3 col-sm-6 col-ms-12 btTextLeft\"  data-width=\"3\"><div class=\"rowItemContent\" ><\/div><\/div><div class=\"rowItem col-md-6 col-sm-12 btTextLeft\"  data-width=\"6\"><div class=\"rowItemContent\" ><div class=\"tilesWall btGridGallery tiled  btGridGap-0 lightbox\" data-col=\"3\"><div class=\"gridSizer\"><\/div><div class=\"gridItem btGhostSliderThumb bt11\" data-order-num=\"-1\"><div class=\"btTileBox\"><div class=\"bpgPhoto \" > \r\n\t\t\t\t\t<a href=\"https:\/\/www.burdurtb.org.tr\/tr\/wp-content\/uploads\/2025\/10\/DJI_0865-copy.jpg\" class=\"lightbox\" data-title=\"\"><\/a>\r\n\t\t\t\t\t<div class=\"boldPhotoBox\"><div class=\"bpbItem\"><div class = \"btImage\"><img decoding=\"async\" src=\"https:\/\/www.burdurtb.org.tr\/tr\/wp-content\/uploads\/2025\/10\/DJI_0865-copy-640x640.jpg\" alt=\"\" title=\"\"><\/div><\/div><\/div>\r\n\t\t\t\t\t<div class=\"captionPane btDarkSkin btTextCenter\">\r\n\t\t\t\t\t\t<div class=\"captionTable\">\r\n\t\t\t\t\t\t\t<div class=\"captionCell\">\r\n\t\t\t\t\t\t\t\t<div class=\"captionTxt\"><\/div>\r\n\t\t\t\t\t\t\t<\/div>\r\n\t\t\t\t\t\t<\/div>\r\n\t\t\t\t\t<\/div><\/div><\/div><\/div><div class=\"gridItem btGhostSliderThumb bt11\" data-order-num=\"0\"><div class=\"btTileBox\"><div class=\"bpgPhoto \" > \r\n\t\t\t\t\t<a href=\"https:\/\/www.burdurtb.org.tr\/tr\/wp-content\/uploads\/2025\/10\/DJI_0315-1.jpg\" class=\"lightbox\" data-title=\"\"><\/a>\r\n\t\t\t\t\t<div class=\"boldPhotoBox\"><div class=\"bpbItem\"><div class = \"btImage\"><img decoding=\"async\" src=\"https:\/\/www.burdurtb.org.tr\/tr\/wp-content\/uploads\/2025\/10\/DJI_0315-1-640x640.jpg\" alt=\"\" title=\"\"><\/div><\/div><\/div>\r\n\t\t\t\t\t<div class=\"captionPane btDarkSkin btTextCenter\">\r\n\t\t\t\t\t\t<div class=\"captionTable\">\r\n\t\t\t\t\t\t\t<div class=\"captionCell\">\r\n\t\t\t\t\t\t\t\t<div class=\"captionTxt\"><\/div>\r\n\t\t\t\t\t\t\t<\/div>\r\n\t\t\t\t\t\t<\/div>\r\n\t\t\t\t\t<\/div><\/div><\/div><\/div><\/div><\/div><\/div><div class=\"rowItem col-md-3 col-sm-6 col-ms-12 btTextLeft\"  data-width=\"3\"><div class=\"rowItemContent\" ><\/div><\/div><\/div><\/div><\/div><\/div><\/div><\/section><\/p>\n","protected":false},"excerpt":{"rendered":"","protected":false},"author":10,"featured_media":0,"parent":0,"menu_order":0,"comment_status":"closed","ping_status":"closed","template":"","meta":{"footnotes":""},"class_list":["post-7639","page","type-page","status-publish","hentry"],"_links":{"self":[{"href":"https:\/\/www.burdurtb.org.tr\/tr\/wp-json\/wp\/v2\/pages\/7639","targetHints":{"allow":["GET"]}}],"collection":[{"href":"https:\/\/www.burdurtb.org.tr\/tr\/wp-json\/wp\/v2\/pages"}],"about":[{"href":"https:\/\/www.burdurtb.org.tr\/tr\/wp-json\/wp\/v2\/types\/page"}],"author":[{"embeddable":true,"href":"https:\/\/www.burdurtb.org.tr\/tr\/wp-json\/wp\/v2\/users\/10"}],"replies":[{"embeddable":true,"href":"https:\/\/www.burdurtb.org.tr\/tr\/wp-json\/wp\/v2\/comments?post=7639"}],"version-history":[{"count":1,"href":"https:\/\/www.burdurtb.org.tr\/tr\/wp-json\/wp\/v2\/pages\/7639\/revisions"}],"predecessor-version":[{"id":7641,"href":"https:\/\/www.burdurtb.org.tr\/tr\/wp-json\/wp\/v2\/pages\/7639\/revisions\/7641"}],"wp:attachment":[{"href":"https:\/\/www.burdurtb.org.tr\/tr\/wp-json\/wp\/v2\/media?parent=7639"}],"curies":[{"name":"wp","href":"https:\/\/api.w.org\/{rel}","templated":true}]}}