{"id":7642,"date":"2025-10-21T12:54:18","date_gmt":"2025-10-21T12:54:18","guid":{"rendered":"https:\/\/www.burdurtb.org.tr\/tr\/?page_id=7642"},"modified":"2025-10-21T12:54:18","modified_gmt":"2025-10-21T12:54:18","slug":"doga-tarihi-muzesi","status":"publish","type":"page","link":"https:\/\/www.burdurtb.org.tr\/tr\/doga-tarihi-muzesi\/","title":{"rendered":"Do\u011fa Tarihi M\u00fczesi"},"content":{"rendered":"<p><section id=\"bt_section69e342f2aea1f\"  class=\"boldSection gutter \" ><div class=\"port\"><div class=\"boldCell\"><div class=\"boldCellInner\"><div class=\"boldRow \" ><div class=\"boldRowInner\"><div class=\"rowItem col-md-8 col-ms-12 btTextLeft animate animate-fadein inherit\"  data-width=\"8\"><div class=\"rowItemContent\" ><header class=\"header btClear large  regular\" ><div class=\"btSuperTitle\"><span>Natural History Museum<\/span><\/div><div class=\"dash\"><h2><span class=\"headline\">Do\u011fa Tarihi M\u00fczesi<\/span><\/h2><\/div><div class=\"btSubTitle\">\u0130limiz Merkez Zafer Mahallesi\u2019nde bulunan ve 19. y\u00fczy\u0131l\u0131n ilk yar\u0131s\u0131nda yap\u0131lm\u0131\u015f olan Rum Ortodoks Kilisesi, tarihi kaynaklara g\u00f6re Burdur&#8217;da bulundu\u011fu d\u00fc\u015f\u00fcn\u00fclen Metamorfosis Kilisesi oldu\u011fu san\u0131lmaktad\u0131r. Do\u011fu &#8211; bat\u0131 y\u00f6n\u00fcnde Ba\u011fdad\u00ee tekni\u011fiyle in\u015fa edilmi\u015f ve \u00fc\u00e7 nefli kemerli bir tavana sahiptir. Orta nef, geni\u015f ve y\u00fcksektir. Apsis ve apsis yan\u0131ndaki b\u00f6l\u00fcmler binan\u0131n d\u0131\u015f k\u0131sm\u0131na \u00e7\u0131k\u0131nt\u0131 yapm\u0131\u015ft\u0131r. Alt\u0131\u015far adet ve iki s\u0131ra s\u0131va ile kapl\u0131 s\u00fctunlar\u0131n kaideleri silindirik yivli ta\u015ft\u0131r. Ah\u015fap olan \u00e7at\u0131s\u0131n\u0131n, alaturka kiremitle \u00f6rt\u00fcl\u00fc oldu\u011fu bilinmektedir. Binan\u0131n i\u00e7 mek\u00e2n\u0131 ah\u015fap s\u00fctunlu ve ah\u015fap yap\u0131 tekni\u011fiyle yap\u0131lm\u0131\u015f iyi \u00f6rnekler aras\u0131ndad\u0131r. Tavan\u0131n d\u0131\u015f\u0131nda kalan baz\u0131 yerlerde boyal\u0131 resimler bulunmaktad\u0131r.<\/p><br><p>3\/4 Ekim 1914 Burdur &#8211; Isparta Depremi nedeniyle binada hasarlar olu\u015ftu\u011fundan yeniden elden ge\u00e7irilerek tamir edilmi\u015ftir. Bu bina, K\u00fclt\u00fcr ve Turizm Bakanl\u0131\u011f\u0131 taraf\u0131ndan 2000 y\u0131l\u0131nda, \u00f6zel m\u00fclkiyetten sat\u0131n al\u0131narak kamula\u015ft\u0131r\u0131lm\u0131\u015ft\u0131r. Harabe haline gelmi\u015f olan binan\u0131n, \u00f6ncelikle \u00e7at\u0131s\u0131 asl\u0131na uygun olarak yenilenmi\u015f, ard\u0131ndan kapsaml\u0131 bir projeyle, binan\u0131n mimari \u00f6zellikleri de hassasiyetle korunarak g\u00fc\u00e7lendirme ve restorasyon i\u015flemleri yap\u0131lm\u0131\u015ft\u0131r.<\/p><br><p>11 Mart 2016 tarihinde \u201cDo\u011fa Tarihi M\u00fczesi\u201d ismiyle kamu hizmetine a\u00e7\u0131lm\u0131\u015ft\u0131r.<\/p><br><p>G\u00fcney Fili:<\/p><br><p>D\u00fcnyada nadir bulunan, 10 milyon y\u0131ll\u0131k bir dev G\u00fcney Fili&#8217;nin 3.30 metre uzunlu\u011fundaki ve 100 kg a\u011f\u0131rl\u0131\u011f\u0131ndaki savunma di\u015fi ve k\u00fcrek kemikleri Kemer il\u00e7esi Elmac\u0131k k\u00f6y\u00fcnde g\u00fcn y\u00fcz\u00fcne \u00e7\u0131kar\u0131lm\u0131\u015ft\u0131r. D\u00fcnyadaki benzerleri aras\u0131nda bilinen en ya\u015fl\u0131 G\u00fcney Fili, Burdur Do\u011fa Tarihi M\u00fczesi\u2019nde sergilenmektedir.<\/div><\/header><div class=\"btClear btSeparator topSemiSpaced noBorder\" ><hr><\/div><\/div><\/div><div class=\"rowItem col-md-4 col-ms-12 btTextLeft\"  data-width=\"4\"><div class=\"rowItemContent\" ><\/div><\/div><\/div><\/div><\/div><\/div><\/div><\/section><section id=\"bt_section69e342f2aed72\"  class=\"boldSection gutter \" ><div class=\"port\"><div class=\"boldCell\"><div class=\"boldCellInner\"><div class=\"boldRow \" ><div class=\"boldRowInner\"><div class=\"rowItem col-md-3 col-sm-6 col-ms-12 btTextLeft\"  data-width=\"3\"><div class=\"rowItemContent\" ><\/div><\/div><div class=\"rowItem col-md-6 col-sm-12 btTextLeft\"  data-width=\"6\"><div class=\"rowItemContent\" ><div class=\"tilesWall btGridGallery tiled  btGridGap-0 lightbox\" data-col=\"3\"><div class=\"gridSizer\"><\/div><div class=\"gridItem btGhostSliderThumb bt11\" data-order-num=\"-1\"><div class=\"btTileBox\"><div class=\"bpgPhoto \" > \r\n\t\t\t\t\t<a href=\"https:\/\/www.burdurtb.org.tr\/tr\/wp-content\/uploads\/2025\/10\/resized_c5427-A763152_02.jpg\" class=\"lightbox\" data-title=\"\"><\/a>\r\n\t\t\t\t\t<div class=\"boldPhotoBox\"><div class=\"bpbItem\"><div class = \"btImage\"><img decoding=\"async\" src=\"https:\/\/www.burdurtb.org.tr\/tr\/wp-content\/uploads\/2025\/10\/resized_c5427-A763152_02.jpg\" alt=\"\" title=\"\"><\/div><\/div><\/div>\r\n\t\t\t\t\t<div class=\"captionPane btDarkSkin btTextCenter\">\r\n\t\t\t\t\t\t<div class=\"captionTable\">\r\n\t\t\t\t\t\t\t<div class=\"captionCell\">\r\n\t\t\t\t\t\t\t\t<div class=\"captionTxt\"><\/div>\r\n\t\t\t\t\t\t\t<\/div>\r\n\t\t\t\t\t\t<\/div>\r\n\t\t\t\t\t<\/div><\/div><\/div><\/div><div class=\"gridItem btGhostSliderThumb bt11\" data-order-num=\"0\"><div class=\"btTileBox\"><div class=\"bpgPhoto \" > \r\n\t\t\t\t\t<a href=\"https:\/\/www.burdurtb.org.tr\/tr\/wp-content\/uploads\/2025\/10\/353881burdur-burdur-dogatarihimuzesi01jpg.jpg\" class=\"lightbox\" data-title=\"\"><\/a>\r\n\t\t\t\t\t<div class=\"boldPhotoBox\"><div class=\"bpbItem\"><div class = \"btImage\"><img decoding=\"async\" src=\"https:\/\/www.burdurtb.org.tr\/tr\/wp-content\/uploads\/2025\/10\/353881burdur-burdur-dogatarihimuzesi01jpg.jpg\" alt=\"\" title=\"\"><\/div><\/div><\/div>\r\n\t\t\t\t\t<div class=\"captionPane btDarkSkin btTextCenter\">\r\n\t\t\t\t\t\t<div class=\"captionTable\">\r\n\t\t\t\t\t\t\t<div class=\"captionCell\">\r\n\t\t\t\t\t\t\t\t<div class=\"captionTxt\"><\/div>\r\n\t\t\t\t\t\t\t<\/div>\r\n\t\t\t\t\t\t<\/div>\r\n\t\t\t\t\t<\/div><\/div><\/div><\/div><\/div><\/div><\/div><div class=\"rowItem col-md-3 col-sm-6 col-ms-12 btTextLeft\"  data-width=\"3\"><div class=\"rowItemContent\" ><\/div><\/div><\/div><\/div><\/div><\/div><\/div><\/section><\/p>\n","protected":false},"excerpt":{"rendered":"","protected":false},"author":10,"featured_media":0,"parent":0,"menu_order":0,"comment_status":"closed","ping_status":"closed","template":"","meta":{"footnotes":""},"class_list":["post-7642","page","type-page","status-publish","hentry"],"_links":{"self":[{"href":"https:\/\/www.burdurtb.org.tr\/tr\/wp-json\/wp\/v2\/pages\/7642","targetHints":{"allow":["GET"]}}],"collection":[{"href":"https:\/\/www.burdurtb.org.tr\/tr\/wp-json\/wp\/v2\/pages"}],"about":[{"href":"https:\/\/www.burdurtb.org.tr\/tr\/wp-json\/wp\/v2\/types\/page"}],"author":[{"embeddable":true,"href":"https:\/\/www.burdurtb.org.tr\/tr\/wp-json\/wp\/v2\/users\/10"}],"replies":[{"embeddable":true,"href":"https:\/\/www.burdurtb.org.tr\/tr\/wp-json\/wp\/v2\/comments?post=7642"}],"version-history":[{"count":1,"href":"https:\/\/www.burdurtb.org.tr\/tr\/wp-json\/wp\/v2\/pages\/7642\/revisions"}],"predecessor-version":[{"id":7644,"href":"https:\/\/www.burdurtb.org.tr\/tr\/wp-json\/wp\/v2\/pages\/7642\/revisions\/7644"}],"wp:attachment":[{"href":"https:\/\/www.burdurtb.org.tr\/tr\/wp-json\/wp\/v2\/media?parent=7642"}],"curies":[{"name":"wp","href":"https:\/\/api.w.org\/{rel}","templated":true}]}}